{"id":677,"date":"2022-09-06T11:23:05","date_gmt":"2022-09-06T11:23:05","guid":{"rendered":"https:\/?page_id=677"},"modified":"2025-06-26T11:54:42","modified_gmt":"2025-06-26T10:54:42","slug":"politica-de-cookies","status":"publish","type":"page","link":"https:\/\/pharmaceuticalinnovation.es\/es\/politica-de-cookies\/","title":{"rendered":"Pol\u00edtica de cookies"},"content":{"rendered":"<p>[et_pb_section fb_built=\u201d1\u2033 _builder_version=\u201d4.16\u2033 _module_preset=\u201ddefault\u201d global_colors_info=\u201d{}\u201d][et_pb_row _builder_version=\u201d4.16\u2033 _module_preset=\u201ddefault\u201d global_colors_info=\u201d{}\u201d][et_pb_column type=\u201d4_4\u2033 _builder_version=\u201d4.16\u2033 _module_preset=\u201ddefault\u201d global_colors_info=\u201d{}\u201d][et_pb_text _builder_version=\u201d4.16\u2033 _module_preset=\u201ddefault\u201d global_colors_info=\u201d{}\u201d]<\/p>\n<h4>POL\u00cdTICA DE COOKIES<\/h4>\n<p class=\"p1\">Las cookies de internet son peque\u00f1os archivos que se descargan en los dispositivos inform\u00e1ticos al acceder a ciertas p\u00e1ginas web. Las cookies permiten a los sitios web, entre otras cosas, almacenar y recuperar informaci\u00f3n sobre los h\u00e1bitos de navegaci\u00f3n del usuario o el tipo de dispositivo utilizado. Dependiendo de la informaci\u00f3n contenida en las cookies y del uso del dispositivo, es posible que se reconozca el dispositivo.<\/p>\n<p>Sin embargo, la informaci\u00f3n obtenida se limita a aquella relacionada con el n\u00famero de p\u00e1ginas visitadas, la ciudad a la que est\u00e1 asignada la direcci\u00f3n IP desde la que se accede, el n\u00famero de nuevos usuarios, la frecuencia y reincidencia de las visitas, el tiempo de visita, el navegador o el operador o tipo de terminal desde el que se realiza la visita. En ning\u00fan caso se obtienen datos sobre el nombre, apellidos o direcci\u00f3n postal de los usuarios.<\/p>\n<p>\u00bfUtilizamos cookies?<\/p>\n<p class=\"translation-block\">S\u00ed. Las cookies son peque\u00f1os archivos que un sitio web o una operadora de servicios transfiere al disco duro de su ordenador a trav\u00e9s de su navegador web (si lo permite). Permiten que los sitios web o los sistemas de las operadoras de servicios reconozcan su navegador y retengan y recuerden cierta informaci\u00f3n. Usamos cookies para ayudarnos a recordar y procesar los art\u00edculos de su carrito de compras, comprender y guardar sus preferencias para futuras visitas, realizar un seguimiento de los anuncios y recopilar datos agregados sobre el tr\u00e1fico del Sitio Web e interacciones entre USUARIOS. Esto nos ayuda para ofrecer mejores experiencias y herramientas en el futuro.<\/p>\n<p class=\"translation-block\">Podemos trabajar con proveedores de servicios externos para ayudarnos a comprender mejor a los visitantes de nuestro Sitio Web. Estos proveedores de servicios \u00fanicamente pueden usar la informaci\u00f3n recopilada en representaci\u00f3n nuestra, y tienen prohibido usarla con otras intenciones o prop\u00f3sitos. Si lo prefiere, puede elegir que su ordenador le avise cada vez que se env\u00eda una cookie, o puede optar por desactivar todas las cookies a trav\u00e9s de la configuraci\u00f3n de su navegador. Como en la mayor\u00eda de los sitios web, si desactiva las cookies es posible que algunos de nuestros servicios no funcionen correctamente. Sin embargo, puede realizar pedidos comunic\u00e1ndose con el servicio de atenci\u00f3n al cliente.<\/p>\n<p class=\"p1\"><span style=\"text-decoration: underline;\"><span class=\"s1\">Google analytics<\/span><\/span><\/p>\n<p class=\"p1 translation-block\">Utilizamos Google Analytics en nuestra Web para generar informes an\u00f3nimos sobre el uso del Sitio Web y para la publicidad en el mismo. Si desea excluirse de Google Analytics para monitorizar su comportamiento en nuestro Sitio Web, utilice este enlace (https:\/\/tools.google.com\/dlpage\/gaoptout\/)<\/p>\n<p class=\"p1\"><span style=\"text-decoration: underline;\"><span class=\"s1\">\u00bfRevelamos alguna informaci\u00f3n a terceros?<\/span><\/span><\/p>\n<p class=\"p1 translation-block\">No vendemos, comercializamos ni transferimos de otro modo su informaci\u00f3n de identificaci\u00f3n personal a terceros. Esto no incluye a los terceros de confianza que nos ayudan a operar nuestro Sitio Web, realizar nuestro negocio o brindarle servicios, siempre que dichas partes acepten mantener esta informaci\u00f3n confidencial. Tambi\u00e9n podemos divulgar su informaci\u00f3n cuando creamos que la divulgaci\u00f3n es apropiada para cumplir con la ley, hacer cumplir las pol\u00edticas de nuestro Sitio Web  o proteger nuestros derechos, propiedad o seguridad de otros. Sin embargo, se puede proporcionar informaci\u00f3n de visitantes que no identifica personalmente a otras partes para fines de marketing, publicidad u otros usos.<\/p>\n<p class=\"p2\">\n<p class=\"p1\">Puede permitir, bloquear o eliminar las cookies instaladas en su equipo mediante la configuraci\u00f3n de las opciones del navegador. Puede encontrar informaci\u00f3n sobre c\u00f3mo hacerlo, en relaci\u00f3n con los navegadores m\u00e1s habituales, en los enlaces que se incluyen a continuaci\u00f3n:<\/p>\n<p class=\"p1\"><strong>Explorador:<\/strong> http:\/\/windows.microsoft.com\/es-es\/windows7\/how-to-manage-cookies-in-internet-explorer-9<\/p>\n<p class=\"p1\"><strong>Firefox:<\/strong> http:\/\/support.mozilla.org\/es\/products\/firefox\/cookies<\/p>\n<p class=\"p1\"><strong>Cromo:<\/strong><span class=\"Apple-converted-space\"><strong>\u00a0<\/strong> <\/span>http:\/\/support.google.com\/chrome\/bin\/answer.py?hl=es&amp;answer=95647<\/p>\n<p class=\"p1\"><strong>Safari:<\/strong> http:\/\/support.apple.com\/kb\/ph5042i<\/p>\n<p class=\"p3 translation-block\">Le informamos, no obstante, de la posibilidad de que la desactivaci\u00f3n de alguna cookie impida o dificulte la navegaci\u00f3n o la prestaci\u00f3n de los servicios ofrecidos en este Sitio Web.<\/p>\n<p>[\/et_pb_text][\/et_pb_column][\/et_pb_row][\/et_pb_section]<\/p>","protected":false},"excerpt":{"rendered":"<p>POL\u00cdTICA DE COOKIES: Las cookies de internet son peque\u00f1os archivos que se descargan en los dispositivos inform\u00e1ticos al acceder a determinadas p\u00e1ginas web. Las cookies permiten a los sitios web, entre otras cosas, almacenar y recuperar informaci\u00f3n sobre los h\u00e1bitos de navegaci\u00f3n del usuario o el tipo de dispositivo que utiliza. Dependiendo de la informaci\u00f3n contenida en las cookies y de c\u00f3mo [\u2026]<\/p>","protected":false},"author":1,"featured_media":0,"parent":0,"menu_order":0,"comment_status":"closed","ping_status":"closed","template":"","meta":{"_et_pb_use_builder":"on","_et_pb_old_content":"","_et_gb_content_width":"","footnotes":""},"class_list":["post-677","page","type-page","status-publish","hentry"],"_links":{"self":[{"href":"https:\/\/pharmaceuticalinnovation.es\/es\/wp-json\/wp\/v2\/pages\/677","targetHints":{"allow":["GET"]}}],"collection":[{"href":"https:\/\/pharmaceuticalinnovation.es\/es\/wp-json\/wp\/v2\/pages"}],"about":[{"href":"https:\/\/pharmaceuticalinnovation.es\/es\/wp-json\/wp\/v2\/types\/page"}],"author":[{"embeddable":true,"href":"https:\/\/pharmaceuticalinnovation.es\/es\/wp-json\/wp\/v2\/users\/1"}],"replies":[{"embeddable":true,"href":"https:\/\/pharmaceuticalinnovation.es\/es\/wp-json\/wp\/v2\/comments?post=677"}],"version-history":[{"count":4,"href":"https:\/\/pharmaceuticalinnovation.es\/es\/wp-json\/wp\/v2\/pages\/677\/revisions"}],"predecessor-version":[{"id":1598,"href":"https:\/\/pharmaceuticalinnovation.es\/es\/wp-json\/wp\/v2\/pages\/677\/revisions\/1598"}],"wp:attachment":[{"href":"https:\/\/pharmaceuticalinnovation.es\/es\/wp-json\/wp\/v2\/media?parent=677"}],"curies":[{"name":"Gracias","href":"https:\/\/api.w.org\/{rel}","templated":true}]}}