{"id":672,"date":"2022-09-06T11:20:31","date_gmt":"2022-09-06T11:20:31","guid":{"rendered":"https:\/?page_id=672"},"modified":"2025-06-26T11:51:05","modified_gmt":"2025-06-26T10:51:05","slug":"politica-de-privacidad","status":"publish","type":"page","link":"https:\/\/pharmaceuticalinnovation.es\/es\/politica-de-privacidad\/","title":{"rendered":"pol\u00edtica de privacidad"},"content":{"rendered":"<p>[et_pb_section fb_built=\u201d1\u2033 _builder_version=\u201d4.16\u2033 _module_preset=\u201dpredeterminado\u201d global_colors_info=\u201d{}\u201d][et_pb_row _builder_version=\u201d4.16\u2033 _module_preset=\u201dpredeterminado\u201d global_colors_info=\u201d{}\u201d][et_pb_column type=\u201d4_4\u2033 _builder_version=\u201d4.16\u2033 _module_preset=\u201dpredeterminado\u201d global_colors_info=\u201d{}\u201d][et_pb_text _builder_version=\u201d4.16\u2033 _module_preset=\u201dpredeterminado\u201d custom_padding=\u201d||0px|||\u201d global_colors_info=\u201d{}\u201d]<\/p>\n<h4>POL\u00cdTICA DE PRIVACIDAD<\/h4>\n<p class=\"p1\">\n<p class=\"p1\">A trav\u00e9s del mismo, Pharmaceutical Innovation Services, S.L. informa a los usuarios del Sitio Web <b>https:\/\/www.pharmaceuticalinnovation.es\/ <\/b>de su Pol\u00edtica de Privacidad y describe qu\u00e9 datos recoge, c\u00f3mo los utiliza, las opciones de los usuarios en relaci\u00f3n con estos datos, sus derechos , la seguridad de sus datos, las comunicaciones comerciales y  posibles modificaciones de la pol\u00edtica.<\/p>\n<p>En el tratamiento de datos personales, Pharmaceutical Innovation Services, S.L. <span class=\"s1\">garantiza<\/span> el cumplimiento del Reglamento (UE) 2016\/679 del Parlamento Europeo y del Consejo relativo a la protecci\u00f3n de las personas f\u00edsicas. La presente norma tiene por objeto garantizar y proteger, en lo que respecta al tratamiento de datos personales, las libertades p\u00fablicas y <span class=\"s1\">derechos fundamentales de las personas f\u00edsicas y<\/span>,<span class=\"s1\"> en particular, su honor e intimidad personal<\/span> <span class=\"s1\">y familiar.<\/span><\/p>\n<p class=\"translation-block\">La utilizaci\u00f3n del Sitio Web https:\/\/www.pharmaceuticalinnovation.es\/ y de cualquiera de los servicios incorporados en la web implica la aceptaci\u00f3n de las condiciones que a continuaci\u00f3n se presentan.<\/p>\n<p>No obstante, Pharmaceutical Innovation Services, S.L. se reserva el derecho de modificar esta Pol\u00edtica de Protecci\u00f3n de Datos en cualquier momento, con el fin de adaptarla en funci\u00f3n  de cambios en sus actividades o para el cumplimiento de nuevas normativas aplicables.<\/p>\n<p class=\"translation-block\">Pharmaceutical Innovation Services, S.L. garantiza en todo momento el cumplimiento \u00edntegro y \u00edntegro de las obligaciones dispuestas por la normativa en materia de Protecci\u00f3n de Datos y servicios de la Sociedad de la Informaci\u00f3n, as\u00ed como por cualquier otra Ley o reglamento que complemente o sustituya a las anteriores.<\/p>\n<p class=\"p1\"><span style=\"text-decoration: underline;\"><span class=\"s1\">Responsable del tratamiento<\/span><\/span><\/p>\n<p class=\"p1 translation-block\">Los datos personales recabados a trav\u00e9s de este Sitio Web ser\u00e1n incorporados al sistema de tratamiento bajo la responsabilidad de Pharmaceutical Innovation Services, S.L, empresa espa\u00f1ola con domicilio en C\/ Luis Mart\u00ednez Feduchi, 32, \u00c1tico A,  28055 Madrid con n\u00famero CIF B85793164 (en adelante, Pharmaceutical Innovation Services, S.L.).<\/p>\n<p class=\"p1\"><span style=\"text-decoration: underline;\"><span class=\"s1\">Finalidad del tratamiento y calidad de los datos<\/span><\/span><\/p>\n<p class=\"p1\">Se informa que los datos personales solicitados en nuestros formularios o que nos puedan facilitar a trav\u00e9s de direcciones de correo electr\u00f3nico, ser\u00e1n incluidos en nuestro sistema de tratamiento de datos personales, cuyo responsable y titular es Pharmaceutical Innovation Services, S.L..<\/p>\n<p class=\"p1\">Todos los datos recabados ser\u00e1n tratados con la debida confidencialidad siguiendo la normativa vigente en materia de protecci\u00f3n de datos personales, seg\u00fan el Reglamento (UE) 2016\/679 del Parlamento Europeo y del Consejo.<\/p>\n<p class=\"p1\">Este Sitio Web se rige por la normativa exclusivamente aplicable al Estado espa\u00f1ol, a la que est\u00e1n sujetas los USUARIOS, tanto nacionales como extranjeros.<\/p>\n<p class=\"p1\">Los datos que solicitamos son adecuados, espec\u00edficos y necesarios para la finalidad para la que se recogen, y no ser\u00e1n utilizados con otro uso distinto a aquel al que han sido cedidos.<\/p>\n<p class=\"p1\">Salvo que se indique expresamente, se considerar\u00e1 necesaria la cumplimentaci\u00f3n de todos los campos del formulario. Estos datos ofrecidos por el usuario deber\u00e1n ser verdaderos, exactos, completos y actualizados.<\/p>\n<p class=\"p1 translation-block\">El USUARIO ser\u00e1 el \u00fanico responsable de cualquier da\u00f1o o perjuicio, directo o indirecto, que cause a Pharmaceutical Innovation Services, S.L. a cualquier tercero, por la cumplimentaci\u00f3n de los formularios con datos falsos, inexactos, incompletos o desactualizados.<\/p>\n<p class=\"p1 translation-block\">Nuestro Sitio Web obtiene datos personales a trav\u00e9s de la recepci\u00f3n de formularios y de correo electr\u00f3nico, con las siguientes finalidades:<\/p>\n<p class=\"p1\">Gesti\u00f3n de usuarios: para atender a solicitud de informaci\u00f3n y prestaci\u00f3n de los servicios ofrecidos en Pharmaceutical Innovation Services, S.L..<\/p>\n<p class=\"translation-block\">Finalidades comerciales: cuando el USUARIO env\u00eda datos personales y direcci\u00f3n de correo electr\u00f3nico a Pharmaceutical Innovation Services, S.L., y autoriza expresamente el env\u00edo de comunicaciones publicitarias que puedan ser de su inter\u00e9s.<\/p>\n<p class=\"p1\"><span style=\"text-decoration: underline;\"><span class=\"s1\">Recopilaci\u00f3n de informaci\u00f3n<\/span><\/span><\/p>\n<p class=\"p1\">Recopilamos informaci\u00f3n en dos categor\u00edas generales:<\/p>\n<p class=\"p1\">1. Informaci\u00f3n que usted nos proporciona.<\/p>\n<p class=\"p1 translation-block\">Pharmaceutical Innovation Services, S.L. recoge y solicita determinados datos de car\u00e1cter personal para el uso y correcto funcionamiento del Sitio Web. Sin estos datos es posible que no se puedan prestar todos los servicios solicitados.<\/p>\n<p class=\"p1\">Esto incluye, pero no se limita, a suscripci\u00f3n a newsletters online, publicaciones f\u00edsicas y comunicaciones comerciales y promocionales relacionadas con los servicios de Pharmaceutical Innovation Services, S.L., para las que se solicita consentimiento expreso registr\u00e1ndose a tal efecto.<\/p>\n<p class=\"p1 translation-block\">Al registrarse o rellenar alg\u00fan formulario en el Sitio Web, se requerir\u00e1n ciertos datos como nombre, apellidos, direcci\u00f3n de correo electr\u00f3nico, etc.\nPuede optar por proporcionarnos m\u00e1s informaci\u00f3n completando un formulario de contacto o contact\u00e1ndonos directamente a trav\u00e9s de la direcci\u00f3n de correo electr\u00f3nico.<\/p>\n<p class=\"p1\">2. Informaci\u00f3n que recopilamos de terceros<\/p>\n<p class=\"p1\">Cuando accede a nuestro Sitio Web, es posible que recopilemos informaci\u00f3n de terceros.<\/p>\n<p>[\/et_pb_text][\/et_pb_column][\/et_pb_row][\/et_pb_section]<\/p>","protected":false},"excerpt":{"rendered":"<p>POL\u00cdTICA DE PRIVACIDAD Esta Pol\u00edtica de Privacidad informa a los usuarios del sitio web https:\/\/www.pharmaceuticalinnovation.es\/ sobre los datos recopilados, su uso, las opciones del usuario con respecto a estos datos, sus derechos, la seguridad de los datos, las comunicaciones comerciales y cualquier posible modificaci\u00f3n de la pol\u00edtica. En el tratamiento de datos personales, Pharmaceutical Innovation Services, SL garantiza el cumplimiento del Reglamento (UE) 2016\/679 del Parlamento Europeo y del Consejo [\u2026]<\/p>","protected":false},"author":1,"featured_media":0,"parent":0,"menu_order":0,"comment_status":"closed","ping_status":"closed","template":"","meta":{"_et_pb_use_builder":"on","_et_pb_old_content":"","_et_gb_content_width":"","footnotes":""},"class_list":["post-672","page","type-page","status-publish","hentry"],"_links":{"self":[{"href":"https:\/\/pharmaceuticalinnovation.es\/es\/wp-json\/wp\/v2\/pages\/672","targetHints":{"allow":["GET"]}}],"collection":[{"href":"https:\/\/pharmaceuticalinnovation.es\/es\/wp-json\/wp\/v2\/pages"}],"about":[{"href":"https:\/\/pharmaceuticalinnovation.es\/es\/wp-json\/wp\/v2\/types\/page"}],"author":[{"embeddable":true,"href":"https:\/\/pharmaceuticalinnovation.es\/es\/wp-json\/wp\/v2\/users\/1"}],"replies":[{"embeddable":true,"href":"https:\/\/pharmaceuticalinnovation.es\/es\/wp-json\/wp\/v2\/comments?post=672"}],"version-history":[{"count":7,"href":"https:\/\/pharmaceuticalinnovation.es\/es\/wp-json\/wp\/v2\/pages\/672\/revisions"}],"predecessor-version":[{"id":1596,"href":"https:\/\/pharmaceuticalinnovation.es\/es\/wp-json\/wp\/v2\/pages\/672\/revisions\/1596"}],"wp:attachment":[{"href":"https:\/\/pharmaceuticalinnovation.es\/es\/wp-json\/wp\/v2\/media?parent=672"}],"curies":[{"name":"Gracias","href":"https:\/\/api.w.org\/{rel}","templated":true}]}}