{"id":665,"date":"2022-09-06T11:16:55","date_gmt":"2022-09-06T11:16:55","guid":{"rendered":"https:\/?page_id=665"},"modified":"2025-06-26T11:28:41","modified_gmt":"2025-06-26T10:28:41","slug":"consejo-legal","status":"publish","type":"page","link":"https:\/\/pharmaceuticalinnovation.es\/es\/consejo-legal\/","title":{"rendered":"Consejo legal"},"content":{"rendered":"<p>[et_pb_section fb_built=\u201d1\u2033 _builder_version=\u201d4.27.4\u2033 _module_preset=\u201ddefault\u201d global_colors_info=\u201d{}\u201d][et_pb_row _builder_version=\u201d4.16\u2033 _module_preset=\u201ddefault\u201d global_colors_info=\u201d{}\u201d][et_pb_column type=\u201d4_4\u2033 _builder_version=\u201d4.16\u2033 _module_preset=\u201ddefault\u201d global_colors_info=\u201d{}\u201d][et_pb_text _builder_version=\u201d4.27.4\u2033 _module_preset=\u201ddefault\u201d global_colors_info=\u201d{}\u201d]<\/p>\n<h4>AVISO LEGAL<\/h4>\n<p><span style=\"text-decoration: underline;\"><strong>Datos de identificaci\u00f3n<\/strong><\/span><br \/>En cumplimiento con las obligaci\u00f3nes legales de informaci\u00f3n recogidas en el art\u00edculo 10 de la Ley 34\/2002, del 11 de julio, de Servicios de la Sociedad de la Informaci\u00f3n y del Comercio Electr\u00f3nico, a continuaci\u00f3n se reflejan los siguientes datos: La empresa propietaria de https:\/\/www.pharmaceuticalinnovation .es\/ (en adelante, el Sitio Web) es Pharmaceutical Innovation Services, S.L. con domicilio en C\/ Luis Mart\u00ednez Feduchi, 32, \u00c1tico A, 28055 Madrid, Espa\u00f1a, con n\u00famero de CIF: B85793164 (en adelante, Pharmaceutical Innovation Services, S.L.).<\/p>\n<p><span style=\"text-decoration: underline;\"><strong>Usuarios<\/strong><\/span><br \/>El acceso y\/o uso a la web de Pharmaceutical Innovation Services, S.L. atribuye la condici\u00f3n de USUARIO, que acepta, desde dicho acceso y\/o uso, las Condiciones Generales de Uso aqu\u00ed reflejadas. Estas condiciones se aplicar\u00e1n independientemente de las Condiciones Generales de Contrataci\u00f3n que, en su caso, ser\u00e1n de obligado cumplimiento.<\/p>\n<p><span style=\"text-decoration: underline;\"><strong>Uso del sitio web<\/strong><\/span><br \/>El USUARIO se compromete a hacer uso del Sitio Web, sus condiciones, servicios que puedan ofrecerse y contenidos de conformidad con la Ley, la moral, las buenas costumbres y el orden p\u00fablico. El USUARIO no utilizar\u00e1 el Sitio Web de manera que pueda perjudicar a Pharmaceutical Innovation Services, S.L. o a terceros, ni de forma que pueda da\u00f1ar, inutilizar o deteriorar la funcionalidad del Sitio Web o sus servicios, o impedir un normal disfrute del Sitio Web por parte de otros USUARIOS.<\/p>\n<p>El USUARIO se compromete a no transmitir, introducir, difundir o poner a disposici\u00f3n de terceros cualquier material o informaci\u00f3n (como programas, virus, macros, applets, controles ActiveX, datos, contenidos, dibujos, archivos de sonido e imagen, etc.) que sea il\u00edcito, atente contra el orden p\u00fablico o que cause o sea susceptible de causar cualquier da\u00f1o a los sistemas inform\u00e1ticos.<\/p>\n<p>Con car\u00e1cter general, para hacer uso del Sitio Web, los menores deber\u00e1n haber obtenido previamente la autorizaci\u00f3n de sus padres, tutores o representantes legales, quienes ser\u00e1n responsables de todos los actos realizados en el Sitio Web por los menores a su cargo. En aquellos servicios en los que as\u00ed se indique expresamente, el acceso quedar\u00e1 restringido \u00fanica y exclusivamente a personas mayores de 14 a\u00f1os.<\/p>\n<p><span style=\"text-decoration: underline;\"><strong>Protecci\u00f3n de Datos<\/strong><\/span><br \/>Pharmaceutical Innovation Services, S.L. cumple con el Reglamento (UE) 2016\/279 del Parlamento Europeo y del Consejo relativo a la protecci\u00f3n de las personas f\u00edsicas en lo que respecta al tratamiento de datos personales y a la libre circulaci\u00f3n de estos datos, y con cualquier normativa vigente aplicable.  Adem\u00e1s, garantiza el correcto uso y tratamiento de los datos personales del usuario. Para ello, junto con cada formulario de recogida de datos de car\u00e1cter personal, en los servicios que el USUARIO pueda solicitar a Pharmaceutical Innovation Services, S.L., se informar\u00e1 al USUARIO de la existencia y aceptaci\u00f3n de las condiciones particulares del tratamiento de sus datos en cada caso, inform\u00e1ndole de los detalles del responsable del tratamiento de datos, la posibilidad de ejercer sus derechos en protecci\u00f3n de datos, la finalidad del tratamiento de datos y las comunicaciones de datos a terceros, en su caso. Asimismo, Pharmaceutical Innovation Services, S.L. informa que da cumplimiento a la Ley 34\/2002, del 11 de julio, de Servicios de la Sociedad de la Informaci\u00f3n y de Comercio Electr\u00f3nico y le solicitar\u00e1 su consentimiento en cada momento para el tratamiento de su correo electr\u00f3nico con fines comerciales.<\/p>\n<p><strong><span style=\"text-decoration: underline;\">Propiedad Intelectual e Industrial<\/span><\/strong><br \/>Pharmaceutical Innovation Services, S.L. por s\u00ed misma o como cesionaria, es propietaria de todos los derechos de propiedad intelectual e industrial de su Sitio Web as\u00ed como de los elementos o contenidos de la misma (im\u00e1genes, sonido, audio, v\u00eddeo, software, textos, marcas o logotipos, combinaci\u00f3n de colores, estructura y dise\u00f1o, selecci\u00f3n de materiales utilizados y programas de ordenador necesarios para su funcionamiento y acceso). En virtud de lo dispuesto en los art\u00edculos 8 y 32.1, p\u00e1rrafo segundo, de la Ley de Propiedad Intelectual, quedan expresamente prohibidas la reproducci\u00f3n, distribuci\u00f3n y comunicaci\u00f3n p\u00fablica, incluida su modalidad de puesta a disposici\u00f3n, de la totalidad o parte de los contenidos de este Sitio Web con fines comerciales, en cualquier soporte y por cualquier medio t\u00e9cnico, sin la autorizaci\u00f3n de Pharmaceutical Innovation Services, S.L. El USUARIO se compromete a respetar los derechos de Propiedad Intelectual e Industrial propios de Pharmaceutical Innovation Services, S.L. Podr\u00e1 visualizar los elementos del Sitio Web e incluso imprimirlos, copiarlos y almacenarlos en el disco duro de su ordenador o en cualquier otro soporte f\u00edsico siempre que sea \u00fanica y exclusivamente para su uso personal y privado. El USUARIO deber\u00e1 abstenerse de suprimir, alterar, eludir o manipular cualquier dispositivo de protecci\u00f3n o sistema de seguridad que estuviera instalado en el Sitio Web.<\/p>\n<p class=\"p1\">\n<p>[\/et_pb_text][\/et_pb_column][\/et_pb_row][\/et_pb_section]<\/p>","protected":false},"excerpt":{"rendered":"<p>AVISO LEGAL Datos de Identificaci\u00f3nEn cumplimiento con el deber de informaci\u00f3n establecido en el art\u00edculo 10 de la Ley 34\/2002, de 11 de julio, de Servicios de la Sociedad de la Informaci\u00f3n y del Comercio Electr\u00f3nico, a continuaci\u00f3n se facilitan los siguientes datos: La empresa titular del sitio web https:\/\/www.pharmaceuticalinnovation.es\/ (en adelante, el Sitio Web) es Pharmaceutical Innovation Services, SL, con domicilio en C\/ Luis Mart\u00ednez Feduchi, 32, \u00c1tico [\u2026]<\/p>","protected":false},"author":1,"featured_media":0,"parent":0,"menu_order":0,"comment_status":"closed","ping_status":"closed","template":"","meta":{"_et_pb_use_builder":"on","_et_pb_old_content":"","_et_gb_content_width":"","footnotes":""},"class_list":["post-665","page","type-page","status-publish","hentry"],"_links":{"self":[{"href":"https:\/\/pharmaceuticalinnovation.es\/es\/wp-json\/wp\/v2\/pages\/665","targetHints":{"allow":["GET"]}}],"collection":[{"href":"https:\/\/pharmaceuticalinnovation.es\/es\/wp-json\/wp\/v2\/pages"}],"about":[{"href":"https:\/\/pharmaceuticalinnovation.es\/es\/wp-json\/wp\/v2\/types\/page"}],"author":[{"embeddable":true,"href":"https:\/\/pharmaceuticalinnovation.es\/es\/wp-json\/wp\/v2\/users\/1"}],"replies":[{"embeddable":true,"href":"https:\/\/pharmaceuticalinnovation.es\/es\/wp-json\/wp\/v2\/comments?post=665"}],"version-history":[{"count":5,"href":"https:\/\/pharmaceuticalinnovation.es\/es\/wp-json\/wp\/v2\/pages\/665\/revisions"}],"predecessor-version":[{"id":1589,"href":"https:\/\/pharmaceuticalinnovation.es\/es\/wp-json\/wp\/v2\/pages\/665\/revisions\/1589"}],"wp:attachment":[{"href":"https:\/\/pharmaceuticalinnovation.es\/es\/wp-json\/wp\/v2\/media?parent=665"}],"curies":[{"name":"Gracias","href":"https:\/\/api.w.org\/{rel}","templated":true}]}}