{"id":656,"date":"2022-09-05T12:19:09","date_gmt":"2022-09-05T12:19:09","guid":{"rendered":"https:\/?page_id=656"},"modified":"2022-12-12T15:18:10","modified_gmt":"2022-12-12T15:18:10","slug":"galletas","status":"publish","type":"page","link":"https:\/\/pharmaceuticalinnovation.es\/es\/galletas\/","title":{"rendered":"Pol\u00edtica de cookies"},"content":{"rendered":"<p>[et_pb_section fb_built=&#8221;1&#8243; _builder_version=&#8221;4.16&#8243; _module_preset=&#8221;default&#8221; global_colors_info=&#8221;{}&#8221;][et_pb_row _builder_version=&#8221;4.16&#8243; _module_preset=&#8221;default&#8221; custom_padding=&#8221;|||0px||&#8221; global_colors_info=&#8221;{}&#8221;][et_pb_column type=&#8221;4_4&#8243; _builder_version=&#8221;4.16&#8243; _module_preset=&#8221;default&#8221; global_colors_info=&#8221;{}&#8221;][et_pb_text _builder_version=&#8221;4.19.0&#8243; _module_preset=&#8221;default&#8221; global_colors_info=&#8221;{}&#8221;]<\/p>\n<div class=\"elementor-element elementor-element-07f6213 elementor-widget elementor-widget-text-editor\" data-id=\"07f6213\" data-element_type=\"widget\" data-widget_type=\"text-editor.default\">\n<div class=\"elementor-widget-container\">\n<div class=\"elementor-text-editor elementor-clearfix\">\n<p>Una cookie es un fichero que se descarga en su ordenador al acceder a determinadas p\u00e1ginas web. Las cookies permiten a una p\u00e1gina web, entre otras cosas, almacenar y recuperar informaci\u00f3n sobre los h\u00e1bitos de navegaci\u00f3n de un usuario o de su equipo y, dependiendo de la informaci\u00f3n que contienen y de la forma en que se utiliza su equipo, pueden servir para reconocerlo.<\/p>\n<p>No obstante, estos medios s\u00f3lo obtienen informaci\u00f3n relacionada con el n\u00famero de p\u00e1ginas visitas, la ciudad a la que est\u00e1 asignada la direcci\u00f3n IP desde la que se accede, el n\u00famero de nuevos usuarios, la frecuencia y reincidencia de las visitas, el tiempo de visita , el navegador o el operador o tipo de terminal desde el que se realiza la visita. En ning\u00fan caso se obtendr\u00e1n datos sobre el nombre, apellidos o direcci\u00f3n postal desde la que el usuario se ha conectado.<\/p>\n<p>\u00bfUsamos galletas?<\/p>\n<\/div>\n<\/div>\n<\/div>\n<div class=\"elementor-element elementor-element-f1d2d2a elementor-widget elementor-widget-text-editor\" data-id=\"f1d2d2a\" data-element_type=\"widget\" data-widget_type=\"text-editor.default\">\n<div class=\"elementor-widget-container\">\n<div class=\"elementor-text-editor elementor-clearfix\">\n<p>S\u00ed (las cookies son peque\u00f1os archivos que un sitio o su proveedor de servicios transfieren al disco duro de su computadora a trav\u00e9s de su navegador web (si usted lo permite) que permite que los sitios o los sistemas de los proveedores de servicios reconozcan su navegador y capturen y recuerden cierta informaci\u00f3n Usamos cookies para ayudarnos a recordar y procesar los art\u00edculos en su carrito de compras, comprender y guardar sus preferencias para futuras visitas, realizar un seguimiento de los anuncios y recopilar datos agregados sobre el tr\u00e1fico del sitio y la interacci\u00f3n del sitio para que podamos ofrecer mejores experiencias y herramientas del sitio en el futuro. Podemos contratar proveedores de servicios externos para que nos ayuden a comprender mejor a los visitantes de nuestro sitio. Estos proveedores de servicios no pueden utilizar la informaci\u00f3n recopilada en nuestro nombre, excepto para ayudarnos a realizar y mejorar nuestro negocio.Si lo prefiere, puede elegir que su computadora le advierta cada vez que se env\u00ede una cookie, o puede optar por desactivar todas las cookies a trav\u00e9s de la configuraci\u00f3n de su navegador. Como la mayor\u00eda de los sitios web, si desactivas las cookies, es posible que algunos de nuestros servicios no funcionen correctamente. Sin embargo, a\u00fan puede realizar pedidos comunic\u00e1ndose con el servicio de atenci\u00f3n al cliente.<\/p>\n<p>&nbsp;<\/p>\n<p>Google analytics<\/p>\n<p>Usamos Google Analytics en nuestros sitios para informes an\u00f3nimos del uso del sitio y para publicidad en el sitio. Si desea excluirse de Google Analytics para monitorear su comportamiento en nuestros sitios, utilice este enlace (https:\/\/tools.google.com\/dlpage\/gaoptout\/)<\/p>\n<p>&nbsp;<\/p>\n<\/div>\n<\/div>\n<\/div>\n<div class=\"elementor-element elementor-element-a4fd6c7 elementor-widget elementor-widget-text-editor\" data-id=\"a4fd6c7\" data-element_type=\"widget\" data-widget_type=\"text-editor.default\">\n<div class=\"elementor-widget-container\">\n<div class=\"elementor-text-editor elementor-clearfix\">\n<p>\u00bfRevelamos alguna informaci\u00f3n a terceros?<\/p>\n<p>No vendemos, comercializamos ni transferimos a terceros su informaci\u00f3n de identificaci\u00f3n personal. Esto no incluye a los terceros de confianza que nos ayudan a operar nuestro sitio web, realizar nuestro negocio o brindarle servicios, siempre que esas partes acuerden mantener esta informaci\u00f3n confidencial. Tambi\u00e9n podemos divulgar su informaci\u00f3n cuando creemos que la divulgaci\u00f3n es apropiada para cumplir con la ley, hacer cumplir las pol\u00edticas de nuestro sitio o proteger nuestros derechos, la propiedad o la seguridad de otros. Sin embargo, la informaci\u00f3n del visitante no identificable personalmente se puede proporcionar a otras partes para fines de marketing, publicidad u otros usos.<\/p>\n<p>Puede usted permitir, bloquear o eliminar las cookies instaladas en su equipo mediante la configuraci\u00f3n de las opciones de su navegador. Puede encontrar informaci\u00f3n sobre c\u00f3mo hacerlo, en relaci\u00f3n con los navegadores m\u00e1s comunes, en los enlaces que se incluyen a continuaci\u00f3n:<\/p>\n<p>Explorador:\u00a0<a href=\"http:\/\/windows.microsoft.com\/es-es\/windows7\/how-to-manage-cookies-in-internet-explorer-9\" target=\"_blank\" rel=\"noopener\">http:\/\/windows.microsoft.com\/es-es\/windows7\/how-to-manage-cookies-in-internet-explorer-9<\/a><br \/>Firefox:\u00a0<a target=\"_blank\" rel=\"noopener\">http:\/\/support.mozilla.org\/es\/products\/firefox\/cookies<\/a><br \/>Cromo:\u00a0<a href=\"http:\/\/support.google.com\/chrome\/bin\/answer.py?hl=es&amp;answer=95647\" target=\"_blank\" rel=\"noopener\">http:\/\/support.google.com\/chrome\/bin\/answer.py?hl=es&amp;answer=95647<\/a><br \/>Safari:\u00a0<a href=\"http:\/\/support.apple.com\/kb\/ph5042\" target=\"_blank\" rel=\"noopener\">http:\/\/support.apple.com\/kb\/ph5042<\/a><\/p>\n<p>Le informamos, sin embargo, de la posibilidad de que la desactivaci\u00f3n de alguna cookie impida o dificulte la navegaci\u00f3n o la prestaci\u00f3n de los servicios ofrecidos en esta Web.<\/p>\n<\/div>\n<\/div>\n<\/div>\n<p>[\/et_pb_text][\/et_pb_column][\/et_pb_row][\/et_pb_section]<\/p>","protected":false},"excerpt":{"rendered":"<p>Una cookie es un fichero que se descarga en su ordenador al acceder a determinadas p\u00e1ginas web. Las cookies permiten a una p\u00e1gina web, entre otras cosas, almacenar y recuperar informaci\u00f3n sobre los h\u00e1bitos de navegaci\u00f3n de un usuario o de su equipo y, dependiendo de la informaci\u00f3n que contengan y de la forma en [&hellip;]<\/p>","protected":false},"author":1,"featured_media":0,"parent":0,"menu_order":0,"comment_status":"closed","ping_status":"closed","template":"","meta":{"_et_pb_use_builder":"on","_et_pb_old_content":"","_et_gb_content_width":"","footnotes":""},"class_list":["post-656","page","type-page","status-publish","hentry"],"_links":{"self":[{"href":"https:\/\/pharmaceuticalinnovation.es\/es\/wp-json\/wp\/v2\/pages\/656","targetHints":{"allow":["GET"]}}],"collection":[{"href":"https:\/\/pharmaceuticalinnovation.es\/es\/wp-json\/wp\/v2\/pages"}],"about":[{"href":"https:\/\/pharmaceuticalinnovation.es\/es\/wp-json\/wp\/v2\/types\/page"}],"author":[{"embeddable":true,"href":"https:\/\/pharmaceuticalinnovation.es\/es\/wp-json\/wp\/v2\/users\/1"}],"replies":[{"embeddable":true,"href":"https:\/\/pharmaceuticalinnovation.es\/es\/wp-json\/wp\/v2\/comments?post=656"}],"version-history":[{"count":5,"href":"https:\/\/pharmaceuticalinnovation.es\/es\/wp-json\/wp\/v2\/pages\/656\/revisions"}],"predecessor-version":[{"id":1125,"href":"https:\/\/pharmaceuticalinnovation.es\/es\/wp-json\/wp\/v2\/pages\/656\/revisions\/1125"}],"wp:attachment":[{"href":"https:\/\/pharmaceuticalinnovation.es\/es\/wp-json\/wp\/v2\/media?parent=656"}],"curies":[{"name":"Gracias","href":"https:\/\/api.w.org\/{rel}","templated":true}]}}