{"id":487,"date":"2022-09-03T16:30:57","date_gmt":"2022-09-03T16:30:57","guid":{"rendered":"https:\/?page_id=487"},"modified":"2026-02-16T16:15:43","modified_gmt":"2026-02-16T15:15:43","slug":"contactenos","status":"publish","type":"page","link":"https:\/\/pharmaceuticalinnovation.es\/es\/contactenos\/","title":{"rendered":"Cont\u00e1ctenos"},"content":{"rendered":"[et_pb_section fb_built=\u201d1\u2033 fullwidth=\u201don\u201d next_background_color=\u201d#ffffff\u201d admin_label=\u201dEncabezado de p\u00e1gina\u201d _builder_version=\u201d4.27.4\u2033 background_color=\u201d#8c1d6c\u201d background_enable_image=\u201doff\u201d parallax=\u201don\u201d bottom_divider_style=\u201darrow2\u2033 animation_direction=\u201dtop\u201d tailed=\u201don\u201d global_colors_info=\u201d{}\u201d][et_pb_fullwidth_header title=\u201dComencemos un proyecto\u201d text_orientation=\u201dcenter\u201d admin_label=\u201dSecci\u00f3n de h\u00e9roe\u201d _builder_version=\u201d4.16\u2033 title_font=\u201dMontserrat|on|||\u201d tama\u00f1o de fuente del t\u00edtulo=\u201d40px\u201d altura de l\u00ednea del t\u00edtulo=\u201d1.4em\u201d tama\u00f1o de fuente del contenido=\u201d15px\u201d altura de l\u00ednea del contenido=\u201d1.8em\u201d fuente del subt\u00edtulo=\u201d||||\u201d color de fondo=\u201ddesactivado\u201d bot\u00f3n personalizado=\u201dactivado\u201d tama\u00f1o del texto del bot\u00f3n=\u201d16px\u201d color de fondo del bot\u00f3n=\u201d#6eba01\u2033 ancho del borde del bot\u00f3n=\u201d2px\u201d color del borde del bot\u00f3n=\u201d#6eba01\u2033 radio del borde del bot\u00f3n=\u201d0\u2033 espaciado entre letras del bot\u00f3n=\u201d2\u2033 fuente del bot\u00f3n=\u201dMontserrat|||activado|\u201d icono_de_uso_del_bot\u00f3n_uno=\u201ddesactivado\u201d bot\u00f3n_personalizado_dos=\u201dactivado\u201d tama\u00f1o_del_texto_del_bot\u00f3n_dos=\u201d16px\u201d ancho_del_borde_del_bot\u00f3n_dos=\u201d2px\u201d color_del_borde_del_bot\u00f3n_dos=\u201d#ffffff\u201d radio_del_borde_del_bot\u00f3n_dos=\u201d0\u2033 espaciado_de_letras_del_bot\u00f3n_dos=\u201d2\u2033 fuente_del_bot\u00f3n_dos=\u201dMontserrat|||activado|\u201d Icono de uso del bot\u00f3n dos = &quot;desactivado&quot; Alineaci\u00f3n del m\u00f3dulo = &quot;izquierda&quot; Estilo de animaci\u00f3n = &quot;desvanecer&quot; Tama\u00f1o de fuente del t\u00edtulo en tableta = &quot;tama\u00f1o de fuente del t\u00edtulo en tel\u00e9fono = &quot;48px&quot; Tama\u00f1o de fuente del t\u00edtulo en \u00faltima edici\u00f3n = &quot;activado|tel\u00e9fono&quot; Color del texto del bot\u00f3n uno al pasar el mouse = &quot;#6eba01&quot; Color del texto del bot\u00f3n dos al pasar el mouse = &quot;#6eba01&quot; Color del borde del bot\u00f3n uno al pasar el mouse = &quot;#ffffff&quot; Color del borde del bot\u00f3n dos al pasar el mouse = &quot;#ffffff&quot; Radio del borde del bot\u00f3n uno al pasar el mouse = &quot;0&quot; Radio del borde del bot\u00f3n dos al pasar el mouse = &quot;0&quot; Espaciado entre letras del bot\u00f3n uno al pasar el mouse = &quot;2&quot; Espaciado entre letras del bot\u00f3n dos al pasar el mouse = &quot;2&quot; button_one_bg_color_hover=\u201d#ffffff\u201d button_two_bg_color_hover=\u201d#ffffff\u201d global_colors_info=\u201d{}\u201d button_one_text_size__hover_enabled=\u201doff\u201d button_two_text_size__hover_enabled=\u201doff\u201d button_one_text_color__hover_enabled=\u201don\u201d button_one_text_color__hover=\u201d#6eba01\u2033 button_two_text_color__hover_enabled=\u201don\u201d button_two_text_color__hover=\u201d#6eba01\u2033 button_one_border_width__hover_enabled=\u201doff\u201d button_two_border_width__hover_enabled=\u201doff\u201d button_one_border_color__hover_enabled=\u201don\u201d color_del_borde_del_bot\u00f3n_uno__hover=\u201d#ffffff\u201d color_del_borde_del_bot\u00f3n_dos__hover_enabled=\u201dactivado\u201d color_del_borde_del_bot\u00f3n_dos__hover=\u201d#ffffff\u201d radio_del_borde_del_bot\u00f3n_uno__hover_enabled=\u201dactivado\u201d radio_del_borde_del_bot\u00f3n_uno__hover=\u201d0\u2033 radio_del_borde_del_bot\u00f3n_dos__hover_enabled=\u201dactivado\u201d radio_del_borde_del_bot\u00f3n_dos__hover=\u201d0\u2033 espaciado_entre_una_letra__hover_enabled=\u201dactivado\u201d espaciado_entre_una_letra__hover=\u201d2\u2033 espaciado_entre_dos_letras__hover_enabled=\u201dactivado\u201d espaciado_entre_dos_letras__hover=\u201d2\u2033 color_del_fondo_del_bot\u00f3n_uno__hover_enabled=\u201dactivado\u201d bot\u00f3n_uno_color_de_fondo__hover=\u201d#ffffff\u201d bot\u00f3n_dos_color_de_fondo__hover_habilitado=\u201dactivado\u201d bot\u00f3n_dos_color_de_fondo__hover=\u201d#ffffff\u201d]<p>\u00bfDesea m\u00e1s informaci\u00f3n?<\/p>\n<p>&nbsp;<\/p>[\/et_pb_fullwidth_header][\/et_pb_section][et_pb_section fb_built=\u201d1\u2033 admin_label=\u201dInformaci\u00f3n de contacto\u201d _builder_version=\u201d4.16\u2033 custom_padding=\u201d90px||90px|\u201d bloqueado=\u201ddesactivado\u201d contra\u00eddo=\u201dactivado\u201d global_colors_info=\u201d{}\u201d][et_pb_row _builder_version=\u201d4.16\u2033 custom_width_px=\u201d710px\u201d contra\u00eddo=\u201dactivado\u201d global_colors_info=\u201d{}\u201d][et_pb_column type=\u201d4_4\u2033 _builder_version=\u201d4.16\u2033 background_position=\u201dsuperior_izquierda\u201d custom_padding=\u201d|||\u201d informaci\u00f3n_de_colores_globales=\u201d{}\u201d relleno_personalizado__hover=\u201d|||\u201d][et_pb_divider color=\u201d#4e5ed0\u2033 peso_del_divisor=\u201d3px\u201d activado_desactivado=\u201ddesactivado|desactivado|desactivado\u201d _versi\u00f3n_del_constructor=\u201d4.16\u2033 direcci\u00f3n_del_gradiente_del_color_de_fondo=\u201d90 grados\u201d ancho_m\u00e1ximo=\u201d100px\u201d alineaci\u00f3n_del_m\u00f3dulo=\u201dcentro\u201d altura=\u201d5px\u201d margen_personalizado=\u201d||20px|\u201d relleno_personalizado=\u201d||20px|\u201d Estilo_animaci\u00f3n=\u201ddeslizar\u201d Direcci\u00f3n_animaci\u00f3n=\u201dabajo\u201d Pesta\u00f1as_guardadas=\u201dtodas\u201d Bloqueado=\u201ddesactivado\u201d Informaci\u00f3n_global_de_colores=\u201d{}\u201d][\/et_pb_divider][et_pb_texto Etiqueta_administradora=\u201dT\u00edtulo_secci\u00f3n_contacto\u201d Versi\u00f3n_constructor=\u201d4.27.4\u2033 Fuente_encabezado=\u201dMontserrat||||\u201d Color_texto_encabezado=\u201d#1f1f1f\u201d Tama\u00f1o_fuente_encabezado=\u201d36px\u201d Orientaci\u00f3n_texto=\u201dcentro\u201d Ancho_m\u00e1ximo=\u201d710px\u201d Alineaci\u00f3n_m\u00f3dulo=\u201dcentro\u201d Estilo_animaci\u00f3n=\u201dplegar\u201d Direcci\u00f3n_animaci\u00f3n=\u201dabajo\u201d Intensidad_animaci\u00f3n_plegar=\u201d20%\u201d Activar_flotar=\u201d0\u2033 Informaci\u00f3n_global_de_colores=\u201d{}\u201d Activar_fijo=\u201d0\u2033 Tama\u00f1o_fuente_encabezado=\u201d36px\u201d]<h2>Estaremos encantados de atenderle personalmente.<\/h2>[\/et_pb_text][et_pb_text admin_label=\u201dSubt\u00edtulo de la secci\u00f3n de contacto\u201d _builder_version=\u201d4.16\u2033 text_font_size=\u201d16px\u201d text_line_height=\u201d1.9em\u201d text_orientation=\u201dcenter\u201d max_width=\u201d710px\u201d module_alignment=\u201dcenter\u201d Animation_style=\u201dfold\u201d Animation_direction =\u201dabajo\u201d Animation_intensity_fold =\u201d20%\u201d global_colors_info =\u201d{}\u201d]<p>Encu\u00e9ntrenos en<\/p>[\/et_pb_text][\/et_pb_column][\/et_pb_row][et_pb_row estructura_columna=\u201d1_3,1_3,1_3\u2033 _builder_version=\u201d4.27.4\u2033 tama\u00f1o_fondo=\u201dinicial\u201d posici\u00f3n_fondo=\u201darriba_izquierda\u201d repetici\u00f3n_fondo=\u201drepetir\u201d ancho=\u201d100%\u201d relleno_personalizado=\u201d80px|||\u201d bloqueado=\u201ddesactivado\u201d contra\u00eddo=\u201dactivado\u201d informaci\u00f3n_colores_globales=\u201d{}\u201d][et_pb_column tipo=\u201d1_3\u2033 _builder_version=\u201d4.16\u2033 posici\u00f3n_fondo=\u201darriba_izquierda\u201d relleno_personalizado=\u201d|||\u201d global_colors_info=\u201d{}\u201d custom_padding__hover=\u201d|||\u201d][et_pb_blurb title=\u201dTel\u00e9fono\u201d use_icon=\u201don\u201d font_icon=\u201d\ue00b||divi||400\u2033 icon_color=\u201d#b70177\u2033 image_icon_width=\u201d60px\u201d image_icon_width_last_edited=\u201doff|desktop\u201d _builder_version=\u201d4.27.4\u2033 header_font=\u201dMontserrat||||\u201d header_text_color=\u201d#1f1f1f\u201d header_font_size=\u201d22px\u201d header_line_height=\u201d1.8em\u201d body_font_size=\u201d16px\u201d body_line_height=\u201d1.9em\u201d text_orientation=\u201dcenter\u201d custom_margin=\u201d|||\u201d Relleno personalizado = 30 px | 30 px | 30 px | 30 px. Estilo de animaci\u00f3n = doblar. Direcci\u00f3n de animaci\u00f3n = inferior. Retardo de animaci\u00f3n = 100 ms. Intensidad de animaci\u00f3n = doblar = 30%. Activaci\u00f3n del desplazamiento = 0. Ancho del borde = 0 px. Color del borde = #e0e0e0. Estilo del borde = s\u00f3lido. Color del borde = activado. Color del borde = #e0e0e0. Tama\u00f1o de fuente del icono = 60 px. Tama\u00f1o de fuente del icono por \u00faltima edici\u00f3n = desactivado. Escritorio. Bloqueado = desactivado. Informaci\u00f3n de colores globales = {}. Nivel de encabezado = h3. Activaci\u00f3n fija = 0.<p><a href=\"tel:+34644135502\"><span>+ 34 644 13 55 02<\/span><\/a><\/p>[\/et_pb_blurb][\/et_pb_column][et_pb_column type=\u201d1_3\u2033 _builder_version=\u201d4.16\u2033 background_position=\u201dtop_left\u201d custom_padding=\u201d|||\u201d global_colors_info=\u201d{}\u201d custom_padding__hover=\u201d|||\u201d][et_pb_blurb title=\u201dCorreo electr\u00f3nico\u201d use_icon=\u201don\u201d font_icon=\u201d\ue076||divi||400\u2033 icon_color=\u201d#d80094\u2033 image_icon_width=\u201d60px\u201d image_icon_width_last_edited=\u201doff|desktop\u201d admin_label=\u201dCorreo electr\u00f3nico\u201d _builder_version=\u201d4.27.4\u2033 header_font=\u201dMontserrat||||\u201d color_del_texto_del_encabezado=\u201d#1f1f1f\u201d tama\u00f1o_de_fuente_del_encabezado=\u201d22px\u201d altura_de_l\u00ednea_del_encabezado=\u201d1.8em\u201d tama\u00f1o_de_fuente_del_cuerpo=\u201d16px\u201d altura_de_l\u00ednea_del_cuerpo=\u201d1.9em\u201d orientaci\u00f3n_del_texto=\u201dcentro\u201d margen_personalizado=\u201d|||\u201d Relleno personalizado = 30 px | 30 px | 30 px | 30 px. Estilo de animaci\u00f3n = doblar. Direcci\u00f3n de animaci\u00f3n = inferior. Retardo de animaci\u00f3n = 200 ms. Intensidad de animaci\u00f3n = doblar = 30%. Activaci\u00f3n del desplazamiento = 0. Ancho del borde = 0 px. Color del borde = #e0e0e0. Estilo del borde = s\u00f3lido. Color del borde = activado. Color del borde = #e0e0e0. Tama\u00f1o de fuente del icono = 60 px. Tama\u00f1o de fuente del icono por \u00faltima edici\u00f3n = desactivado. Escritorio. Bloqueado = desactivado. Informaci\u00f3n de colores globales = {}. Nivel de encabezado = h3. Activaci\u00f3n fija = 0.<p><a href=\"mailto:info@pharmaceuticalinnovation.es\"><span>info@pharmaceuticalinnovation.es<\/span><\/a><\/p>[\/et_pb_blurb][\/et_pb_column][et_pb_column type=\u201d1_3\u2033 _builder_version=\u201d4.16\u2033 background_position=\u201dtop_left\u201d custom_padding=\u201d|||\u201d global_colors_info=\u201d{}\u201d custom_padding__hover=\u201d|||\u201d][et_pb_blurb title=\u201dLinkedIn\u201d use_icon=\u201don\u201d font_icon=\u201d\uf08c||fa||400\u2033 icon_color=\u201d#d80094\u2033 image_icon_width=\u201d60px\u201d image_icon_width_last_edited=\u201doff|desktop\u201d admin_label=\u201dCorreo electr\u00f3nico\u201d _builder_version=\u201d4.27.4\u2033 header_font=\u201dMontserrat||||\u201d color_del_texto_del_encabezado=\u201d#1f1f1f\u201d tama\u00f1o_de_fuente_del_encabezado=\u201d22px\u201d altura_de_l\u00ednea_del_encabezado=\u201d1.8em\u201d tama\u00f1o_de_fuente_del_cuerpo=\u201d16px\u201d altura_de_l\u00ednea_del_cuerpo=\u201d1.9em\u201d orientaci\u00f3n_del_texto=\u201dcentro\u201d margen_personalizado=\u201d|||\u201d Relleno personalizado = 30 px | 30 px | 30 px | 30 px. Estilo de animaci\u00f3n = doblar. Direcci\u00f3n de animaci\u00f3n = inferior. Retardo de animaci\u00f3n = 200 ms. Intensidad de animaci\u00f3n = doblar = 30%. Activaci\u00f3n del desplazamiento = 0. Ancho del borde = 0 px. Color del borde = #e0e0e0. Estilo del borde = s\u00f3lido. Color del borde = activado. Color del borde = #e0e0e0. Tama\u00f1o de fuente del icono = 60 px. Tama\u00f1o de fuente del icono por \u00faltima edici\u00f3n = desactivado. Escritorio. Bloqueado = desactivado. Informaci\u00f3n de colores globales = {}. Nivel de encabezado = h3. Activaci\u00f3n fija = 0.<p><a href=\"https:\/\/www.linkedin.com\/company\/pharmaceutical-innovation-services\/\" target=\"_blank\" rel=\"noopener\">Pharmaceutical Innovation Services, SL LinkedIn<\/a><\/p>[\/et_pb_blurb][\/et_pb_column][\/et_pb_row][et_pb_row _builder_version=\u201d4.27.4\u2033 _module_preset=\u201ddefault\u201d height=\u201d146px\u201d global_colors_info=\u201d{}\u201d][et_pb_column type=\u201d4_4\u2033 _builder_version=\u201d4.27.4\u2033 _module_preset=\u201ddefault\u201d global_colors_info=\u201d{}\u201d][et_pb_blurb title=\u201dDirecci\u00f3n\u201d use_icon=\u201don\u201d font_icon=\u201d\ue081||divi||400\u2033 icon_color=\u201d#ce0283\u2033 image_icon_width=\u201d60px\u201d image_icon_width_last_edited=\u201doff|desktop\u201d admin_label=\u201dDirecci\u00f3n\u201d _builder_version=\u201d4.27.4\u2033 header_font=\u201dMontserrat||||\u201d header_text_color=\u201d#1f1f1f\u201d header_font_size=\u201d22px\u201d header_line_height=\u201d1.8em\u201d body_font_size=\u201d16px\u201d body_line_height=\u201d1.9em\u201d text_orientation=\u201dcenter\u201d custom_margin=\u201d|||\u201d Relleno personalizado = 30 px | 30 px | 30 px | 30 px. Estilo de animaci\u00f3n = doblar. Direcci\u00f3n de animaci\u00f3n = inferior. Intensidad de animaci\u00f3n = doblar = 30%. Activaci\u00f3n del desplazamiento = 0. Ancho del borde = 0 px. Color del borde = #e0e0e0. Estilo del borde = s\u00f3lido. Color del borde = activado. Color del borde = #e0e0e0. Tama\u00f1o de fuente del icono = 60 px. Tama\u00f1o de fuente del icono por \u00faltima edici\u00f3n = desactivado | Escritorio. Bloqueado = desactivado. Informaci\u00f3n de colores globales = {}. Nivel de encabezado = h3. Activaci\u00f3n fija = 0. [\/et_pb_blurb][\/et_pb_column][\/et_pb_row][et_pb_row estructura_columna=\u201d1_3,1_3,1_3\u2033 _versi\u00f3n_constructora=\u201d4.27.4\u2033 _m\u00f3dulo_preestablecido=\u201dpredeterminado\u201d informaci\u00f3n_global_colores=\u201d{}\u201d][tipo_columna_et_pb=\u201d1_3\u2033 _versi\u00f3n_constructora=\u201d4.27.4\u2033 _m\u00f3dulo_preestablecido=\u201dpredeterminado\u201d informaci\u00f3n_global_colores=\u201d{}\u201d][texto_et_pb _versi\u00f3n_constructora=\u201d4.27.4\u2033 _m\u00f3dulo_preestablecido=\u201dpredeterminado\u201d tama\u00f1o_fuente_texto=\u201d16px\u201d informaci\u00f3n_global_colores=\u201d{}\u201d]<p class=\"p1\" style=\"text-align: center;\"><a href=\"https:\/\/maps.app.goo.gl\/8eLPmHQzd7F7Eq8P9\" target=\"_blank\" rel=\"noopener\"><b>Sede:<\/b><\/a><\/p>\n<p class=\"p1\" style=\"text-align: center;\">C\/ Luis Mart\u00ednez Feduchi, 32<br \/>\u00c1tico A<br \/>28055<br \/>Madrid, Espa\u00f1a<\/p>[\/et_pb_text][\/et_pb_column][et_pb_column tipo=\u201d1_3\u2033 _builder_version=\u201d4.27.4\u2033 _module_preset=\u201dpredeterminado\u201d informaci\u00f3n_de_colores_globales=\u201d{}\u201d][et_pb_text _builder_version=\u201d4.27.4\u2033 _module_preset=\u201dpredeterminado\u201d tama\u00f1o_de_fuente_texto=\u201d16px\u201d informaci\u00f3n_de_colores_globales=\u201d{}\u201d]<p class=\"p1\" style=\"text-align: center;\"><a href=\"https:\/\/maps.app.goo.gl\/LrwBLLxm7rPr7AX5A\" target=\"_blank\" rel=\"noopener\"><b>Oficina:<\/b><\/a><\/p>\n<p class=\"p1\" style=\"text-align: center;\">C\/ Luxemburgo 4,<br \/>Oficina 7<br \/>28224<br \/>Pozuelo de Alarc\u00f3n<br \/>(Madrid), Espa\u00f1a<\/p>[\/et_pb_text][\/et_pb_column][et_pb_column tipo=\u201d1_3\u2033 _builder_version=\u201d4.27.4\u2033 _module_preset=\u201dpredeterminado\u201d informaci\u00f3n_de_colores_globales=\u201d{}\u201d][et_pb_text _builder_version=\u201d4.27.4\u2033 _module_preset=\u201dpredeterminado\u201d tama\u00f1o_de_fuente_texto=\u201d16px\u201d informaci\u00f3n_de_colores_globales=\u201d{}\u201d]<p class=\"p1\" style=\"text-align: center;\"><a href=\"https:\/\/maps.app.goo.gl\/4yT3Z8FnTAVvYmE46\" target=\"_blank\" rel=\"noopener\"><b>Laboratorio:<\/b><\/a><\/p>\n<p class=\"p1\" style=\"text-align: center;\">PS\/ Miram\u00f3n, 170<br \/>BIC Gipuzkoa, Edificio Tandem<br \/>20014<br \/>Donostia\/San Sebasti\u00e1n,<br \/>Espa\u00f1a<\/p>[\/et_pb_text][\/et_pb_column][\/et_pb_row][\/et_pb_section][et_pb_section fb_built=\u201d1\u2033 admin_label=\u201dContacto\u201d _builder_version=\u201d4.16\u2033 background_color=\u201d#f4f4f4\u2033 collapsed=\u201doff\u201d global_colors_info=\u201d{}\u201d][et_pb_row _builder_version=\u201d4.16\u2033 custom_width_px=\u201d710px\u201d locking=\u201doff\u201d global_colors_info=\u201d{}\u201d][et_pb_column type=\u201d4_4\u2033 _builder_version=\u201d4.16\u2033 background_position=\u201dtop_left\u201d custom_padding=\u201d|||\u201d informaci\u00f3n_de_colores_globales=\u201d{}\u201d relleno_personalizado__hover=\u201d|||\u201d][et_pb_divider color=\u201d#4e5ed0\u2033 peso_del_divisor=\u201d3px\u201d activado_desactivado=\u201ddesactivado|desactivado|desactivado\u201d _versi\u00f3n_del_constructor=\u201d4.16\u2033 direcci\u00f3n_del_gradiente_del_color_de_fondo=\u201d90 grados\u201d ancho_m\u00e1ximo=\u201d100px\u201d alineaci\u00f3n_del_m\u00f3dulo=\u201dcentro\u201d altura=\u201d5px\u201d margen_personalizado=\u201d||20px|\u201d relleno_personalizado=\u201d||20px|\u201d Estilo_animaci\u00f3n=\u201ddeslizar\u201d Direcci\u00f3n_animaci\u00f3n=\u201dabajo\u201d Pesta\u00f1as_guardadas=\u201dtodas\u201d Bloqueado=\u201ddesactivado\u201d Informaci\u00f3n_global_colores=\u201d{}\u201d][\/et_pb_divider][et_pb_texto Etiqueta_administraci\u00f3n=\u201dT\u00edtulo_secci\u00f3n_contacto\u201d Versi\u00f3n_constructor=\u201d4.27.4\u2033 Fuente_encabezado=\u201dMontserrat||||\u201d Color_texto_encabezado=\u201d#1f1f1f\u201d Tama\u00f1o_fuente_encabezado=\u201d36px\u201d Orientaci\u00f3n_texto=\u201dcentro\u201d Ancho_m\u00e1ximo=\u201d710px\u201d Alineaci\u00f3n_m\u00f3dulo=\u201dcentro\u201d Estilo_animaci\u00f3n=\u201dplegar\u201d Direcci\u00f3n_animaci\u00f3n=\u201dabajo\u201d Intensidad_animaci\u00f3n_plegar=\u201d20%\u201d Activar_flotar=\u201d0\u2033 Informaci\u00f3n_global_colores=\u201d{}\u201d Tama\u00f1o_fuente_encabezado3=\u201d36px\u201d Activar_fijo=\u201d0\u2033]<h3>Contacte con nosotros<\/h3>[\/et_pb_text][et_pb_text admin_label=\u201dSubt\u00edtulo de la secci\u00f3n de contacto\u201d _builder_version=\u201d4.27.4\u2033 text_font_size=\u201d16px\u201d text_line_height=\u201d1.9em\u201d text_orientation=\u201dcenter\u201d max_width=\u201d710px\u201d module_alignment=\u201dcenter\u201d animation_style=\u201dfold\u201d animation_direction=\u201dbottom\u201d animation_intensity_fold=\u201d20%\u201d global_colors_info=\u201d{}\u201d]<div id=\"form_1554889784645_360178_introtext\">Si est\u00e1 interesado en contactar con nosotros, por favor rellene el siguiente formulario y le responderemos en la mayor brevedad.<\/div>[\/et_pb_text][\/et_pb_column][\/et_pb_row][et_pb_row _builder_version=&#8221;4.16&#8243; max_width=&#8221;900px&#8221; use_custom_width=&#8221;on&#8221; custom_width_px=&#8221;900px&#8221; collapsed=&#8221;off&#8221; global_colors_info=&#8221;{}&#8221;][et_pb_column type=&#8221;4_4&#8243; _builder_version=&#8221;4.16&#8243; custom_padding=&#8221;|||&#8221; global_colors_info=&#8221;{}&#8221; custom_padding__hover=&#8221;|||&#8221;][et_pb_contact_form use_spam_service=&#8221;on&#8221; recaptcha_list=&#8221;wwwpharmaceuticalinnovationes-0&#8243; email=&#8221;info@&#8221; submit_button_text=&#8221;Send&#8221; _builder_version=&#8221;4.27.4&#8243; _module_preset=&#8221;default&#8221; _unique_id=&#8221;a56346f4-3903-49bf-aed7-9bb9b716ccb3&#8243; custom_button=&#8221;on&#8221; button_text_color=&#8221;#8300E9&#8243; global_colors_info=&#8221;{}&#8221;][et_pb_contact_field field_id=&#8221;Name&#8221; field_title=&#8221;Name&#8221; _builder_version=&#8221;4.24.0&#8243; global_colors_info=&#8221;{}&#8221; button_text_size__hover_enabled=&#8221;off&#8221; button_one_text_size__hover_enabled=&#8221;off&#8221; button_two_text_size__hover_enabled=&#8221;off&#8221; button_text_color__hover_enabled=&#8221;off&#8221; button_one_text_color__hover_enabled=&#8221;off&#8221; button_two_text_color__hover_enabled=&#8221;off&#8221; button_border_width__hover_enabled=&#8221;off&#8221; button_one_border_width__hover_enabled=&#8221;off&#8221; button_two_border_width__hover_enabled=&#8221;off&#8221; button_border_color__hover_enabled=&#8221;off&#8221; button_one_border_color__hover_enabled=&#8221;off&#8221; button_two_border_color__hover_enabled=&#8221;off&#8221; button_border_radius__hover_enabled=&#8221;off&#8221; button_one_border_radius__hover_enabled=&#8221;off&#8221; button_two_border_radius__hover_enabled=&#8221;off&#8221; button_letter_spacing__hover_enabled=&#8221;off&#8221; button_one_letter_spacing__hover_enabled=&#8221;off&#8221; button_two_letter_spacing__hover_enabled=&#8221;off&#8221; button_bg_color__hover_enabled=&#8221;off&#8221; button_one_bg_color__hover_enabled=&#8221;off&#8221; button_two_bg_color__hover_enabled=&#8221;off&#8221;][\/et_pb_contact_field][et_pb_contact_field field_id=&#8221;Phone&#8221; field_title=&#8221;Phone&#8221; _builder_version=&#8221;4.24.0&#8243; global_colors_info=&#8221;{}&#8221; button_text_size__hover_enabled=&#8221;off&#8221; button_one_text_size__hover_enabled=&#8221;off&#8221; button_two_text_size__hover_enabled=&#8221;off&#8221; button_text_color__hover_enabled=&#8221;off&#8221; button_one_text_color__hover_enabled=&#8221;off&#8221; button_two_text_color__hover_enabled=&#8221;off&#8221; button_border_width__hover_enabled=&#8221;off&#8221; button_one_border_width__hover_enabled=&#8221;off&#8221; button_two_border_width__hover_enabled=&#8221;off&#8221; button_border_color__hover_enabled=&#8221;off&#8221; button_one_border_color__hover_enabled=&#8221;off&#8221; button_two_border_color__hover_enabled=&#8221;off&#8221; button_border_radius__hover_enabled=&#8221;off&#8221; button_one_border_radius__hover_enabled=&#8221;off&#8221; button_two_border_radius__hover_enabled=&#8221;off&#8221; button_letter_spacing__hover_enabled=&#8221;off&#8221; button_one_letter_spacing__hover_enabled=&#8221;off&#8221; button_two_letter_spacing__hover_enabled=&#8221;off&#8221; button_bg_color__hover_enabled=&#8221;off&#8221; button_one_bg_color__hover_enabled=&#8221;off&#8221; button_two_bg_color__hover_enabled=&#8221;off&#8221;][\/et_pb_contact_field][et_pb_contact_field field_id=&#8221;Email&#8221; field_title=&#8221;Email Address&#8221; field_type=&#8221;email&#8221; fullwidth_field=&#8221;on&#8221; _builder_version=&#8221;4.24.0&#8243; global_colors_info=&#8221;{}&#8221; button_text_size__hover_enabled=&#8221;off&#8221; button_one_text_size__hover_enabled=&#8221;off&#8221; button_two_text_size__hover_enabled=&#8221;off&#8221; button_text_color__hover_enabled=&#8221;off&#8221; button_one_text_color__hover_enabled=&#8221;off&#8221; button_two_text_color__hover_enabled=&#8221;off&#8221; button_border_width__hover_enabled=&#8221;off&#8221; button_one_border_width__hover_enabled=&#8221;off&#8221; button_two_border_width__hover_enabled=&#8221;off&#8221; button_border_color__hover_enabled=&#8221;off&#8221; button_one_border_color__hover_enabled=&#8221;off&#8221; button_two_border_color__hover_enabled=&#8221;off&#8221; button_border_radius__hover_enabled=&#8221;off&#8221; button_one_border_radius__hover_enabled=&#8221;off&#8221; button_two_border_radius__hover_enabled=&#8221;off&#8221; button_letter_spacing__hover_enabled=&#8221;off&#8221; button_one_letter_spacing__hover_enabled=&#8221;off&#8221; button_two_letter_spacing__hover_enabled=&#8221;off&#8221; button_bg_color__hover_enabled=&#8221;off&#8221; button_one_bg_color__hover_enabled=&#8221;off&#8221; button_two_bg_color__hover_enabled=&#8221;off&#8221;][\/et_pb_contact_field][et_pb_contact_field field_id=&#8221;Message&#8221; field_title=&#8221;Message&#8221; field_type=&#8221;text&#8221; fullwidth_field=&#8221;on&#8221; _builder_version=&#8221;4.16&#8243; global_colors_info=&#8221;{}&#8221; button_text_size__hover_enabled=&#8221;off&#8221; button_one_text_size__hover_enabled=&#8221;off&#8221; button_two_text_size__hover_enabled=&#8221;off&#8221; button_text_color__hover_enabled=&#8221;off&#8221; button_one_text_color__hover_enabled=&#8221;off&#8221; button_two_text_color__hover_enabled=&#8221;off&#8221; button_border_width__hover_enabled=&#8221;off&#8221; button_one_border_width__hover_enabled=&#8221;off&#8221; button_two_border_width__hover_enabled=&#8221;off&#8221; button_border_color__hover_enabled=&#8221;off&#8221; button_one_border_color__hover_enabled=&#8221;off&#8221; button_two_border_color__hover_enabled=&#8221;off&#8221; button_border_radius__hover_enabled=&#8221;off&#8221; button_one_border_radius__hover_enabled=&#8221;off&#8221; button_two_border_radius__hover_enabled=&#8221;off&#8221; button_letter_spacing__hover_enabled=&#8221;off&#8221; button_one_letter_spacing__hover_enabled=&#8221;off&#8221; button_two_letter_spacing__hover_enabled=&#8221;off&#8221; button_bg_color__hover_enabled=&#8221;off&#8221; button_one_bg_color__hover_enabled=&#8221;off&#8221; button_two_bg_color__hover_enabled=&#8221;off&#8221;][\/et_pb_contact_field][et_pb_contact_field field_id=&#8221;Accept_the_privacy_policy&#8221; field_title=&#8221;I have read and agreed to the Privacy Policy&#8221; field_type=&#8221;checkbox&#8221; checkbox_options=&#8221;%91{%22value%22:%22Privacy policy%22,%22checked%22:0,%22dragID%22:-1}%93&#8243; fullwidth_field=&#8221;on&#8221; _builder_version=&#8221;4.27.4&#8243; _module_preset=&#8221;default&#8221; global_colors_info=&#8221;{}&#8221;][\/et_pb_contact_field][\/et_pb_contact_form][\/et_pb_column][\/et_pb_row][\/et_pb_section]","protected":false},"excerpt":{"rendered":"<p>\u00bfQuieres m\u00e1s informaci\u00f3n?  Estaremos encantados de atenderle personalmenteCon\u00f3zcanos, estaremos encantados de atenderle personalmente, encu\u00e9ntrenos en el + 34 644 13 55 02info@pharmaceuticalinnovation.esPharmaceutical Innovation Services, SL LinkedInSede: C\/ Luis Mart\u00ednez Feduchi, 32\u00c1tico A28055Madrid, Espa\u00f1aOficina: C\/ Luxemburgo 4,Oficina 728224Pozuelo de Alarc\u00f3n(Madrid), Espa\u00f1aLaboratorio: PS\/ Miramon, 170BIC Gipuzkoa, Edificio Tandem20014Donostia\/San Sebasti\u00e1n,Espa\u00f1aObtener [\u2026]<\/p>","protected":false},"author":1,"featured_media":0,"parent":0,"menu_order":0,"comment_status":"closed","ping_status":"closed","template":"","meta":{"_et_pb_use_builder":"on","_et_pb_old_content":"","_et_gb_content_width":"","footnotes":""},"class_list":["post-487","page","type-page","status-publish","hentry"],"_links":{"self":[{"href":"https:\/\/pharmaceuticalinnovation.es\/es\/wp-json\/wp\/v2\/pages\/487","targetHints":{"allow":["GET"]}}],"collection":[{"href":"https:\/\/pharmaceuticalinnovation.es\/es\/wp-json\/wp\/v2\/pages"}],"about":[{"href":"https:\/\/pharmaceuticalinnovation.es\/es\/wp-json\/wp\/v2\/types\/page"}],"author":[{"embeddable":true,"href":"https:\/\/pharmaceuticalinnovation.es\/es\/wp-json\/wp\/v2\/users\/1"}],"replies":[{"embeddable":true,"href":"https:\/\/pharmaceuticalinnovation.es\/es\/wp-json\/wp\/v2\/comments?post=487"}],"version-history":[{"count":11,"href":"https:\/\/pharmaceuticalinnovation.es\/es\/wp-json\/wp\/v2\/pages\/487\/revisions"}],"predecessor-version":[{"id":1760,"href":"https:\/\/pharmaceuticalinnovation.es\/es\/wp-json\/wp\/v2\/pages\/487\/revisions\/1760"}],"wp:attachment":[{"href":"https:\/\/pharmaceuticalinnovation.es\/es\/wp-json\/wp\/v2\/media?parent=487"}],"curies":[{"name":"Gracias","href":"https:\/\/api.w.org\/{rel}","templated":true}]}}