{"id":1395,"date":"2024-10-10T06:36:50","date_gmt":"2024-10-10T05:36:50","guid":{"rendered":"https:\/?page_id=1395"},"modified":"2025-06-26T13:42:50","modified_gmt":"2025-06-26T12:42:50","slug":"productos","status":"publish","type":"page","link":"https:\/\/pharmaceuticalinnovation.es\/es\/productos\/","title":{"rendered":"Productos"},"content":{"rendered":"<p>[et_pb_section fb_built=\u201d1\u2033 custom_padding_last_edited=\u201don|tablet\u201d admin_label=\u201dHero\u201d _builder_version=\u201d4.27.4\u2033 background_enable_color=\u201doff\u201d use_background_color_gradient=\u201don\u201d background_color_gradient_type=\u201dcircular\u201d background_color_gradient_direction_radial=\u201dabajo a la izquierda\u201d background_color_gradient_stops=\u201d#8c1d6c 0%|rgba(10,10,10,0) 100%\u201d background_color_gradient_overlays_image=\u201don\u201d background_color_gradient_start=\u201d#af00a1\u2033 background_color_gradient_end=\u201drgba(10,10,10,0)\u201d Imagen de fondo = &quot;\/\/\/wp-content\/uploads\/2022\/04\/cient\u00edfica-preparando-muestras-con-sangre-escalada.jpg&quot; Activar video mp4 = &quot;desactivado&quot; Altura = &quot;430px&quot; Padding personalizado = &quot;0px|0px|0px|0px|falso|falso&quot; Padding personalizado_tablet = &quot;50px||50px||verdadero&quot; Padding personalizado_phone = &quot;|||&quot; estilo_divisor_inferior=\u201dasim\u00e9trico2\u2033 color_divisor_inferior=\u201d#FFFFFF\u201d altura_divisor_inferior=\u201d50px\u201d giro_divisor_inferior=\u201dhorizontal\u201d disposici\u00f3n_divisor_inferior=\u201dpor_encima_del_contenido\u201d altura_divisor_inferior_tableta=\u201d90px\u201d altura_divisor_inferior_tel\u00e9fono=\u201d80px\u201d bloqueado=\u201ddesactivado\u201d contra\u00eddo=\u201dactivado\u201d informaci\u00f3n_colores_globales=\u201d{}\u201d][et_pb_row estructura_columna=\u201d2_3,1_3\u2033 _builder_version=\u201d4.27.0\u2033 margen_personalizado=\u201d||10px||falso|falso\u201d relleno_personalizado=\u201d100px||10px||falso|falso\u201d ancho_personalizado_px=\u201d1280px\u201d informaci\u00f3n_colores_globales=\u201d{}\u201d][et_pb_column tipo=\u201d2_3\u2033 _builder_version=\u201d4.16\u2033 relleno_personalizado=\u201d|||\u201d informaci\u00f3n_de_colores_globales=\u201d{}\u201d relleno_personalizado__hover=\u201d|||\u201d][et_pb_text _builder_version=\u201d4.27.2\u2033 fuente_texto=\u201dMontserrat||||||||\u201d color_texto=\u201drgba(255,255,255,0.7)\u201d tama\u00f1o_fuente_texto=\u201d20px\u201d altura_l\u00ednea_texto=\u201d1.4em\u201d fuente_encabezado=\u201dMontserrat|700|||||||\u201d tama\u00f1o_fuente_encabezado=\u201d44px\u201d altura_l\u00ednea_encabezado=\u201d1.4em\u201d fuente_encabezado=\u201dMontserrat|600||en|||||\u201d color_texto_encabezado_6=\u201drgba(255,255,255,0.7)\u201d tama\u00f1o_fuente_encabezado_6=\u201d16px\u201d espaciado_letras_encabezado_6=\u201d2px\u201d altura_l\u00ednea_encabezado_6=\u201d1.5em\u201d dise\u00f1o_fondo=\u201doscuro\u201d ancho_m\u00e1ximo=\u201d780px\u201d margen_personalizado=\u201d||||falso|falso\u201d relleno_personalizado=\u201d||||falso|falso\u201d tama\u00f1o_fuente_texto_tableta=\u201d tama\u00f1o_fuente_texto_tel\u00e9fono=\u201d15px\u201d tama\u00f1o_fuente_texto_\u00faltima_edici\u00f3n=\u201don|phone\u201d tama\u00f1o_fuente_encabezado_tableta=\u201d tama\u00f1o_fuente_texto_tel\u00e9fono=\u201d28px\u201d tama\u00f1o_fuente_encabezado_\u00faltima_edici\u00f3n=\u201don|phone\u201d informaci\u00f3n_colores_globales=\u201d{}\u201d]<\/p>\n<h1><b>Productos<\/b><\/h1>\n<p>[\/et_pb_text][et_pb_text admin_label=\u201dSubt\u00edtulo de la secci\u00f3n de contacto\u201d _builder_version=\u201d4.27.4\u2033 text_text_color=\u201d#FFFFFF\u201d text_font_size=\u201d16px\u201d text_line_height=\u201d1.9em\u201d max_width=\u201d710px\u201d module_alignment=\u201dcenter\u201d animation_style=\u201dfold\u201d animation_direction=\u201dbottom\u201d animation_intensity_fold=\u201d20%\u201d locking=\u201doff\u201d global_colors_info=\u201d{}\u201d]<\/p>\n<p>Pharmaceutical Innovation Services, S.L. ha presentado varias licencias para autorizaciones registradas bajo Procedimientos Nacionales (NP) y Descentralizados (DCP), algunos de ellos en proceso de evaluaci\u00f3n.<\/p>\n<p>A continuaci\u00f3n se enumeran los productos comercializados actualmente por nuestra empresa.<\/p>\n<p>[\/et_pb_text][\/et_pb_column][et_pb_column tipo=\u201d1_3\u2033 _builder_version=\u201d4.16\u2033 relleno_personalizado=\u201d|||\u201d Informaci\u00f3n global de colores = &quot;{}&quot; relleno_personalizado__hover = &quot;|||&quot;][\/et_pb_column][\/et_pb_row][\/et_pb_section][et_pb_section fb_built = &quot;1&quot; etiqueta_administradora = &quot;Servicio #2&quot; id_m\u00f3dulo = &quot;nuevo&quot; versi\u00f3n_compilador = &quot;4.27.4&quot; ajuste_predeterminado_m\u00f3dulo = &quot;predeterminado&quot; color_de_fondo = &quot;#FFFFFF&quot; bloqueado = &quot;desactivado&quot; contra\u00eddo = &quot;activado&quot; Informaci\u00f3n global de colores = &quot;{}&quot;][et_pb_row versi\u00f3n_compilador = &quot;4.19.0&quot; ajuste_predeterminado_m\u00f3dulo = &quot;predeterminado&quot; ancho_tableta = &quot;ancho_tel\u00e9fono = &quot;ancho_\u00faltima_edici\u00f3n = &quot;en|escritorio&quot; ancho_m\u00e1ximo = &quot;1200 px&quot; max_width_tablet=\u201d1200px\u201d max_width_phone=\u201d1200px\u201d max_width_last_edited=\u201don|desktop\u201d custom_margin=\u201d||||false|false\u201d custom_padding=\u201d||2px||false|false\u201d global_colors_info=\u201d{}\u201d][et_pb_column type=\u201d4_4\u2033 _builder_version=\u201d4.16\u2033 _module_preset=\u201ddefault\u201d custom_padding=\u201d0px|0px|0px|0px|false|false\u201d global_colors_info=\u201d{}\u201d][et_pb_divider color=\u201d#cc00e2\u2033 _builder_version=\u201d4.16\u2033 _module_preset=\u201ddefault\u201d custom_margin=\u201d6px|||||\u201d global_colors_info=\u201d{}\u201d][\/et_pb_divider][et_pb_text quote_border_color=\u201d#8c1d6c\u201d module_id=\u201dreg\u201d _builder_version=\u201d4.27.2\u2033 text_font=\u201dMontserrat||||||||\u201d text_text_color=\u201d#000000\u2033 text_font_size=\u201d16px\u201d text_line_height=\u201d1.8em\u201d quote_font=\u201d||||||||\u201d header_font=\u201d|||||||||\u201d header_2_font=\u201dMontserrat||||||||\u201d color_del_texto_del_encabezado=\u201d#8c1d6c\u201d tama\u00f1o_de_fuente_del_encabezado=\u201d30px\u201d altura_de_l\u00ednea_del_encabezado=\u201d1.4em\u201d fuente_del_encabezado=\u201dMontserrat|600||en|||||\u201d color_texto_encabezado_6=\u201d#088b8c\u201d tama\u00f1o_fuente_encabezado_6=\u201d16px\u201d espaciado_letras_encabezado_6=\u201d2px\u201d altura_l\u00ednea_encabezado_6=\u201d1.5em\u201d dise\u00f1o_fondo=\u201doscuro\u201d ancho_m\u00e1ximo=\u201d600px\u201d margen_personalizado=\u201d-7px||-30px||falso|falso\u201d relleno_personalizado=\u201d||0px||falso|falso\u201d tama\u00f1o_fuente_encabezado_2_tableta=\u201d\u201d tama\u00f1o_fuente_encabezado_2_tel\u00e9fono=\u201d24px\u201d tama\u00f1o_fuente_encabezado_2_\u00faltima_edici\u00f3n=\u201dactivado|tel\u00e9fono\u201d bloqueado=\u201ddesactivado\u201d informaci\u00f3n_colores_globales=\u201d{}\u201d]<\/p>\n<blockquote>\n<h2><span><strong>Laxante Salud<\/strong><\/span><\/h2>\n<\/blockquote>\n<p>[\/et_pb_text][et_pb_text _builder_version=\u201d4.27.4\u2033 _module_preset=\u201ddefault\u201d custom_margin=\u201d|||30px|false|false\u201d custom_margin_tablet=\u201d|||30px|false|false\u201d custom_margin_phone=\u201d50px|||0px|false|false\u201d custom_margin_last_edited=\u201don|phone\u201d custom_padding_tablet=\u201d\u201d custom_padding_phone=\u201d\u201d custom_padding_last_edited=\u201don|phone\u201d hover_enabled=\u201d0\u2033 global_colors_info=\u201d{}\u201d sticky_enabled=\u201d0\u2033]<\/p>\n<p>12,5 mg de <em>Cassia angustifolia<\/em> extracto de hoja, que contiene 7,5 mg de sen\u00f3sidos totales, expresados como sen\u00f3sidos B.<\/p>\n<p>[\/et_pb_text][\/et_pb_column][\/et_pb_row][et_pb_row estructura_columna=\u201d1_2,1_2\u2033 _builder_version=\u201d4.27.4\u2033 _module_preset=\u201dpredeterminado\u201d ancho_tableta=\u201d\u201d ancho_tel\u00e9fono=\u201d\u201d ancho_\u00faltima_edici\u00f3n=\u201den|escritorio\u201d ancho_m\u00e1ximo=\u201d1200px\u201d ancho_m\u00e1ximo_tableta=\u201d1200px\u201d ancho_m\u00e1ximo_tel\u00e9fono=\u201d1200px\u201d ancho_m\u00e1ximo_\u00faltima_edici\u00f3n=\u201den|escritorio\u201d informaci\u00f3n_de_colores_global=\u201d{}\u201d][et_pb_column tipo=\u201d1_2\u2033 _builder_version=\u201d4.27.4\u2033 _module_preset=\u201dpredeterminado\u201d background_image=\u201d\/\/\/wp-content\/uploads\/2024\/10\/laxantesalud.png\u201d background_size=\u201dcontain\u201d background_enable_video_mp4=\u201doff\u201d custom_padding=\u201d||||false|false\u201d global_colors_info=\u201d{}\u201d][et_pb_image src=\u201dhttps:\/\/pharmaceuticalinnovation.es\/wp-content\/uploads\/2024\/10\/laxantesalud.png\u201d title_text=\u201dlaxantesalud\u201d _builder_version=\u201d4.27.4\u2033 _module_preset=\u201ddefault\u201d width=\u201d80%\u201d global_colors_info=\u201d{}\u201d][\/et_pb_image][\/et_pb_column][et_pb_column type=\u201d1_2\u2033 _builder_version=\u201d4.16\u2033 _module_preset=\u201dpredeterminado\u201d informaci\u00f3n_global_colors=\u201d{}\u201d][et_pb_text _builder_version=\u201d4.27.2\u2033 _module_preset=\u201dpredeterminado\u201d informaci\u00f3n_global_colors=\u201d{}\u201d]<\/p>\n<ul>\n<li>M\u00e1s de 50 a\u00f1os en el tratamiento del estre\u00f1imiento ocasional.<\/li>\n<li>Apto para adultos y ni\u00f1os mayores de 12 a\u00f1os.<\/li>\n<li>Medicamento no sujeto a prescripci\u00f3n m\u00e9dica.<br \/>Lea todo el prospecto detenidamente antes de empezar a usar el medicamento.<\/li>\n<li>En caso de duda consulte con su farmac\u00e9utico.<\/li>\n<\/ul>\n<p>[\/et_pb_text][et_pb_button button_url=\u201dhttps:\/\/cima.aemps.es\/cima\/dochtml\/ft\/35904\/FT_35904.html\u201d button_text=\u201dFolleto\u201d _builder_version=\u201d4.27.2\u2033 _module_preset=\u201ddefault\u201d custom_button=\u201don\u201d button_text_color=\u201d#c500ed\u201d global_colors_info=\u201d{}\u201d][\/et_pb_button][et_pb_image src=\u201d\/\/\/wp-content\/uploads\/2024\/10\/iconos.png\u201d title_text=\u201diconos\u201d _builder_version=\u201d4.27.2\u2033 _module_preset=\u201ddefault\u201d width=\u201d25%\u201d informaci\u00f3n_de_colores_globales=\u201d{}\u201d][\/et_pb_image][\/et_pb_column][\/et_pb_row][\/et_pb_section]<\/p>","protected":false},"excerpt":{"rendered":"<p>ProductsPharmaceutical Innovation Services, SL ha presentado m\u00faltiples solicitudes de licencia para su autorizaci\u00f3n a trav\u00e9s de los Procedimientos Nacionales y Descentralizados (DCP), algunas de las cuales se encuentran en evaluaci\u00f3n. Los productos que comercializa actualmente nuestra empresa se listan a continuaci\u00f3n. Laxante Salud 12,5 mg de extracto de hoja de Cassia Angustifolia, que contiene 7,5 mg de sen\u00f3sidos totales, expresados como sen\u00f3sidos B. M\u00e1s de [\u2026]<\/p>","protected":false},"author":1,"featured_media":0,"parent":0,"menu_order":0,"comment_status":"closed","ping_status":"closed","template":"","meta":{"_et_pb_use_builder":"on","_et_pb_old_content":"","_et_gb_content_width":"","footnotes":""},"class_list":["post-1395","page","type-page","status-publish","hentry"],"_links":{"self":[{"href":"https:\/\/pharmaceuticalinnovation.es\/es\/wp-json\/wp\/v2\/pages\/1395","targetHints":{"allow":["GET"]}}],"collection":[{"href":"https:\/\/pharmaceuticalinnovation.es\/es\/wp-json\/wp\/v2\/pages"}],"about":[{"href":"https:\/\/pharmaceuticalinnovation.es\/es\/wp-json\/wp\/v2\/types\/page"}],"author":[{"embeddable":true,"href":"https:\/\/pharmaceuticalinnovation.es\/es\/wp-json\/wp\/v2\/users\/1"}],"replies":[{"embeddable":true,"href":"https:\/\/pharmaceuticalinnovation.es\/es\/wp-json\/wp\/v2\/comments?post=1395"}],"version-history":[{"count":11,"href":"https:\/\/pharmaceuticalinnovation.es\/es\/wp-json\/wp\/v2\/pages\/1395\/revisions"}],"predecessor-version":[{"id":1613,"href":"https:\/\/pharmaceuticalinnovation.es\/es\/wp-json\/wp\/v2\/pages\/1395\/revisions\/1613"}],"wp:attachment":[{"href":"https:\/\/pharmaceuticalinnovation.es\/es\/wp-json\/wp\/v2\/media?parent=1395"}],"curies":[{"name":"Gracias","href":"https:\/\/api.w.org\/{rel}","templated":true}]}}