{"id":1320,"date":"2024-11-28T17:22:31","date_gmt":"2024-11-28T16:22:31","guid":{"rendered":"https:\/?page_id=1320"},"modified":"2025-09-18T07:32:51","modified_gmt":"2025-09-18T06:32:51","slug":"servicios-de-apoyo-a-estudios-clinicos","status":"publish","type":"page","link":"https:\/\/pharmaceuticalinnovation.es\/es\/servicios-de-apoyo-a-estudios-clinicos\/","title":{"rendered":"Estudios Cl\u00ednicos"},"content":{"rendered":"<p>[et_pb_section fb_built=\u201d1\u2033 custom_padding_last_edited=\u201don|tablet\u201d admin_label=\u201dHero\u201d _builder_version=\u201d4.27.4\u2033 background_enable_color=\u201doff\u201d use_background_color_gradient=\u201don\u201d background_color_gradient_type=\u201dcircular\u201d background_color_gradient_direction_radial=\u201dabajo a la izquierda\u201d background_color_gradient_stops=\u201d#8c1d6c 0%|rgba(10,10,10,0) 100%\u201d background_color_gradient_overlays_image=\u201don\u201d background_color_gradient_start=\u201d#af00a1\u2033 background_color_gradient_end=\u201drgba(10,10,10,0)\u201d background_image=\u201d\/\/\/wp-content\/uploads\/2022\/09\/laboratory-gffa24413c_1920-1.jpg\u201d background_enable_video_mp4=\u201doff\u201d height=\u201d430px\u201d custom_padding=\u201d0px|0px|0px|0px|false|false\u201d custom_padding_tablet=\u201d50px||50px||true\u201d custom_padding_phone=\u201d|||\u201d estilo_divisor_inferior=\u201dasymmetric2\u2033 color_divisor_inferior=\u201d#FFFFFF\u201d altura_divisor_inferior=\u201d50px\u201d giro_divisor_inferior=\u201dhorizontal\u201d disposici\u00f3n_divisor_inferior=\u201dabove_content\u201d altura_divisor_inferior_tablet=\u201d90px\u201d altura_divisor_inferior_phone=\u201d80px\u201d bloqueado=\u201ddesactivado\u201d contra\u00eddo=\u201dactivado\u201d informaci\u00f3n_colores_globales=\u201d{}\u201d][et_pb_row _builder_version=\u201d4.16\u2033 relleno_personalizado=\u201d9px|||||\u201d ancho_personalizado_px=\u201d1280px\u201d informaci\u00f3n_colores_globales=\u201d{}\u201d][et_pb_column tipo=\u201d4_4\u2033 _builder_version=\u201d4.16\u2033 direcci\u00f3n_gradiente_color_fondo=\u201d90deg\u201d relleno_personalizado=\u201d|||\u201d global_colors_info=\u201d{}\u201d custom_padding__hover=\u201d|||\u201d][et_pb_text _builder_version=\u201d4.27.4\u2033 text_font=\u201dMontserrat||||||||\u201d text_text_color=\u201drgba(255,255,255,0.7)\u201d text_font_size=\u201d20px\u201d header_font=\u201dMontserrat|700|||||||\u201d header_font_size=\u201d44px\u201d header_line_height=\u201d1.4em\u201d header_6_font=\u201dMontserrat|600||on|||||\u201d header_6_text_color=\u201drgba(255,255,255,0.7)\u201d header_6_font_size=\u201d16px\u201d header_6_letter_spacing=\u201d2px\u201d header_6_line_height=\u201d1.5em\u201d background_layout=\u201ddark\u201d max_width=\u201d715px\u201d custom_margin=\u201d69px||||false|false\u201d hover_enabled=\u201d0\u2033 text_font_size_tablet=\u201d\u201d text_font_size_phone=\u201d15px\u201d text_font_size_last_edited=\u201don|phone\u201d header_font_size_tablet=\u201d\u201d header_font_size_phone=\u201d28px\u201d header_font_size_last_edited=\u201don|phone\u201d global_colors_info=\u201d{}\u201d sticky_enabled=\u201d0\u2033]<\/p>\n<p>Desarrollo Farmac\u00e9utico, Regulatory Affairs, Garant\u00eda de Calidad y Servicios de Farmacovigilancia.<\/p>\n<h1 class=\"title cm_can_be_empty cm-templates-heading__title translation-block\"><a href=\"https:\/\/pharmaceuticalinnovation.es\/es\/servicios-de-apoyo-a-estudios-clinicos\/\" aria-current=\"page\">Estudios cl\u00ednicos<\/a><\/h1>\n<p>Le ofrecemos servicios de apoyo personalizados para sus <strong>Estudios Cl\u00ednicos<\/strong>, para garantizar los mejores resultados posibles en cada fase[\/et_pb_text][\/et_pb_column][\/et_pb_row][\/et_pb_section][et_pb_section fb_built=\u201d1\u2033 admin_label=\u201dServicio #6\u2033 module_id=\u201dnew\u201d _builder_version=\u201d4.19.0\u2033 _module_preset=\u201ddefault\u201d background_color=\u201d#f2f2f2\u2033 locked=\u201doff\u201d collapsed=\u201don\u201d global_colors_info=\u201d{}\u201d][et_pb_row _builder_version=\u201d4.19.0\u2033 _module_preset=\u201ddefault\u201d width_tablet=\u201d\u201d width_phone=\u201d\u201d width_last_edited=\u201don|desktop\u201d max_width=\u201d1200px\u201d max_width_tablet=\u201d1200px\u201d max_width_phone=\u201d1200px\u201d max_width_last_edited=\u201don|desktop\u201d custom_margin=\u201d||||false|false\u201d custom_padding=\u201d||2px||false|false\u201d collapsed=\u201don\u201d global_colors_info=\u201d{}\u201d][et_pb_column type=\u201d4_4\u2033 _builder_version=\u201d4.16\u2033 _module_preset=\u201ddefault\u201d custom_padding=\u201d0px|0px|0px|0px|false|false\u201d global_colors_info=\u201d{}\u201d][et_pb_divider color=\u201d#cc00e2\u2033 _builder_version=\u201d4.16\u2033 _module_preset=\u201ddefault\u201d custom_margin=\u201d6px|||||\u201d global_colors_info=\u201d{}\u201d][\/et_pb_divider][et_pb_text quote_border_color=\u201d#8c1d6c\u201d module_id=\u201dclinical\u201d _builder_version=\u201d4.19.0\u2033 text_font=\u201dMontserrat||||||||\u201d text_text_color=\u201d#000000\u2033 text_font_size=\u201d16px\u201d text_line_height=\u201d1.8em\u201d quote_font=\u201d||||||||\u201d header_font=\u201d|||||||||\u201d header_2_font=\u201dMontserrat||||||||\u201d color_del_texto_del_encabezado=\u201d#8c1d6c\u201d tama\u00f1o_de_fuente_del_encabezado=\u201d30px\u201d altura_de_l\u00ednea_del_encabezado=\u201d1.4em\u201d fuente_del_encabezado=\u201dMontserrat|600||en|||||\u201d color_texto_encabezado_6=\u201d#088b8c\u201d tama\u00f1o_fuente_encabezado_6=\u201d16px\u201d espaciado_letras_encabezado_6=\u201d2px\u201d altura_l\u00ednea_encabezado_6=\u201d1.5em\u201d dise\u00f1o_fondo=\u201doscuro\u201d ancho_m\u00e1ximo=\u201d793px\u201d margen_personalizado=\u201d-7px||-30px||falso|falso\u201d relleno_personalizado=\u201d||0px||falso|falso\u201d tama\u00f1o_fuente_encabezado_2_tableta=\u201d\u201d tama\u00f1o_fuente_encabezado_2_tel\u00e9fono=\u201d24px\u201d tama\u00f1o_fuente_encabezado_2_\u00faltima_edici\u00f3n=\u201dactivado|tel\u00e9fono\u201d bloqueado=\u201ddesactivado\u201d informaci\u00f3n_colores_globales=\u201d{}\u201d]<\/p>\n<blockquote>\n<h2><b>Apoyo Integral para Estudios Cl\u00ednicos<\/b><\/h2>\n<\/blockquote>\n<p>[\/et_pb_text][et_pb_text _builder_version=\u201d4.27.0\u2033 _module_preset=\u201ddefault\u201d width_tablet=\u201d\u201d width_phone=\u201d\u201d width_last_edited=\u201don|desktop\u201d max_width_tablet=\u201d\u201d max_width_phone=\u201d\u201d max_width_last_edited=\u201don|desktop\u201d custom_margin=\u201d|||30px|false|false\u201d custom_margin_tablet=\u201d|||30px|false|false\u201d custom_margin_phone=\u201d50px|||0px|false|false\u201d custom_margin_last_edited=\u201don|desktop\u201d custom_padding_tablet=\u201d\u201d custom_padding_phone=\u201d\u201d custom_padding_last_edited=\u201don|desktop\u201d global_colors_info=\u201d{}\u201d]<\/p>\n<p>En\u00a0<strong>Nuestro equipo en Pharmaceutical Innovation Services, S.L.<\/strong> entendemos que la ejecuci\u00f3n exitosa de estudios cl\u00ednicos es fundamental para el desarrollo farmac\u00e9utico, ya que influye directamente en la aprobaci\u00f3n y el \u00e9xito comercial de sus productos. Nuestra completa gama de servicios est\u00e1 dise\u00f1ada para apoyarle en cada fase de sus estudios cl\u00ednicos, garantizando el cumplimiento de todos los requisitos regulatorios y la solidez y fiabilidad de sus datos cl\u00ednicos.<\/p>\n<p>[\/et_pb_text][\/et_pb_column][\/et_pb_row][et_pb_row estructura_columna=\u201d2_5,3_5\u2033 _builder_version=\u201d4.27.4\u2033 _module_preset=\u201dpredeterminado\u201d ancho_tableta=\u201d\u201d ancho_tel\u00e9fono=\u201d\u201d ancho_\u00faltima_edici\u00f3n=\u201den|escritorio\u201d ancho_m\u00e1ximo=\u201d1145px\u201d ancho_m\u00e1ximo_tableta=\u201d1200px\u201d ancho_m\u00e1ximo_tel\u00e9fono=\u201d1200px\u201d ancho_m\u00e1ximo_\u00faltima_edici\u00f3n=\u201den|escritorio\u201d colapsado=\u201den\u201d informaci\u00f3n_global_colores=\u201d{}\u201d][et_pb_column tipo=\u201d2_5\u2033 _builder_version=\u201d4.27.4\u2033 _module_preset=\u201dpredeterminado\u201d background_video_mp4=\u201dhttps:\/\/pharmaceuticalinnovation.es\/wp-content\/uploads\/2022\/09\/studies.mov\u201d custom_padding=\u201d80px||200px||false|false\u201d custom_padding_tablet=\u201d80px||200px||false|false\u201d custom_padding_phone=\u201d80px||200px||false|false\u201d custom_padding_last_edited=\u201don|desktop\u201d global_colors_info=\u201d{}\u201d][\/et_pb_column][et_pb_column type=\u201d3_5\u2033 _builder_version=\u201d4.16\u2033 _module_preset=\u201ddefault\u201d global_colors_info=\u201d{}\u201d][et_pb_text _builder_version=\u201d4.19.0\u2033 _module_preset=\u201dpredeterminado\u201d relleno_personalizado=\u201d|0px||||\u201d informaci\u00f3n_de_colores_global=\u201d{}\u201d]<\/p>\n<h2><b>Estrategia y Apoyo Cl\u00ednico Personalizados<\/b><\/h2>\n<p>Navegar por las complejidades de los estudios cl\u00ednicos puede ser un desaf\u00edo, pero nuestro equipo experimentado est\u00e1 aqu\u00ed para guiarlo en cada paso del camino. Lo ayudamos a determinar la estrategia cl\u00ednica adecuada adaptada a las necesidades de su producto. Ya sea que est\u00e9 trabajando en un nuevo medicamento, buscando bioequivalencia o realizando una evaluaci\u00f3n de rendimiento, le ofrecemos la experiencia necesaria para dise\u00f1ar y ejecutar un estudio cl\u00ednico que cumpla con sus objetivos y requisitos regulatorios.<\/p>\n<p><span style=\"font-weight: 400;\"><\/span><\/p>\n<h2><b>Redacci\u00f3n M\u00e9dica Especializada y Gesti\u00f3n de Cumplimiento Normativo<\/b><\/h2>\n<p>Es fundamental que sus planes e informes de evaluaci\u00f3n cl\u00ednica y de evaluaci\u00f3n del rendimiento est\u00e9n actualizados y cumplan con las \u00faltimas normativas. Nuestros expertos redactores m\u00e9dicos tienen una amplia experiencia en la gesti\u00f3n de estos documentos, lo que garantiza que reflejen las gu\u00edas y los est\u00e1ndares m\u00e1s actuales. Le ayudamos a mantener el cumplimiento normativo durante todo el proceso del estudio cl\u00ednico, minimizando los riesgos y agilizando su camino hacia el mercado.<\/p>\n<p><span style=\"font-weight: 400;\"><\/span><\/p>\n<p>[\/et_pb_text][\/et_pb_column][\/et_pb_row][et_pb_row _builder_version=\u201d4.27.0\u2033 _module_preset=\u201dpredeterminado\u201d min_height=\u201d927.7px\u201d custom_margin=\u201d-35px|auto||385px||\u201d custom_padding=\u201d33px|||||\u201d global_colors_info=\u201d{}\u201d][et_pb_column type=\u201d4_4\u2033 _builder_version=\u201d4.27.0\u2033 _module_preset=\u201dpredeterminado\u201d global_colors_info=\u201d{}\u201d][et_pb_text _builder_version=\u201d4.27.4\u2033 _module_preset=\u201dpredeterminado\u201d custom_padding=\u201d0px|||||\u201d hover_enabled=\u201d0\u2033 global_colors_info=\u201d{}\u201d sticky_enabled=\u201d0\u2033]<\/p>\n<h2><b>Dise\u00f1o y Configuraci\u00f3n de Estudios Cl\u00ednicos<\/b><\/h2>\n<p><span style=\"font-weight: 400;\">Si se requieren datos cl\u00ednicos adicionales, <strong>Pharmaceutical Innovation Services,S.L.<\/strong>ofrece soporte completo en el dise\u00f1o y la configuraci\u00f3n de sus estudios cl\u00ednicos. Desde el concepto inicial hasta la ejecuci\u00f3n, gestionamos cada aspecto del proceso del estudio, asegur\u00e1ndonos de que su estudio sea cient\u00edficamente s\u00f3lido y est\u00e9 dise\u00f1ado para entregar resultados significativos. Esto incluye obtener todas las aprobaciones necesarias, seleccionar los sitios adecuados para el estudio cl\u00ednico y coordinar con los principales interesados para facilitar una ejecuci\u00f3n fluida.<\/span><\/p>\n<p><span style=\"font-weight: 400;\"><\/span><\/p>\n<h2><b>Servicios Clave en Estudios Cl\u00ednicos<\/b><\/h2>\n<p><span style=\"font-weight: 400;\">Nuestros servicios de estudios cl\u00ednicos cubren un amplio espectro de necesidades, desde las etapas iniciales de planificaci\u00f3n hasta el apoyo posterior al estudio.<\/span><\/p>\n<ul>\n<li style=\"font-weight: 400;\" aria-level=\"1\"><b>Asesoramiento cient\u00edfico:\u00a0<\/b>ofrecemos asesoramiento experto sobre la estrategia cl\u00ednica y los requisitos regulatorios, ayud\u00e1ndole a afrontar las complejidades de la investigaci\u00f3n cl\u00ednica. Esto incluye la elaboraci\u00f3n y presentaci\u00f3n de Asesor\u00edas Cient\u00edficas a las Autoridades Sanitarias, garantizando que su enfoque se ajuste a las expectativas regulatorias.<\/li>\n<li style=\"font-weight: 400;\" aria-level=\"1\"><strong>Selecci\u00f3n y Calificaci\u00f3n de CROs, Centros de Investigaci\u00f3n y Unidades de Fase I:<\/strong>\u00a0la selecci\u00f3n de los socios adecuados para su estudio cl\u00ednico es fundamental. Le ayudamos en la selecci\u00f3n y calificaci\u00f3n de Organizaciones de Investigaci\u00f3n por Contrato (CRO), centros de investigaci\u00f3n y unidades de Fase I, garantizando que su estudio sea realizado por profesionales calificados en instalaciones adecuadas.<\/li>\n<li style=\"font-weight: 400;\" aria-level=\"1\"><strong>Inicio y Seguimiento de Estudios Cl\u00ednicos (Fases I-IV):\u00a0<\/strong>gestionamos la puesta en marcha y el seguimiento de estudios cl\u00ednicos en todas las fases (I-IV), garantizando que los estudios se inicien a tiempo y se supervisen de cerca para mantener altos est\u00e1ndares de calidad y cumplimiento.<\/li>\n<li style=\"font-weight: 400;\" aria-level=\"1\"><strong>Preparaci\u00f3n de expedientes de medicamentos en investigaci\u00f3n (IMPD):<\/strong>\u00a0nuestro equipo prepara Expedientes completos de Productos Medicinales en Investigaci\u00f3n (IMPD), que son esenciales para las presentaciones y aprobaciones regulatorias. Estos expedientes incluyen toda la informaci\u00f3n necesaria sobre el producto en investigaci\u00f3n, lo que confirma que su estudio cumpla con todos los requisitos regulatorios.<\/li>\n<li style=\"font-weight: 400;\" aria-level=\"1\"><b style=\"font-size: 14px;\">Apoyo a los estudios de bioequivalencia y justificaci\u00f3n de la bioexenci\u00f3n:<\/b><span style=\"font-weight: 400;\"> para los desarrolladores de medicamentos gen\u00e9ricos, demostrar la bioequivalencia suele ser un obst\u00e1culo regulatorio clave. Ofrecemos apoyo experto en estudios de bioequivalencia y justificaciones de bioexenciones, lo que lo ayudar\u00e1 a construir un caso s\u00f3lido para la aprobaci\u00f3n regulatoria.<\/span><\/li>\n<\/ul>\n<p>&nbsp;<\/p>\n<h2><b>Gesti\u00f3n Integral de Estudios Cl\u00ednicos<\/b><\/h2>\n<p>Ofrecemos una <strong>gesti\u00f3n integral de sus estudios cl\u00ednicos,<\/strong>desde la planificaci\u00f3n y el dise\u00f1o iniciales hasta la ejecuci\u00f3n del estudio y el informe final. Nuestro objetivo es garantizar que sus estudios cl\u00ednicos se lleven a cabo de manera eficiente, eficaz y en total cumplimiento de las normas regulatorias. Entendemos el papel fundamental que desempe\u00f1an los estudios cl\u00ednicos en el desarrollo y la aprobaci\u00f3n de productos farmac\u00e9uticos, y estamos comprometidos a ayudarlo a lograr el \u00e9xito en esta \u00e1rea crucial.<\/p>\n<p><span style=\"font-weight: 400;\"><\/span><\/p>\n<h2><strong>\u00bfQu\u00e9 hace que Pharmaceutical Innovation Services, S.L. sea el socio ideal para gestionar sus estudios cl\u00ednicos?<\/strong><\/h2>\n<\/p>\n<p>Los estudios cl\u00ednicos son un componente vital del desarrollo farmac\u00e9utico y su ejecuci\u00f3n exitosa requiere un profundo conocimiento de los requisitos cient\u00edficos y regulatorios.\u00a0En\u00a0<strong>Nuestro equipo en Pharmaceutical Innovation Services, S.L.<\/strong> Ofrecemos un conjunto integral de servicios para respaldar cada aspecto de sus estudios cl\u00ednicos, desde la planificaci\u00f3n estrat\u00e9gica hasta la ejecuci\u00f3n detallada y la gesti\u00f3n del cumplimiento. Colabore con nosotros para garantizar que sus estudios cl\u00ednicos se realicen con los m\u00e1s altos est\u00e1ndares de calidad y precisi\u00f3n, allanando el camino para la aprobaci\u00f3n exitosa y el lanzamiento al mercado de sus productos.[\/et_pb_text][\/et_pb_column][\/et_pb_row][\/et_pb_section][et_pb_section fb_built=\u201d1\u2033 admin_label=\u201dContacto\u201d _builder_version=\u201d4.27.3\u2033 background_color=\u201d#FFFFFF\u201d custom_margin=\u201d-11px||||false|false\u201d locked=\u201doff\u201d collapsed=\u201doff\u201d global_colors_info=\u201d{}\u201d][et_pb_row _builder_version=\u201d4.16\u2033 custom_width_px=\u201d710px\u201d locked=\u201doff\u201d global_colors_info=\u201d{}\u201d][et_pb_column type=\u201d4_4\u2033 _builder_version=\u201d4.16\u2033 background_position=\u201dtop_left\u201d custom_padding=\u201d|||\u201d global_colors_info=\u201d{}\u201d custom_padding__hover=\u201d|||\u201d][et_pb_divider color=\u201d#4e5ed0\u2033 divider_weight=\u201d3px\u201d disabled_on=\u201doff|off|off\u201d _builder_version=\u201d4.27.3\u2033 background_color_gradient_direction=\u201d90deg\u201d max_width=\u201d100px\u201d module_alignment=\u201dcenter\u201d height=\u201d5px\u201d custom_margin=\u201d-21px||20px||false|false\u201d custom_padding=\u201d||20px|\u201d Estilo_animaci\u00f3n=\u201ddeslizar\u201d Direcci\u00f3n_animaci\u00f3n=\u201dabajo\u201d Pesta\u00f1as_guardadas=\u201dtodas\u201d Bloqueado=\u201ddesactivado\u201d Informaci\u00f3n_global_colores=\u201d{}\u201d][\/et_pb_divider][et_pb_texto Etiqueta_administraci\u00f3n=\u201dT\u00edtulo_secci\u00f3n_contacto\u201d Versi\u00f3n_constructor=\u201d4.27.4\u2033 Fuente_encabezado=\u201dMontserrat||||\u201d Color_texto_encabezado=\u201d#1f1f1f\u201d Tama\u00f1o_fuente_encabezado=\u201d36px\u201d Orientaci\u00f3n_texto=\u201dcentro\u201d Ancho_m\u00e1ximo=\u201d710px\u201d Alineaci\u00f3n_m\u00f3dulo=\u201dcentro\u201d Estilo_animaci\u00f3n=\u201dplegar\u201d Direcci\u00f3n_animaci\u00f3n=\u201dabajo\u201d Intensidad_animaci\u00f3n_plegar=\u201d20%\u201d Activar_flotar=\u201d0\u2033 Informaci\u00f3n_global_colores=\u201d{}\u201d Tama\u00f1o_fuente_encabezado3=\u201d36px\u201d Activar_fijo=\u201d0\u2033]<\/p>\n<h3>Contacte con nosotros<\/h3>\n<p>[\/et_pb_text][et_pb_text admin_label=\u201dSubt\u00edtulo de la secci\u00f3n de contacto\u201d _builder_version=\u201d4.27.4\u2033 text_font_size=\u201d16px\u201d text_line_height=\u201d1.9em\u201d text_orientation=\u201dcenter\u201d max_width=\u201d710px\u201d module_alignment=\u201dcenter\u201d animation_style=\u201dfold\u201d animation_direction=\u201dbottom\u201d animation_intensity_fold=\u201d20%\u201d global_colors_info=\u201d{}\u201d]<\/p>\n<div id=\"form_1554889784645_360178_introtext\">Si est\u00e1 interesado en contactar con nosotros, por favor rellene el siguiente formulario y le responderemos en la mayor brevedad.<\/div>\n<p>[\/et_pb_text][\/et_pb_column][\/et_pb_row][et_pb_row _builder_version=&#8221;4.27.3&#8243; max_width=&#8221;900px&#8221; use_custom_width=&#8221;on&#8221; custom_width_px=&#8221;900px&#8221; collapsed=&#8221;off&#8221; global_colors_info=&#8221;{}&#8221;][et_pb_column type=&#8221;4_4&#8243; _builder_version=&#8221;4.16&#8243; custom_padding=&#8221;|||&#8221; global_colors_info=&#8221;{}&#8221; custom_padding__hover=&#8221;|||&#8221;][et_pb_contact_form use_spam_service=&#8221;on&#8221; recaptcha_list=&#8221;wwwpharmaceuticalinnovationes-0&#8243; email=&#8221;info@&#8221; submit_button_text=&#8221;Send&#8221; _builder_version=&#8221;4.27.4&#8243; _module_preset=&#8221;default&#8221; _unique_id=&#8221;a56346f4-3903-49bf-aed7-9bb9b716ccb3&#8243; custom_button=&#8221;on&#8221; button_text_color=&#8221;#8300E9&#8243; global_colors_info=&#8221;{}&#8221;][et_pb_contact_field field_id=&#8221;Name&#8221; field_title=&#8221;Name&#8221; _builder_version=&#8221;4.24.0&#8243; global_colors_info=&#8221;{}&#8221; button_text_size__hover_enabled=&#8221;off&#8221; button_one_text_size__hover_enabled=&#8221;off&#8221; button_two_text_size__hover_enabled=&#8221;off&#8221; button_text_color__hover_enabled=&#8221;off&#8221; button_one_text_color__hover_enabled=&#8221;off&#8221; button_two_text_color__hover_enabled=&#8221;off&#8221; button_border_width__hover_enabled=&#8221;off&#8221; button_one_border_width__hover_enabled=&#8221;off&#8221; button_two_border_width__hover_enabled=&#8221;off&#8221; button_border_color__hover_enabled=&#8221;off&#8221; button_one_border_color__hover_enabled=&#8221;off&#8221; button_two_border_color__hover_enabled=&#8221;off&#8221; button_border_radius__hover_enabled=&#8221;off&#8221; button_one_border_radius__hover_enabled=&#8221;off&#8221; button_two_border_radius__hover_enabled=&#8221;off&#8221; button_letter_spacing__hover_enabled=&#8221;off&#8221; button_one_letter_spacing__hover_enabled=&#8221;off&#8221; button_two_letter_spacing__hover_enabled=&#8221;off&#8221; button_bg_color__hover_enabled=&#8221;off&#8221; button_one_bg_color__hover_enabled=&#8221;off&#8221; button_two_bg_color__hover_enabled=&#8221;off&#8221;][\/et_pb_contact_field][et_pb_contact_field field_id=&#8221;Phone&#8221; field_title=&#8221;Phone&#8221; _builder_version=&#8221;4.24.0&#8243; global_colors_info=&#8221;{}&#8221; button_text_size__hover_enabled=&#8221;off&#8221; button_one_text_size__hover_enabled=&#8221;off&#8221; button_two_text_size__hover_enabled=&#8221;off&#8221; button_text_color__hover_enabled=&#8221;off&#8221; button_one_text_color__hover_enabled=&#8221;off&#8221; button_two_text_color__hover_enabled=&#8221;off&#8221; button_border_width__hover_enabled=&#8221;off&#8221; button_one_border_width__hover_enabled=&#8221;off&#8221; button_two_border_width__hover_enabled=&#8221;off&#8221; button_border_color__hover_enabled=&#8221;off&#8221; button_one_border_color__hover_enabled=&#8221;off&#8221; button_two_border_color__hover_enabled=&#8221;off&#8221; button_border_radius__hover_enabled=&#8221;off&#8221; button_one_border_radius__hover_enabled=&#8221;off&#8221; button_two_border_radius__hover_enabled=&#8221;off&#8221; button_letter_spacing__hover_enabled=&#8221;off&#8221; button_one_letter_spacing__hover_enabled=&#8221;off&#8221; button_two_letter_spacing__hover_enabled=&#8221;off&#8221; button_bg_color__hover_enabled=&#8221;off&#8221; button_one_bg_color__hover_enabled=&#8221;off&#8221; button_two_bg_color__hover_enabled=&#8221;off&#8221;][\/et_pb_contact_field][et_pb_contact_field field_id=&#8221;Email&#8221; field_title=&#8221;Email Address&#8221; field_type=&#8221;email&#8221; fullwidth_field=&#8221;on&#8221; _builder_version=&#8221;4.24.0&#8243; global_colors_info=&#8221;{}&#8221; button_text_size__hover_enabled=&#8221;off&#8221; button_one_text_size__hover_enabled=&#8221;off&#8221; button_two_text_size__hover_enabled=&#8221;off&#8221; button_text_color__hover_enabled=&#8221;off&#8221; button_one_text_color__hover_enabled=&#8221;off&#8221; button_two_text_color__hover_enabled=&#8221;off&#8221; button_border_width__hover_enabled=&#8221;off&#8221; button_one_border_width__hover_enabled=&#8221;off&#8221; button_two_border_width__hover_enabled=&#8221;off&#8221; button_border_color__hover_enabled=&#8221;off&#8221; button_one_border_color__hover_enabled=&#8221;off&#8221; button_two_border_color__hover_enabled=&#8221;off&#8221; button_border_radius__hover_enabled=&#8221;off&#8221; button_one_border_radius__hover_enabled=&#8221;off&#8221; button_two_border_radius__hover_enabled=&#8221;off&#8221; button_letter_spacing__hover_enabled=&#8221;off&#8221; button_one_letter_spacing__hover_enabled=&#8221;off&#8221; button_two_letter_spacing__hover_enabled=&#8221;off&#8221; button_bg_color__hover_enabled=&#8221;off&#8221; button_one_bg_color__hover_enabled=&#8221;off&#8221; button_two_bg_color__hover_enabled=&#8221;off&#8221;][\/et_pb_contact_field][et_pb_contact_field field_id=&#8221;Message&#8221; field_title=&#8221;Message&#8221; field_type=&#8221;text&#8221; fullwidth_field=&#8221;on&#8221; _builder_version=&#8221;4.16&#8243; global_colors_info=&#8221;{}&#8221; button_text_size__hover_enabled=&#8221;off&#8221; button_one_text_size__hover_enabled=&#8221;off&#8221; button_two_text_size__hover_enabled=&#8221;off&#8221; button_text_color__hover_enabled=&#8221;off&#8221; button_one_text_color__hover_enabled=&#8221;off&#8221; button_two_text_color__hover_enabled=&#8221;off&#8221; button_border_width__hover_enabled=&#8221;off&#8221; button_one_border_width__hover_enabled=&#8221;off&#8221; button_two_border_width__hover_enabled=&#8221;off&#8221; button_border_color__hover_enabled=&#8221;off&#8221; button_one_border_color__hover_enabled=&#8221;off&#8221; button_two_border_color__hover_enabled=&#8221;off&#8221; button_border_radius__hover_enabled=&#8221;off&#8221; button_one_border_radius__hover_enabled=&#8221;off&#8221; button_two_border_radius__hover_enabled=&#8221;off&#8221; button_letter_spacing__hover_enabled=&#8221;off&#8221; button_one_letter_spacing__hover_enabled=&#8221;off&#8221; button_two_letter_spacing__hover_enabled=&#8221;off&#8221; button_bg_color__hover_enabled=&#8221;off&#8221; button_one_bg_color__hover_enabled=&#8221;off&#8221; button_two_bg_color__hover_enabled=&#8221;off&#8221;][\/et_pb_contact_field][et_pb_contact_field field_id=&#8221;Accept_the_privacy_policy&#8221; field_title=&#8221;I have read and agreed to the&#8221; field_type=&#8221;checkbox&#8221; checkbox_options=&#8221;%91{%22value%22:%22Privacy policy%22,%22checked%22:0,%22dragID%22:-1}%93&#8243; fullwidth_field=&#8221;on&#8221; _builder_version=&#8221;4.24.0&#8243; _module_preset=&#8221;default&#8221; global_colors_info=&#8221;{}&#8221;][\/et_pb_contact_field][\/et_pb_contact_form][\/et_pb_column][\/et_pb_row][\/et_pb_section]<\/p>","protected":false},"excerpt":{"rendered":"<p>Desarrollo Farmac\u00e9utico, Regulatory Affairs, Servicios de Garant\u00eda de Calidad y Farmacovigilancia Estudios Cl\u00ednicos Brindamos servicios de soporte personalizados para sus Estudios Cl\u00ednicos, para asegurar los mejores resultados posibles en cada fase Soporte Integral para Estudios Cl\u00ednicos En Pharmaceutical Innovation Services, SL entendemos que la ejecuci\u00f3n exitosa de estudios cl\u00ednicos es una piedra angular del desarrollo farmac\u00e9utico, influyendo directamente en el [\u2026]<\/p>","protected":false},"author":1,"featured_media":0,"parent":0,"menu_order":0,"comment_status":"closed","ping_status":"closed","template":"","meta":{"_et_pb_use_builder":"on","_et_pb_old_content":"","_et_gb_content_width":"","footnotes":""},"class_list":["post-1320","page","type-page","status-publish","hentry"],"_links":{"self":[{"href":"https:\/\/pharmaceuticalinnovation.es\/es\/wp-json\/wp\/v2\/pages\/1320","targetHints":{"allow":["GET"]}}],"collection":[{"href":"https:\/\/pharmaceuticalinnovation.es\/es\/wp-json\/wp\/v2\/pages"}],"about":[{"href":"https:\/\/pharmaceuticalinnovation.es\/es\/wp-json\/wp\/v2\/types\/page"}],"author":[{"embeddable":true,"href":"https:\/\/pharmaceuticalinnovation.es\/es\/wp-json\/wp\/v2\/users\/1"}],"replies":[{"embeddable":true,"href":"https:\/\/pharmaceuticalinnovation.es\/es\/wp-json\/wp\/v2\/comments?post=1320"}],"version-history":[{"count":17,"href":"https:\/\/pharmaceuticalinnovation.es\/es\/wp-json\/wp\/v2\/pages\/1320\/revisions"}],"predecessor-version":[{"id":1702,"href":"https:\/\/pharmaceuticalinnovation.es\/es\/wp-json\/wp\/v2\/pages\/1320\/revisions\/1702"}],"wp:attachment":[{"href":"https:\/\/pharmaceuticalinnovation.es\/es\/wp-json\/wp\/v2\/media?parent=1320"}],"curies":[{"name":"Gracias","href":"https:\/\/api.w.org\/{rel}","templated":true}]}}