{"id":1312,"date":"2024-11-28T16:57:19","date_gmt":"2024-11-28T15:57:19","guid":{"rendered":"https:\/?page_id=1312"},"modified":"2025-09-18T07:26:30","modified_gmt":"2025-09-18T06:26:30","slug":"evaluacion-de-riesgos-cumplimiento-de-la-garantia-de-calidad","status":"publish","type":"page","link":"https:\/\/pharmaceuticalinnovation.es\/es\/evaluacion-de-riesgos-cumplimiento-de-la-garantia-de-calidad\/","title":{"rendered":"Evaluaci\u00f3n de riesgos, garant\u00eda de calidad y cumplimiento normativo"},"content":{"rendered":"<p>[et_pb_section fb_built=\u201d1\u2033 custom_padding_last_edited=\u201don|tablet\u201d admin_label=\u201dHero\u201d _builder_version=\u201d4.27.4\u2033 background_enable_color=\u201doff\u201d use_background_color_gradient=\u201don\u201d background_color_gradient_type=\u201dcircular\u201d background_color_gradient_direction_radial=\u201dabajo a la izquierda\u201d background_color_gradient_stops=\u201d#8c1d6c 0%|rgba(10,10,10,0) 100%\u201d background_color_gradient_overlays_image=\u201don\u201d background_color_gradient_start=\u201d#af00a1\u2033 background_color_gradient_end=\u201drgba(10,10,10,0)\u201d background_image=\u201d\/\/\/wp-content\/uploads\/2022\/09\/laboratory-gffa24413c_1920-1.jpg\u201d background_enable_video_mp4=\u201doff\u201d height=\u201d580px\u201d custom_padding=\u201d0px|0px|0px|0px|false|false\u201d custom_padding_tablet=\u201d50px||50px||true\u201d custom_padding_phone=\u201d|||\u201d estilo_divisor_inferior=\u201dasymmetric2\u2033 color_divisor_inferior=\u201d#FFFFFF\u201d altura_divisor_inferior=\u201d50px\u201d giro_divisor_inferior=\u201dhorizontal\u201d disposici\u00f3n_divisor_inferior=\u201dabove_content\u201d altura_divisor_inferior_tablet=\u201d90px\u201d altura_divisor_inferior_phone=\u201d80px\u201d bloqueado=\u201ddesactivado\u201d contra\u00eddo=\u201dactivado\u201d informaci\u00f3n_colores_globales=\u201d{}\u201d][et_pb_row _builder_version=\u201d4.27.4\u2033 relleno_personalizado=\u201d9px|||||\u201d ancho_personalizado_px=\u201d1280px\u201d informaci\u00f3n_colores_globales=\u201d{}\u201d][et_pb_column tipo=\u201d4_4\u2033 _builder_version=\u201d4.16\u2033 direcci\u00f3n_gradiente_color_fondo=\u201d90deg\u201d relleno_personalizado=\u201d|||\u201d global_colors_info=\u201d{}\u201d custom_padding__hover=\u201d|||\u201d][et_pb_text _builder_version=\u201d4.27.4\u2033 text_font=\u201dMontserrat||||||||\u201d text_text_color=\u201drgba(255,255,255,0.7)\u201d text_font_size=\u201d20px\u201d header_font=\u201dMontserrat|700|||||||\u201d header_font_size=\u201d44px\u201d header_line_height=\u201d1.4em\u201d header_6_font=\u201dMontserrat|600||on|||||\u201d header_6_text_color=\u201drgba(255,255,255,0.7)\u201d header_6_font_size=\u201d16px\u201d header_6_letter_spacing=\u201d2px\u201d header_6_line_height=\u201d1.5em\u201d background_layout=\u201ddark\u201d max_width=\u201d715px\u201d min_height=\u201d337.8px\u201d custom_margin=\u201d69px||||false|false\u201d hover_enabled=\u201d0\u2033 text_font_size_tablet=\u201d\u201d text_font_size_phone=\u201d15px\u201d text_font_size_last_edited=\u201don|phone\u201d header_font_size_tablet=\u201d\u201d header_font_size_phone=\u201d28px\u201d header_font_size_last_edited=\u201don|phone\u201d global_colors_info=\u201d{}\u201d sticky_enabled=\u201d0\u2033]<\/p>\n<p>Desarrollo Farmac\u00e9utico, Regulatory Affairs, Garant\u00eda de Calidad y Servicios de Farmacovigilancia.<\/p>\n<h1 class=\"title cm_can_be_empty cm-templates-heading__title\"><span><strong>Evaluaci\u00f3n del Riesgo Farmac\u00e9utico y Servicios de Garant\u00eda de Calidad y Cumplimiento Normativo<br \/>\n<\/strong><\/span><\/h1>\n<p>Le ayudamos con la <strong>Evaluaci\u00f3n de riesgos farmac\u00e9uticos<\/strong> y <strong>los Servicios de Garant\u00eda de Calidad<\/strong> y <strong>Cumplimiento Normativo,<\/strong>asegurando la <strong>excelencia<\/strong> en cada etapa[\/et_pb_text][\/et_pb_column][\/et_pb_row][\/et_pb_section][et_pb_section fb_built=\u201d1\u2033 admin_label=\u201dServicio #4\u2033 module_id=\u201dnew\u201d _builder_version=\u201d4.19.0\u2033 _module_preset=\u201ddefault\u201d background_color=\u201d#f2f2f2\u2033 locking=\u201doff\u201d collapsed=\u201don\u201d global_colors_info=\u201d{}\u201d][et_pb_row _builder_version=\u201d4.19.0\u2033 _module_preset=\u201ddefault\u201d width_tablet=\u201d\u201d width_phone=\u201d\u201d width_last_edited=\u201don|desktop\u201d max_width=\u201d1200px\u201d max_width_tablet=\u201d1200px\u201d max_width_phone=\u201d1200px\u201d max_width_last_edited=\u201don|desktop\u201d custom_margin=\u201d||||false|false\u201d custom_padding=\u201d||2px||false|false\u201d global_colors_info=\u201d{}\u201d][et_pb_column type=\u201d4_4\u2033 _builder_version=\u201d4.16\u2033 _module_preset=\u201ddefault\u201d custom_padding=\u201d0px|0px|0px|0px|false|false\u201d global_colors_info=\u201d{}\u201d][et_pb_divider color=\u201d#cc00e2\u2033 _builder_version=\u201d4.16\u2033 _module_preset=\u201ddefault\u201d custom_margin=\u201d6px|||||\u201d global_colors_info=\u201d{}\u201d][\/et_pb_divider][et_pb_text quote_border_color=\u201d#8c1d6c\u201d module_id=\u201drisk\u201d _builder_version=\u201d4.19.0\u2033 text_font=\u201dMontserrat||||||||\u201d text_text_color=\u201d#000000\u2033 text_font_size=\u201d16px\u201d text_line_height=\u201d1.8em\u201d quote_font=\u201d||||||||\u201d header_font=\u201d|||||||||\u201d header_2_font=\u201dMontserrat||||||||\u201d color_del_texto_del_encabezado=\u201d#8c1d6c\u201d tama\u00f1o_de_fuente_del_encabezado=\u201d30px\u201d altura_de_l\u00ednea_del_encabezado=\u201d1.4em\u201d fuente_del_encabezado=\u201dMontserrat|600||en|||||\u201d color_texto_encabezado_6=\u201d#088b8c\u201d tama\u00f1o_fuente_encabezado_6=\u201d16px\u201d espaciado_letras_encabezado_6=\u201d2px\u201d altura_l\u00ednea_encabezado_6=\u201d1.5em\u201d dise\u00f1o_fondo=\u201doscuro\u201d ancho_m\u00e1ximo=\u201d1128px\u201d margen_personalizado=\u201d-7px||-30px||falso|falso\u201d relleno_personalizado=\u201d||0px||falso|falso\u201d tama\u00f1o_fuente_encabezado_2_tableta=\u201d\u201d tama\u00f1o_fuente_encabezado_2_tel\u00e9fono=\u201d24px\u201d tama\u00f1o_fuente_encabezado_2_\u00faltima_edici\u00f3n=\u201dactivado|tel\u00e9fono\u201d bloqueado=\u201ddesactivado\u201d informaci\u00f3n_colores_globales=\u201d{}\u201d]<\/p>\n<blockquote>\n<h2><b>Evaluaci\u00f3n de Riesgos y Servicios de Garant\u00eda de Calidad y Cumplimiento Normativo<\/b><\/h2>\n<\/blockquote>\n<p>[\/et_pb_text][et_pb_text _builder_version=\u201d4.19.0\u2033 _module_preset=\u201ddefault\u201d custom_margin=\u201d||-30px|30px|false|false\u201d custom_margin_tablet=\u201d||-30px|30px|false|false\u201d custom_margin_phone=\u201d50px |||0px|false|false\u201d custom_margin_last_edited=\u201den|tel\u00e9fono\u201d custom_padding_tablet=\u201d\u201d custom_padding_phone=\u201d\u201d custom_padding_last_edited=\u201den|tel\u00e9fono\u201d global_colors_info=\u201d{}\u201d]<\/p>\n<p>En\u00a0<strong>Nuestro equipo en Pharmaceutical Innovation Services, S.L.<\/strong> estamos especializados en la realizaci\u00f3n de Evaluaci\u00f3n de Riesgos Farmac\u00e9uticos y Garant\u00eda de Calidad y Cumplimiento Normativo, ofreciendo soluciones integrales para garantizar que sus productos cumplan con los m\u00e1s altos est\u00e1ndares de calidad y con los requisitos regulatorios. La Gesti\u00f3n de Riesgos de Calidad es un proceso sistem\u00e1tico que implica evaluar, controlar, comunicar y revisar los riesgos que podr\u00edan afectar la calidad de un producto farmac\u00e9utico. Nuestro objetivo es identificar y gestionar estos riesgos a lo largo de todo el ciclo de vida del producto, garantizando que la calidad se mantenga en cada etapa sin comprometer el cumplimiento regulatorio.<\/p>\n<p>&nbsp;<\/p>\n<p>[\/et_pb_text][\/et_pb_column][\/et_pb_row][et_pb_row estructura_columna=\u201d2_5,3_5\u2033 _builder_version=\u201d4.27.0\u2033 _module_preset=\u201ddefault\u201d informaci\u00f3n_global_colors=\u201d{}\u201d][et_pb_column tipo=\u201d2_5\u2033 _builder_version=\u201d4.27.0\u2033 _module_preset=\u201ddefault\u201d informaci\u00f3n_global_colors=\u201d{}\u201d][et_pb_video src_webm=\u201dhttps:\/\/pharmaceuticalinnovation.es\/wp-content\/uploads\/2022\/09\/risk.mov\u201d _builder_version=\u201d4.27.4\u2033 _module_preset=\u201ddefault\u201d global_colors_info=\u201d{}\u201d][\/et_pb_video][\/et_pb_column][et_pb_column type=\u201d3_5\u2033 _builder_version=\u201d4.27.0\u2033 _module_preset=\u201ddefault\u201d global_colors_info=\u201d{}\u201d][et_pb_text _builder_version=\u201d4.27.0\u2033 _module_preset=\u201ddefault\u201d global_colors_info=\u201d{}\u201d]<\/p>\n<h2><b>Evaluaci\u00f3n integral de riesgos para una mejor calidad<\/b><b><\/b><\/h2>\n<p class=\"translation-block\">La obtenci\u00f3n de financiaci\u00f3n y la formaci\u00f3n de alianzas estrat\u00e9gicas son pasos esenciales para el desarrollo exitoso de nuevos productos farmac\u00e9uticos. En\u00a0Pharmaceutical Innovation Services, S.L., le ayudamos a identificar las mejores oportunidades de financiaci\u00f3n y le apoyamos en la creaci\u00f3n de alianzas que puedan impulsar su proyecto. Entendemos que un respaldo financiero s\u00f3lido es tan importante como la innovaci\u00f3n t\u00e9cnica y estamos aqu\u00ed para ayudarle a lograrlo.<\/p>\n<p>[\/et_pb_text][\/et_pb_column][\/et_pb_row][et_pb_row _builder_version=\u201d4.27.0\u2033 _module_preset=\u201dpredeterminado\u201d global_colors_info=\u201d{}\u201d][et_pb_column type=\u201d4_4\u2033 _builder_version=\u201d4.27.0\u2033 _module_preset=\u201dpredeterminado\u201d global_colors_info=\u201d{}\u201d][et_pb_text _builder_version=\u201d4.27.0\u2033 _module_preset=\u201dpredeterminado\u201d custom_margin=\u201d|||-41px||\u201d global_colors_info=\u201d{}\u201d]<\/p>\n<h3><b>Servicios Clave de Evaluaci\u00f3n de Riesgos<\/b><\/h3>\n<p>Ofrecemos  una gama de servicios especializados, desarrollados para abordar diversos aspectos de la Evaluaci\u00f3n de Riesgos y la Garant\u00eda de Calidad:<\/p>\n<ul>\n<li style=\"font-weight: 400;\" aria-level=\"1\"><strong>Evaluaci\u00f3n de riesgos de impurezas elementales (ICH Q3D):<\/strong> las impurezas elementales pueden suponer riesgos significativos para la seguridad y la eficacia de los productos farmac\u00e9uticos. Realizamos evaluaciones de riesgos exhaustivas de acuerdo con las directrices ICH Q3D para garantizar que las impurezas elementales se mantengan dentro de l\u00edmites aceptables. Este proceso contribuye a proteger la seguridad del paciente y a mantener la calidad del producto.<\/li>\n<li style=\"font-weight: 400;\" aria-level=\"1\"><strong>Soporte para auditor\u00edas BPX:<\/strong>\u00a0as auditor\u00edas BPX son esenciales para garantizar el cumplimiento de los requisitos normativos en toda la industria farmac\u00e9utica. Ofrecemos apoyo en la ejecuci\u00f3n y evaluaci\u00f3n de auditor\u00edas BPX (BPF y BPD), ayud\u00e1ndole a identificar deficiencias y desarrollar planes de Acciones Correctivas y Preventivas (CAPA) eficaces. Nuestros servicios tambi\u00e9n incluyen evaluaciones de seguimiento para evaluar la eficacia de estas medidas, asegurando la resoluci\u00f3n de cualquier problema identificado.<\/li>\n<li style=\"font-weight: 400;\" aria-level=\"1\"><strong>Preparaci\u00f3n controlada de documentos:<\/strong>\u00a0los procedimientos precisos y bien documentados son fundamentales para mantener la calidad y el cumplimiento normativo. Ayudamos a preparar procedimientos normalizados de trabajo (PNT), instrucciones de trabajo y formularios controlados. Estos documentos proporcionan un marco claro para la coherencia operativa y el cumplimiento normativo, lo que ayuda a prevenir errores y a mantener altos est\u00e1ndares en toda la organizaci\u00f3n.<\/li>\n<\/ul>\n<p><span style=\"font-weight: 400;\"><\/span><\/p>\n<h3><b>Soporte en Garant\u00eda de Calidad y \u00c9xito en Cumplimiento Regulatorio<\/b><\/h3>\n<p><span style=\"font-weight: 400;\">Asegurarse de que su empresa cumple con las Buenas Pr\u00e1cticas de Distribuci\u00f3n (BPD) y otros requisitos normativos es fundamental para mantener el acceso al mercado y la integridad del producto. Nuestros servicios de Garant\u00eda de Calidad y Cumplimiento Regulatorio est\u00e1n dise\u00f1ados para ayudar a su organizaci\u00f3n a lograr y mantener el cumplimiento normativo:<\/span><\/p>\n<ul>\n<li style=\"font-weight: 400;\" aria-level=\"1\"><strong>Implementaci\u00f3n del PIB y apoyo al TAC:\u00a0<\/strong>Ofrecemos asesoramiento y soporte t\u00e9cnico para ayudarle a implementar eficazmente las Buenas Pr\u00e1cticas de Distribuci\u00f3n (BPD). Nuestros servicios incluyen soporte integral para todos los requisitos del Titular de la Autorizaci\u00f3n de Comercializaci\u00f3n (TAC), gui\u00e1ndole en el proceso de obtenci\u00f3n de la Autorizaci\u00f3n y la Certificaci\u00f3n BPD. Esto garantiza que sus pr\u00e1cticas de distribuci\u00f3n cumplan con los est\u00e1ndares regulatorios, protegiendo la integridad de su producto y la reputaci\u00f3n de su empresa.<\/li>\n<\/ul>\n<p><span style=\"font-weight: 400;\"><\/span><\/p>\n<h3><b>Gesti\u00f3n Continua del Riesgo y Garant\u00eda de Calidad<\/b><\/h3>\n<p>La Gesti\u00f3n de Riesgos y la Garant\u00eda la Calidad no son actividades puntuales sino procesos continuos que requieren atenci\u00f3n continua.\u00a0En\u00a0<strong>Nuestro equipo en Pharmaceutical Innovation Services, S.L.<\/strong>brindamos soporte continuo para ayudarlo a gestionar los riesgos y mantener el cumplimiento durante todo el ciclo de vida del producto. Nuestro enfoque proactivo garantiza que se identifiquen y solucionen los problemas potenciales antes de que puedan afectar la calidad del producto o el estado regulatorio.<\/p>\n<p><span style=\"font-weight: 400;\"><\/span><\/p>\n<p><span style=\"font-weight: 400;\"><\/span><\/p>\n<h2><strong>\u00bfQu\u00e9 ventajas ofrece Pharmaceutical Innovation Services, S.L. en la Evaluaci\u00f3n de Riesgos Farmac\u00e9uticos y Garant\u00eda de la Calidad?<\/strong><\/h2>\n<p><span style=\"font-weight: 400;\"><\/span><\/p>\n<p>Gracias a nuestra experiencia en Evaluaci\u00f3n de Riesgos Farmac\u00e9uticos, Control de Calidad y Cumplimiento, Pharmaceutical Innovation Services, SL es su socio de confianza para gestionar las complejidades de la calidad farmac\u00e9utica y el cumplimiento normativo. Nos comprometemos a ayudarle a mantener los m\u00e1s altos est\u00e1ndares de calidad y a verificar que sus productos sean seguros, eficaces y cumplan con todos los requisitos regulatorios. Perm\u00edtanos ayudarle a afrontar los retos de la gesti\u00f3n de riesgos y el aseguramiento de la calidad, para que pueda avanzar con confianza en la entrega de medicamentos seguros y de alta calidad.<\/p>\n<p>[\/et_pb_text][\/et_pb_column][\/et_pb_row][et_pb_row _builder_version=\u201d4.19.0\u2033 _module_preset=\u201dpredeterminado\u201d global_colors_info=\u201d{}\u201d][et_pb_column type=\u201d4_4\u2033 _builder_version=\u201d4.16\u2033 _module_preset=\u201dpredeterminado\u201d global_colors_info=\u201d{}\u201d][et_pb_text _builder_version=\u201d4.19.0\u2033 _module_preset=\u201dpredeterminado\u201d custom_margin=\u201d|||-30px|false|false\u201d custom_margin_tablet=\u201d|||-30px|false|false\u201d custom_margin_phone=\u201d|||0px|false|false\u201d custom_margin_last_edited=\u201don|phone\u201d padding_tablet personalizado=\u201d\u201d padding_phone personalizado=\u201d\u201d padding_last_edited personalizado=\u201don|phone\u201d global_colors_info=\u201d{}\u201d][\/et_pb_text][\/et_pb_column][\/et_pb_row][\/et_pb_section][et_pb_section fb_built=\u201d1\u2033 admin_label=\u201dContacto\u201d _builder_version=\u201d4.27.3\u2033 background_color=\u201d#FFFFFF\u201d custom_margin=\u201d-11px||||false|false\u201d bloqueado=\u201ddesactivado\u201d contra\u00eddo=\u201ddesactivado\u201d global_colors_info=\u201d{}\u201d][et_pb_row _builder_version=\u201d4.16\u2033 custom_width_px=\u201d710px\u201d bloqueado=\u201ddesactivado\u201d global_colors_info=\u201d{}\u201d][et_pb_column tipo=\u201d4_4\u2033 _builder_version=\u201d4.16\u2033 posici\u00f3n_de_fondo=\u201darriba_izquierda\u201d relleno_personalizado=\u201d|||\u201d informaci\u00f3n_de_colores_globales=\u201d{}\u201d relleno_personalizado__hover=\u201d|||\u201d][et_pb_divider color=\u201d#4e5ed0\u2033 peso_del_divisor=\u201d3px\u201d deshabilitado_activado=\u201ddesactivado|desactivado|desactivado\u201d _builder_version=\u201d4.27.3\u2033 direcci\u00f3n_de_gradiente_de_color_de_fondo=\u201d90 grados\u201d ancho_m\u00e1ximo=\u201d100px\u201d alineaci\u00f3n_del_m\u00f3dulo=\u201dcentro\u201d altura=\u201d5px\u201d margen_personalizado=\u201d-21px||20px||falso|falso\u201d relleno_personalizado=\u201d||20px|\u201d Estilo_animaci\u00f3n=\u201ddiapositiva\u201d Direcci\u00f3n_animaci\u00f3n=\u201dinferior\u201d Pesta\u00f1as_guardadas=\u201dtodas\u201d Bloqueado=\u201ddesactivado\u201d Informaci\u00f3n_global_de_colores=\u201d{}\u201d][\/et_pb_divider][et_pb_texto Etiqueta_administradora=\u201dT\u00edtulo_secci\u00f3n_contacto\u201d Versi\u00f3n_constructor=\u201d4.27.4\u2033 Fuente_encabezado=\u201dMontserrat||||\u201d Color_texto_encabezado=\u201d#1f1f1f\u201d Tama\u00f1o_fuente_encabezado=\u201d36px\u201d Orientaci\u00f3n_texto=\u201dcentro\u201d Ancho_m\u00e1ximo=\u201d710px\u201d Alineaci\u00f3n_m\u00f3dulo=\u201dcentro\u201d Estilo_animaci\u00f3n=\u201dplegar\u201d Direcci\u00f3n_animaci\u00f3n=\u201dinferior\u201d Intensidad_animaci\u00f3n_plegar=\u201d20%\u201d Informaci\u00f3n_global_de_colores=\u201d{}\u201d Tama\u00f1o_fuente_encabezado_3=\u201d36px\u201d]<\/p>\n<h3>Contacte con nosotros<\/h3>\n<p>[\/et_pb_text][et_pb_text admin_label=\u201dSubt\u00edtulo de la secci\u00f3n de contacto\u201d _builder_version=\u201d4.27.4\u2033 text_font_size=\u201d16px\u201d text_line_height=\u201d1.9em\u201d text_orientation=\u201dcenter\u201d max_width=\u201d710px\u201d module_alignment=\u201dcenter\u201d animation_style=\u201dfold\u201d animation_direction=\u201dbottom\u201d animation_intensity_fold=\u201d20%\u201d global_colors_info=\u201d{}\u201d]<\/p>\n<div id=\"form_1554889784645_360178_introtext\">Si est\u00e1 interesado en contactar con nosotros, por favor rellene el siguiente formulario y le responderemos en la mayor brevedad.<\/div>\n<p>[\/et_pb_text][\/et_pb_column][\/et_pb_row][et_pb_row _builder_version=&#8221;4.27.3&#8243; max_width=&#8221;900px&#8221; use_custom_width=&#8221;on&#8221; custom_width_px=&#8221;900px&#8221; collapsed=&#8221;off&#8221; global_colors_info=&#8221;{}&#8221;][et_pb_column type=&#8221;4_4&#8243; _builder_version=&#8221;4.16&#8243; custom_padding=&#8221;|||&#8221; global_colors_info=&#8221;{}&#8221; custom_padding__hover=&#8221;|||&#8221;][et_pb_contact_form use_spam_service=&#8221;on&#8221; recaptcha_list=&#8221;wwwpharmaceuticalinnovationes-0&#8243; email=&#8221;info@&#8221; submit_button_text=&#8221;Send&#8221; _builder_version=&#8221;4.27.4&#8243; _module_preset=&#8221;default&#8221; _unique_id=&#8221;a56346f4-3903-49bf-aed7-9bb9b716ccb3&#8243; custom_button=&#8221;on&#8221; button_text_color=&#8221;#8300E9&#8243; global_colors_info=&#8221;{}&#8221;][et_pb_contact_field field_id=&#8221;Name&#8221; field_title=&#8221;Name&#8221; _builder_version=&#8221;4.24.0&#8243; global_colors_info=&#8221;{}&#8221; button_text_size__hover_enabled=&#8221;off&#8221; button_one_text_size__hover_enabled=&#8221;off&#8221; button_two_text_size__hover_enabled=&#8221;off&#8221; button_text_color__hover_enabled=&#8221;off&#8221; button_one_text_color__hover_enabled=&#8221;off&#8221; button_two_text_color__hover_enabled=&#8221;off&#8221; button_border_width__hover_enabled=&#8221;off&#8221; button_one_border_width__hover_enabled=&#8221;off&#8221; button_two_border_width__hover_enabled=&#8221;off&#8221; button_border_color__hover_enabled=&#8221;off&#8221; button_one_border_color__hover_enabled=&#8221;off&#8221; button_two_border_color__hover_enabled=&#8221;off&#8221; button_border_radius__hover_enabled=&#8221;off&#8221; button_one_border_radius__hover_enabled=&#8221;off&#8221; button_two_border_radius__hover_enabled=&#8221;off&#8221; button_letter_spacing__hover_enabled=&#8221;off&#8221; button_one_letter_spacing__hover_enabled=&#8221;off&#8221; button_two_letter_spacing__hover_enabled=&#8221;off&#8221; button_bg_color__hover_enabled=&#8221;off&#8221; button_one_bg_color__hover_enabled=&#8221;off&#8221; button_two_bg_color__hover_enabled=&#8221;off&#8221;][\/et_pb_contact_field][et_pb_contact_field field_id=&#8221;Phone&#8221; field_title=&#8221;Phone&#8221; _builder_version=&#8221;4.24.0&#8243; global_colors_info=&#8221;{}&#8221; button_text_size__hover_enabled=&#8221;off&#8221; button_one_text_size__hover_enabled=&#8221;off&#8221; button_two_text_size__hover_enabled=&#8221;off&#8221; button_text_color__hover_enabled=&#8221;off&#8221; button_one_text_color__hover_enabled=&#8221;off&#8221; button_two_text_color__hover_enabled=&#8221;off&#8221; button_border_width__hover_enabled=&#8221;off&#8221; button_one_border_width__hover_enabled=&#8221;off&#8221; button_two_border_width__hover_enabled=&#8221;off&#8221; button_border_color__hover_enabled=&#8221;off&#8221; button_one_border_color__hover_enabled=&#8221;off&#8221; button_two_border_color__hover_enabled=&#8221;off&#8221; button_border_radius__hover_enabled=&#8221;off&#8221; button_one_border_radius__hover_enabled=&#8221;off&#8221; button_two_border_radius__hover_enabled=&#8221;off&#8221; button_letter_spacing__hover_enabled=&#8221;off&#8221; button_one_letter_spacing__hover_enabled=&#8221;off&#8221; button_two_letter_spacing__hover_enabled=&#8221;off&#8221; button_bg_color__hover_enabled=&#8221;off&#8221; button_one_bg_color__hover_enabled=&#8221;off&#8221; button_two_bg_color__hover_enabled=&#8221;off&#8221;][\/et_pb_contact_field][et_pb_contact_field field_id=&#8221;Email&#8221; field_title=&#8221;Email Address&#8221; field_type=&#8221;email&#8221; fullwidth_field=&#8221;on&#8221; _builder_version=&#8221;4.24.0&#8243; global_colors_info=&#8221;{}&#8221; button_text_size__hover_enabled=&#8221;off&#8221; button_one_text_size__hover_enabled=&#8221;off&#8221; button_two_text_size__hover_enabled=&#8221;off&#8221; button_text_color__hover_enabled=&#8221;off&#8221; button_one_text_color__hover_enabled=&#8221;off&#8221; button_two_text_color__hover_enabled=&#8221;off&#8221; button_border_width__hover_enabled=&#8221;off&#8221; button_one_border_width__hover_enabled=&#8221;off&#8221; button_two_border_width__hover_enabled=&#8221;off&#8221; button_border_color__hover_enabled=&#8221;off&#8221; button_one_border_color__hover_enabled=&#8221;off&#8221; button_two_border_color__hover_enabled=&#8221;off&#8221; button_border_radius__hover_enabled=&#8221;off&#8221; button_one_border_radius__hover_enabled=&#8221;off&#8221; button_two_border_radius__hover_enabled=&#8221;off&#8221; button_letter_spacing__hover_enabled=&#8221;off&#8221; button_one_letter_spacing__hover_enabled=&#8221;off&#8221; button_two_letter_spacing__hover_enabled=&#8221;off&#8221; button_bg_color__hover_enabled=&#8221;off&#8221; button_one_bg_color__hover_enabled=&#8221;off&#8221; button_two_bg_color__hover_enabled=&#8221;off&#8221;][\/et_pb_contact_field][et_pb_contact_field field_id=&#8221;Message&#8221; field_title=&#8221;Message&#8221; field_type=&#8221;text&#8221; fullwidth_field=&#8221;on&#8221; _builder_version=&#8221;4.16&#8243; global_colors_info=&#8221;{}&#8221; button_text_size__hover_enabled=&#8221;off&#8221; button_one_text_size__hover_enabled=&#8221;off&#8221; button_two_text_size__hover_enabled=&#8221;off&#8221; button_text_color__hover_enabled=&#8221;off&#8221; button_one_text_color__hover_enabled=&#8221;off&#8221; button_two_text_color__hover_enabled=&#8221;off&#8221; button_border_width__hover_enabled=&#8221;off&#8221; button_one_border_width__hover_enabled=&#8221;off&#8221; button_two_border_width__hover_enabled=&#8221;off&#8221; button_border_color__hover_enabled=&#8221;off&#8221; button_one_border_color__hover_enabled=&#8221;off&#8221; button_two_border_color__hover_enabled=&#8221;off&#8221; button_border_radius__hover_enabled=&#8221;off&#8221; button_one_border_radius__hover_enabled=&#8221;off&#8221; button_two_border_radius__hover_enabled=&#8221;off&#8221; button_letter_spacing__hover_enabled=&#8221;off&#8221; button_one_letter_spacing__hover_enabled=&#8221;off&#8221; button_two_letter_spacing__hover_enabled=&#8221;off&#8221; button_bg_color__hover_enabled=&#8221;off&#8221; button_one_bg_color__hover_enabled=&#8221;off&#8221; button_two_bg_color__hover_enabled=&#8221;off&#8221;][\/et_pb_contact_field][et_pb_contact_field field_id=&#8221;Accept_the_privacy_policy&#8221; field_title=&#8221;I have read and agreed to the&#8221; field_type=&#8221;checkbox&#8221; checkbox_options=&#8221;%91{%22value%22:%22Privacy policy%22,%22checked%22:0,%22dragID%22:-1}%93&#8243; fullwidth_field=&#8221;on&#8221; _builder_version=&#8221;4.24.0&#8243; _module_preset=&#8221;default&#8221; global_colors_info=&#8221;{}&#8221;][\/et_pb_contact_field][\/et_pb_contact_form][\/et_pb_column][\/et_pb_row][\/et_pb_section]<\/p>","protected":false},"excerpt":{"rendered":"<p>Desarrollo Farmac\u00e9utico, Regulatory Affairs, Servicios de Aseguramiento de Calidad y Farmacovigilancia Evaluaci\u00f3n de Riesgos Farmac\u00e9uticos y Servicios de QA &amp; Compliance Le ayudamos con la Evaluaci\u00f3n de Riesgos Farmac\u00e9uticos y Servicios de Aseguramiento de Calidad y Cumplimiento, asegurando la excelencia en cada etapa Servicios de Evaluaci\u00f3n de Riesgos y QA &amp; Compliance En Pharmaceutical Innovation Services, SL nos especializamos en Evaluaci\u00f3n de Riesgos Farmac\u00e9uticos y QA &amp; Compliance, [\u2026]<\/p>","protected":false},"author":1,"featured_media":0,"parent":0,"menu_order":0,"comment_status":"closed","ping_status":"closed","template":"","meta":{"_et_pb_use_builder":"on","_et_pb_old_content":"","_et_gb_content_width":"","footnotes":""},"class_list":["post-1312","page","type-page","status-publish","hentry"],"_links":{"self":[{"href":"https:\/\/pharmaceuticalinnovation.es\/es\/wp-json\/wp\/v2\/pages\/1312","targetHints":{"allow":["GET"]}}],"collection":[{"href":"https:\/\/pharmaceuticalinnovation.es\/es\/wp-json\/wp\/v2\/pages"}],"about":[{"href":"https:\/\/pharmaceuticalinnovation.es\/es\/wp-json\/wp\/v2\/types\/page"}],"author":[{"embeddable":true,"href":"https:\/\/pharmaceuticalinnovation.es\/es\/wp-json\/wp\/v2\/users\/1"}],"replies":[{"embeddable":true,"href":"https:\/\/pharmaceuticalinnovation.es\/es\/wp-json\/wp\/v2\/comments?post=1312"}],"version-history":[{"count":15,"href":"https:\/\/pharmaceuticalinnovation.es\/es\/wp-json\/wp\/v2\/pages\/1312\/revisions"}],"predecessor-version":[{"id":1699,"href":"https:\/\/pharmaceuticalinnovation.es\/es\/wp-json\/wp\/v2\/pages\/1312\/revisions\/1699"}],"wp:attachment":[{"href":"https:\/\/pharmaceuticalinnovation.es\/es\/wp-json\/wp\/v2\/media?parent=1312"}],"curies":[{"name":"Gracias","href":"https:\/\/api.w.org\/{rel}","templated":true}]}}