{"id":1308,"date":"2024-11-28T16:52:13","date_gmt":"2024-11-28T15:52:13","guid":{"rendered":"https:\/?page_id=1308"},"modified":"2025-09-18T07:25:13","modified_gmt":"2025-09-18T06:25:13","slug":"transferencia-de-tecnologia-de-fabricacion-de-cmc","status":"publish","type":"page","link":"https:\/\/pharmaceuticalinnovation.es\/es\/transferencia-de-tecnologia-de-fabricacion-de-cmc\/","title":{"rendered":"CMC: Servicios de transferencia de tecnolog\u00eda y fabricaci\u00f3n farmac\u00e9utica"},"content":{"rendered":"<p>[et_pb_section fb_built=\u201d1\u2033 custom_padding_last_edited=\u201don|tablet\u201d admin_label=\u201dHero\u201d _builder_version=\u201d4.27.4\u2033 background_enable_color=\u201doff\u201d use_background_color_gradient=\u201don\u201d background_color_gradient_type=\u201dcircular\u201d background_color_gradient_direction_radial=\u201dabajo a la izquierda\u201d background_color_gradient_stops=\u201d#8c1d6c 0%|rgba(10,10,10,0) 100%\u201d background_color_gradient_overlays_image=\u201don\u201d background_color_gradient_start=\u201d#af00a1\u2033 background_color_gradient_end=\u201drgba(10,10,10,0)\u201d background_image=\u201d\/\/\/wp-content\/uploads\/2022\/09\/laboratory-gffa24413c_1920-1.jpg\u201d background_enable_video_mp4=\u201doff\u201d height=\u201d430px\u201d custom_padding=\u201d0px|0px|0px|0px|false|false\u201d custom_padding_tablet=\u201d50px||50px||true\u201d custom_padding_phone=\u201d|||\u201d estilo_divisor_inferior=\u201dasymmetric2\u2033 color_divisor_inferior=\u201d#FFFFFF\u201d altura_divisor_inferior=\u201d50px\u201d giro_divisor_inferior=\u201dhorizontal\u201d disposici\u00f3n_divisor_inferior=\u201dabove_content\u201d altura_divisor_inferior_tablet=\u201d90px\u201d altura_divisor_inferior_phone=\u201d80px\u201d bloqueado=\u201ddesactivado\u201d contra\u00eddo=\u201dactivado\u201d informaci\u00f3n_colores_globales=\u201d{}\u201d][et_pb_row _builder_version=\u201d4.16\u2033 relleno_personalizado=\u201d9px|||||\u201d ancho_personalizado_px=\u201d1280px\u201d informaci\u00f3n_colores_globales=\u201d{}\u201d][et_pb_column tipo=\u201d4_4\u2033 _builder_version=\u201d4.16\u2033 direcci\u00f3n_gradiente_color_fondo=\u201d90deg\u201d relleno_personalizado=\u201d|||\u201d global_colors_info=\u201d{}\u201d custom_padding__hover=\u201d|||\u201d][et_pb_text _builder_version=\u201d4.27.4\u2033 text_font=\u201dMontserrat||||||||\u201d text_text_color=\u201drgba(255,255,255,0.7)\u201d text_font_size=\u201d20px\u201d header_font=\u201dMontserrat|700|||||||\u201d header_font_size=\u201d44px\u201d header_line_height=\u201d1.4em\u201d header_6_font=\u201dMontserrat|600||on|||||\u201d header_6_text_color=\u201drgba(255,255,255,0.7)\u201d header_6_font_size=\u201d16px\u201d header_6_letter_spacing=\u201d2px\u201d header_6_line_height=\u201d1.5em\u201d background_layout=\u201ddark\u201d max_width=\u201d715px\u201d custom_margin=\u201d69px||||false|false\u201d hover_enabled=\u201d0\u2033 text_font_size_tablet=\u201d\u201d text_font_size_phone=\u201d15px\u201d text_font_size_last_edited=\u201don|phone\u201d header_font_size_tablet=\u201d\u201d header_font_size_phone=\u201d28px\u201d header_font_size_last_edited=\u201don|phone\u201d global_colors_info=\u201d{}\u201d sticky_enabled=\u201d0\u2033]<\/p>\n<p>Desarrollo Farmac\u00e9utico, Regulatory Affairs, Garant\u00eda de Calidad y Servicios de Farmacovigilancia.<\/p>\n<h1 class=\"title cm_can_be_empty cm-templates-heading__title\"><span><strong>CMC: Fabricaci\u00f3n y transferencia de tecnolog\u00eda<br \/>\n<\/strong><\/span><\/h1>\n<p>Le brindamos <strong>soporte experto en Fabricaci\u00f3n Farmac\u00e9utica y Transferencia de Tecnolog\u00eda<\/strong>[\/et_pb_text][\/et_pb_column][\/et_pb_row][\/et_pb_section][et_pb_section fb_built=\u201d1\u2033 admin_label=\u201dServicio #3\u2033 module_id=\u201dnew\u201d _builder_version=\u201d4.16\u2033 _module_preset=\u201ddefault\u201d background_color=\u201d#FFFFFF\u201d locking=\u201doff\u201d collapsed=\u201don\u201d global_colors_info=\u201d{}\u201d][et_pb_row _builder_version=\u201d4.27.4\u2033 _module_preset=\u201ddefault\u201d width_tablet=\u201d\u201d width_phone=\u201d\u201d width_last_edited=\u201don|desktop\u201d max_width=\u201d1200px\u201d max_width_tablet=\u201d1200px\u201d max_width_phone=\u201d1200px\u201d max_width_last_edited=\u201don|desktop\u201d custom_margin=\u201d||||false|false\u201d custom_padding=\u201d||2px||false|false\u201d global_colors_info=\u201d{}\u201d][et_pb_column type=\u201d4_4\u2033 _builder_version=\u201d4.16\u2033 _module_preset=\u201ddefault\u201d custom_padding=\u201d0px|0px|0px|0px|false|false\u201d global_colors_info=\u201d{}\u201d][et_pb_divider color=\u201d#cc00e2\u2033 _builder_version=\u201d4.16\u2033 _module_preset=\u201ddefault\u201d custom_margin=\u201d6px|||||\u201d global_colors_info=\u201d{}\u201d][\/et_pb_divider][et_pb_text quote_border_color=\u201d#8c1d6c\u201d module_id=\u201dtech\u201d _builder_version=\u201d4.19.0\u2033 text_font=\u201dMontserrat||||||||\u201d text_text_color=\u201d#000000\u2033 text_font_size=\u201d16px\u201d text_line_height=\u201d1.8em\u201d quote_font=\u201d||||||||\u201d header_font=\u201d|||||||||\u201d header_2_font=\u201dMontserrat||||||||\u201d color_del_texto_del_encabezado=\u201d#8c1d6c\u201d tama\u00f1o_de_fuente_del_encabezado=\u201d30px\u201d altura_de_l\u00ednea_del_encabezado=\u201d1.4em\u201d fuente_del_encabezado=\u201dMontserrat|600||en|||||\u201d color_texto_encabezado_6=\u201d#088b8c\u201d tama\u00f1o_fuente_encabezado_6=\u201d16px\u201d espaciado_letras_encabezado_6=\u201d2px\u201d altura_l\u00ednea_encabezado_6=\u201d1.5em\u201d dise\u00f1o_fondo=\u201doscuro\u201d ancho_m\u00e1ximo=\u201d1202px\u201d margen_personalizado=\u201d-7px||-30px||falso|falso\u201d relleno_personalizado=\u201d||0px||falso|falso\u201d tama\u00f1o_fuente_encabezado_2_tableta=\u201d\u201d tama\u00f1o_fuente_encabezado_2_tel\u00e9fono=\u201d24px\u201d tama\u00f1o_fuente_encabezado_2_\u00faltima_edici\u00f3n=\u201dactivado|tel\u00e9fono\u201d bloqueado=\u201ddesactivado\u201d informaci\u00f3n_colores_globales=\u201d{}\u201d]<\/p>\n<blockquote>\n<h2><b>CMC: Servicios de transferencia de tecnolog\u00eda y fabricaci\u00f3n farmac\u00e9utica<\/b><\/h2>\n<\/blockquote>\n<p>[\/et_pb_text][et_pb_text admin_label=\u201dTexto\u201d _builder_version=\u201d4.27.4\u2033 _module_preset=\u201dpredeterminado\u201d custom_margin=\u201d|||30px|false|false\u201d custom_margin_tablet=\u201d|||30px|false|false\u201d custom_margin_phone=\u201d50px|||0px|false|false\u201d custom_margin_last_edited=\u201den|escritorio\u201d custom_padding=\u201d||0px|||\u201d custom_padding_tablet=\u201d\u201d custom_padding_phone=\u201d\u201d custom_padding_last_edited=\u201den|escritorio\u201d hover_enabled=\u201d0\u2033 global_colors_info=\u201d{}\u201d sticky_enabled=\u201d0\u2033]<\/p>\n<p>En\u00a0<strong>Pharmaceutical Innovation Service, S.L.<\/strong> entendemos que\u00a0<strong>CMC (Qu\u00edmica, Fabricaci\u00f3n y Controles) es un componente cr\u00edtico<\/strong> implica transferir el proceso de fabricaci\u00f3n, los m\u00e9todos anal\u00edticos y todo el conocimiento cient\u00edfico relevante desde el entorno de desarrollo hasta la planta de producci\u00f3n. Este paso es crucial para lograr una eficiente y consistente fabricaci\u00f3n con los m\u00e1s altos est\u00e1ndares de calidad.<\/p>\n<p>[\/et_pb_text][\/et_pb_column][\/et_pb_row][et_pb_row estructura_columna=\u201d1_3,2_3\u2033 _versi\u00f3n_constructora=\u201d4.27.4\u2033 _m\u00f3dulo_preestablecido=\u201dpredeterminado\u201d ancho_tableta=\u201d\u201d ancho_tel\u00e9fono=\u201d\u201d ancho_\u00faltima_edici\u00f3n=\u201den|escritorio\u201d ancho_m\u00e1ximo=\u201d1200px\u201d ancho_m\u00e1ximo_tableta=\u201d1200px\u201d ancho_m\u00e1ximo_tel\u00e9fono=\u201d1200px\u201d ancho_m\u00e1ximo_\u00faltima_edici\u00f3n=\u201den|escritorio\u201d relleno_personalizado=\u201d||30px|||\u201d Informaci\u00f3n global de colores = &quot;{}&quot;][et_pb_column tipo = &quot;1_3&quot; _builder_version = &quot;4.27.4&quot; _module_preset = &quot;predeterminado&quot; background_video_mp4 = &quot;https:\/\/pharmaceuticalinnovation.es\/wp-content\/uploads\/2022\/09\/Manufacturing-Area-1.mov&quot; custom_padding = &quot;80px||200px||false|false&quot; Informaci\u00f3n global de colores = &quot;{}&quot;][\/et_pb_column][et_pb_column tipo = &quot;2_3&quot; _builder_version = &quot;4.16&quot; _module_preset = &quot;predeterminado&quot; Informaci\u00f3n global de colores = &quot;{}&quot;][et_pb_texto _builder_version = &quot;4.27.4&quot; _module_preset = &quot;predeterminado&quot; margen_personalizado=\u201d||||falso|falso\u201d hover_enabled=\u201d0\u2033 informaci\u00f3n_de_colores_globales=\u201d{}\u201d sticky_enabled=\u201d0\u2033]<\/p>\n<h3><b>Apoyo a la Transferencia de Tecnolog\u00eda y Fabricaci\u00f3n<\/b><\/h3>\n<p class=\"translation-block\">El proceso de\u00a0transferencia de tecnolog\u00eda\u00a0implica transferir el proceso de fabricaci\u00f3n, los m\u00e9todos anal\u00edticos y todo el conocimiento cient\u00edfico relevante desde el entorno de desarrollo hasta la planta de producci\u00f3n. Este paso es crucial para lograr una eficiente y consistente fabricaci\u00f3n con los m\u00e1s altos est\u00e1ndares de calidad.\u00a0Ofrecemos asesoramiento y apoyo durante todo este proceso, garantizando que la transferencia sea exitosa y que el proceso de fabricaci\u00f3n est\u00e9 totalmente optimizado para la producci\u00f3n comercial.<\/p>\n<p><span style=\"font-weight: 400;\"><\/span><\/p>\n<p><span style=\"font-weight: 400;\"><\/span><\/p>\n<h3><b>Servicios Clave en CMC y Transferencia de Tecnolog\u00eda<\/b><\/h3>\n<p>Nuestros servicios de CMC y Transferencia de Tecnolog\u00eda incluyen una amplia gama de soluciones dise\u00f1adas para satisfacer las necesidades espec\u00edficas de su proyecto:[\/et_pb_text][\/et_pb_column][\/et_pb_row][et_pb_row _builder_version=\u201d4.27.4\u2033 _module_preset=\u201ddefault\u201d max_width=\u201d1200px\u201d module_alignment=\u201dcenter\u201d custom_margin=\u201d|446px||auto||\u201d custom_padding=\u201d0px|||0px||\u201d Informaci\u00f3n global de colores = &quot;{}&quot;] [Tipo de columna et_pb = &quot;4_4&quot; _versi\u00f3n del constructor = &quot;4.27.0&quot; _ajuste predeterminado del m\u00f3dulo = &quot;predeterminado&quot; Informaci\u00f3n global de colores = &quot;{}&quot;] [Texto et_pb _versi\u00f3n del constructor = &quot;4.27.0&quot; _ajuste predeterminado del m\u00f3dulo = &quot;predeterminado&quot; Ancho = &quot;81%&quot; Relleno personalizado = &quot;0px|||0px||&quot; Informaci\u00f3n global de colores = &quot;{}&quot;]<\/p>\n<ul>\n<li style=\"font-weight: 400;\" aria-level=\"1\"><strong>Informe de Exposici\u00f3n Diaria Permitida (PDE) de Ingredientes Activos:\u00a0\u00a0<\/strong>proporcionamos servicios de redacci\u00f3n y revisi\u00f3n de informes PDE, en los que se incluyen umbrales de seguridad documentados y calculados con precisi\u00f3n para el cumplimiento normativo.<\/li>\n<li><strong>Informe de evaluaci\u00f3n de riesgos de nitrosaminas:<\/strong>\u00a0las nitrosaminas son una preocupaci\u00f3n clave en la fabricaci\u00f3n de productos farmac\u00e9uticos. Realizamos evaluaciones de riesgos exhaustivas para identificar y mitigar la posible contaminaci\u00f3n por nitrosaminas, garantizando as\u00ed la seguridad y el cumplimiento normativo de sus productos.<\/li>\n<li style=\"font-weight: 400;\" aria-level=\"1\"><strong>Evaluaci\u00f3n de riesgos para la prevenci\u00f3n de la contaminaci\u00f3n cruzada:\u00a0<\/strong>la contaminaci\u00f3n cruzada plantea riesgos importantes en la fabricaci\u00f3n de productos farmac\u00e9uticos. Realizamos evaluaciones de riesgos integrales para desarrollar estrategias que eviten la contaminaci\u00f3n cruzada y protejan la integridad del producto y la seguridad del paciente.<\/li>\n<\/ul>\n<p><span style=\"font-size: 14px;\"><\/span><\/p>\n<h3><b>Optimizaci\u00f3n de los Procesos de Fabricaci\u00f3n y la Cadena de Suministro<\/b><\/h3>\n<p><span style=\"font-weight: 400;\">Adem\u00e1s de nuestros principales servicios de CMC, <\/span><b>Pharmaceutical Innovation Services , S.L.\u00a0<\/b><span style=\"font-weight: 400;\"> ofrece soporte especializado para optimizar sus procesos de fabricaci\u00f3n y cadena de suministro:<\/span><\/p>\n<ul>\n<li style=\"font-weight: 400;\" aria-level=\"1\"><strong>Optimizaci\u00f3n de la red CMO:<\/strong>\u00a0evaluamos y optimizamos su red de Organizaci\u00f3n de Fabricaci\u00f3n por Contrato (CMO) para asegurar de que se est\u00e9 trabajando con los mejores socios, maximizando la eficiencia y reduciendo costos.<\/li>\n<li style=\"font-weight: 400;\" aria-level=\"1\"><strong>An\u00e1lisis y Simplificaci\u00f3n de la Cadena de Suministro:\u00a0\u00a0<\/strong>una cadena de suministro eficiente es vital para mantener los cronogramas de producci\u00f3n y minimizar los costos. Analizamos su cadena de suministro para identificar \u00e1reas que se puedan simplificar y crear un proceso optimizado y rentable.<\/li>\n<li style=\"font-weight: 400;\" aria-level=\"1\"><strong>Evaluaci\u00f3n de la Gesti\u00f3n de Inventarios y Planificaci\u00f3n de la Producci\u00f3n:\u00a0\u00a0<\/strong>una gesti\u00f3n adecuada del inventario y la planificaci\u00f3n de la producci\u00f3n son cruciales para evitar la escasez y la sobreproducci\u00f3n. Ofrecemos evaluaciones expertas para ayudarle a gestionar el inventario eficazmente y planificar la producci\u00f3n para satisfacer las demandas del mercado de forma eficiente.<\/li>\n<li style=\"font-weight: 400;\" aria-level=\"1\"><strong>Soluci\u00f3n de problemas para productos antiguos:\u00a0<\/strong>con el tiempo, los productos ya consolidados pueden enfrentar problemas de robustez y rentabilidad. Ofrecemos servicios de resoluci\u00f3n de problemas para identificar y resolver estos problemas, mejorando el rendimiento del producto y reduciendo los costos.<\/li>\n<\/ul>\n<p><span style=\"font-size: 14px;\"><\/span><\/p>\n<h3><b>Garant\u00eda de calidad y gesti\u00f3n del ciclo de vida<\/b><\/h3>\n<p><span style=\"font-size: 14px;\">El control de calidad es un pilar fundamental para el \u00e9xito de la fabricaci\u00f3n de productos farmac\u00e9uticos. Nuestros servicios incluyen asistencia en materia de control de calidad durante el proceso de fabricaci\u00f3n, lo que garantiza que todas las operaciones cumplan con los m\u00e1s altos est\u00e1ndares de calidad.<\/span><\/p>\n<p><spanaptos narrow=\"\" arial=\"\" font-style:normal=\"\" color:=\"\" ff0000=\"\" data-sheets-root=\"1\">Adem\u00e1s, ofrecemos\u00a0servicios \u00a0en la gesti\u00f3n del ciclo de vida para apoyar el \u00e9xito continuo de su producto:<\/spanaptos><\/p>\n<ul>\n<li style=\"font-weight: 400;\" aria-level=\"1\"><strong>Gesti\u00f3n de proyectos para cambios en Fuentes del API:\u00a0<\/strong>ya sea que est\u00e9 a\u00f1adiendo una nueva fuente de API, cambiando plantas de fabricaci\u00f3n o actualizando excipientes y equipos, brindamos una gesti\u00f3n de proyectos experta para guiarlo a trav\u00e9s de estos cambios sin problemas.<\/li>\n<li style=\"font-weight: 400;\" aria-level=\"1\"><strong>Mejoras en el proceso de fabricaci\u00f3n:\u00a0<\/strong>la mejora continua es clave para mantener la ventaja competitiva. Le ayudamos a identificar oportunidades para mejorar tus procesos de fabricaci\u00f3n, mejorando la eficiencia y la calidad de los productos.<\/li>\n<\/ul>\n<p><span style=\"font-weight: 400;\"><\/span><\/p>\n<p><span style=\"font-weight: 400;\"><\/span><\/p>\n<h2><strong>\u00bfPor qu\u00e9 confiar en Pharmaceutical Innovation Services SL para optimizar sus procesos de fabricaci\u00f3n y transferencia de tecnolog\u00eda?<\/strong><\/h2>\n<p class=\"translation-block\">En\u00a0Pharmaceutical Innovation Services, S.L. nos dedicamos a brindar\u00a0servicios de desarrollo farmac\u00e9utico, fabricaci\u00f3n y transferencia de tecnolog\u00eda que garantizan que sus productos farmac\u00e9uticos se fabriquen de manera eficiente, segura y rentable.<\/p>\n<p>[\/et_pb_text][\/et_pb_column][\/et_pb_row][\/et_pb_section][et_pb_section fb_built=\u201d1\u2033 admin_label=\u201dContacto\u201d _builder_version=\u201d4.27.3\u2033 background_color=\u201d#f4f4f4\u2033 custom_margin=\u201d-11px||||false|false\u201d locking=\u201doff\u201d collapsed=\u201doff\u201d global_colors_info=\u201d{}\u201d][et_pb_row _builder_version=\u201d4.16\u2033 custom_width_px=\u201d710px\u201d locking=\u201doff\u201d global_colors_info=\u201d{}\u201d][et_pb_column type=\u201d4_4\u2033 _builder_version=\u201d4.16\u2033 background_position=\u201dtop_left\u201d custom_padding=\u201d|||\u201d global_colors_info=\u201d{}\u201d custom_padding__hover=\u201d|||\u201d][et_pb_divider color=\u201d#4e5ed0\u2033 divider_weight=\u201d3px\u201d disabled_on=\u201doff|off|off\u201d _builder_version=\u201d4.27.3\u2033 background_color_gradient_direction=\u201d90deg\u201d max_width=\u201d100px\u201d module_alignment=\u201dcenter\u201d height=\u201d5px\u201d custom_margin=\u201d-21px||20px||false|false\u201d custom_padding=\u201d||20px|\u201d Estilo_animaci\u00f3n=\u201ddeslizar\u201d Direcci\u00f3n_animaci\u00f3n=\u201dabajo\u201d Pesta\u00f1as_guardadas=\u201dtodas\u201d Bloqueado=\u201ddesactivado\u201d Informaci\u00f3n_global_colores=\u201d{}\u201d][\/et_pb_divider][et_pb_texto Etiqueta_administraci\u00f3n=\u201dT\u00edtulo_secci\u00f3n_contacto\u201d Versi\u00f3n_constructor=\u201d4.27.4\u2033 Fuente_encabezado=\u201dMontserrat||||\u201d Color_texto_encabezado=\u201d#1f1f1f\u201d Tama\u00f1o_fuente_encabezado=\u201d36px\u201d Orientaci\u00f3n_texto=\u201dcentro\u201d Ancho_m\u00e1ximo=\u201d710px\u201d Alineaci\u00f3n_m\u00f3dulo=\u201dcentro\u201d Estilo_animaci\u00f3n=\u201dplegar\u201d Direcci\u00f3n_animaci\u00f3n=\u201dabajo\u201d Intensidad_animaci\u00f3n_plegar=\u201d20%\u201d Activar_flotar=\u201d0\u2033 Informaci\u00f3n_global_colores=\u201d{}\u201d Tama\u00f1o_fuente_encabezado3=\u201d36px\u201d Activar_fijo=\u201d0\u2033]<\/p>\n<h3>Contacte con nosotros<\/h3>\n<p>[\/et_pb_text][et_pb_text admin_label=\u201dSubt\u00edtulo de la secci\u00f3n de contacto\u201d _builder_version=\u201d4.27.4\u2033 text_font_size=\u201d16px\u201d text_line_height=\u201d1.9em\u201d text_orientation=\u201dcenter\u201d max_width=\u201d710px\u201d module_alignment=\u201dcenter\u201d animation_style=\u201dfold\u201d animation_direction=\u201dbottom\u201d animation_intensity_fold=\u201d20%\u201d global_colors_info=\u201d{}\u201d]<\/p>\n<div id=\"form_1554889784645_360178_introtext\"><spanaptos narrow=\"\" arial=\"\" font-style:normal=\"\" color:=\"\" ff0000=\"\" data-sheets-root=\"1\">Si est\u00e1 interesado en contactar con nosotros, por favor rellene el siguiente formulario y le responderemos en la mayor brevedad.<\/spanaptos><\/div>\n<p>[\/et_pb_text][\/et_pb_column][\/et_pb_row][et_pb_row _builder_version=&#8221;4.27.3&#8243; max_width=&#8221;900px&#8221; use_custom_width=&#8221;on&#8221; custom_width_px=&#8221;900px&#8221; collapsed=&#8221;off&#8221; global_colors_info=&#8221;{}&#8221;][et_pb_column type=&#8221;4_4&#8243; _builder_version=&#8221;4.16&#8243; custom_padding=&#8221;|||&#8221; global_colors_info=&#8221;{}&#8221; custom_padding__hover=&#8221;|||&#8221;][et_pb_contact_form use_spam_service=&#8221;on&#8221; recaptcha_list=&#8221;wwwpharmaceuticalinnovationes-0&#8243; email=&#8221;info@&#8221; submit_button_text=&#8221;Send&#8221; _builder_version=&#8221;4.27.4&#8243; _module_preset=&#8221;default&#8221; _unique_id=&#8221;a56346f4-3903-49bf-aed7-9bb9b716ccb3&#8243; custom_button=&#8221;on&#8221; button_text_color=&#8221;#8300E9&#8243; global_colors_info=&#8221;{}&#8221;][et_pb_contact_field field_id=&#8221;Name&#8221; field_title=&#8221;Name&#8221; _builder_version=&#8221;4.24.0&#8243; global_colors_info=&#8221;{}&#8221; button_text_size__hover_enabled=&#8221;off&#8221; button_one_text_size__hover_enabled=&#8221;off&#8221; button_two_text_size__hover_enabled=&#8221;off&#8221; button_text_color__hover_enabled=&#8221;off&#8221; button_one_text_color__hover_enabled=&#8221;off&#8221; button_two_text_color__hover_enabled=&#8221;off&#8221; button_border_width__hover_enabled=&#8221;off&#8221; button_one_border_width__hover_enabled=&#8221;off&#8221; button_two_border_width__hover_enabled=&#8221;off&#8221; button_border_color__hover_enabled=&#8221;off&#8221; button_one_border_color__hover_enabled=&#8221;off&#8221; button_two_border_color__hover_enabled=&#8221;off&#8221; button_border_radius__hover_enabled=&#8221;off&#8221; button_one_border_radius__hover_enabled=&#8221;off&#8221; button_two_border_radius__hover_enabled=&#8221;off&#8221; button_letter_spacing__hover_enabled=&#8221;off&#8221; button_one_letter_spacing__hover_enabled=&#8221;off&#8221; button_two_letter_spacing__hover_enabled=&#8221;off&#8221; button_bg_color__hover_enabled=&#8221;off&#8221; button_one_bg_color__hover_enabled=&#8221;off&#8221; button_two_bg_color__hover_enabled=&#8221;off&#8221;][\/et_pb_contact_field][et_pb_contact_field field_id=&#8221;Phone&#8221; field_title=&#8221;Phone&#8221; _builder_version=&#8221;4.24.0&#8243; global_colors_info=&#8221;{}&#8221; button_text_size__hover_enabled=&#8221;off&#8221; button_one_text_size__hover_enabled=&#8221;off&#8221; button_two_text_size__hover_enabled=&#8221;off&#8221; button_text_color__hover_enabled=&#8221;off&#8221; button_one_text_color__hover_enabled=&#8221;off&#8221; button_two_text_color__hover_enabled=&#8221;off&#8221; button_border_width__hover_enabled=&#8221;off&#8221; button_one_border_width__hover_enabled=&#8221;off&#8221; button_two_border_width__hover_enabled=&#8221;off&#8221; button_border_color__hover_enabled=&#8221;off&#8221; button_one_border_color__hover_enabled=&#8221;off&#8221; button_two_border_color__hover_enabled=&#8221;off&#8221; button_border_radius__hover_enabled=&#8221;off&#8221; button_one_border_radius__hover_enabled=&#8221;off&#8221; button_two_border_radius__hover_enabled=&#8221;off&#8221; button_letter_spacing__hover_enabled=&#8221;off&#8221; button_one_letter_spacing__hover_enabled=&#8221;off&#8221; button_two_letter_spacing__hover_enabled=&#8221;off&#8221; button_bg_color__hover_enabled=&#8221;off&#8221; button_one_bg_color__hover_enabled=&#8221;off&#8221; button_two_bg_color__hover_enabled=&#8221;off&#8221;][\/et_pb_contact_field][et_pb_contact_field field_id=&#8221;Email&#8221; field_title=&#8221;Email Address&#8221; field_type=&#8221;email&#8221; fullwidth_field=&#8221;on&#8221; _builder_version=&#8221;4.24.0&#8243; global_colors_info=&#8221;{}&#8221; button_text_size__hover_enabled=&#8221;off&#8221; button_one_text_size__hover_enabled=&#8221;off&#8221; button_two_text_size__hover_enabled=&#8221;off&#8221; button_text_color__hover_enabled=&#8221;off&#8221; button_one_text_color__hover_enabled=&#8221;off&#8221; button_two_text_color__hover_enabled=&#8221;off&#8221; button_border_width__hover_enabled=&#8221;off&#8221; button_one_border_width__hover_enabled=&#8221;off&#8221; button_two_border_width__hover_enabled=&#8221;off&#8221; button_border_color__hover_enabled=&#8221;off&#8221; button_one_border_color__hover_enabled=&#8221;off&#8221; button_two_border_color__hover_enabled=&#8221;off&#8221; button_border_radius__hover_enabled=&#8221;off&#8221; button_one_border_radius__hover_enabled=&#8221;off&#8221; button_two_border_radius__hover_enabled=&#8221;off&#8221; button_letter_spacing__hover_enabled=&#8221;off&#8221; button_one_letter_spacing__hover_enabled=&#8221;off&#8221; button_two_letter_spacing__hover_enabled=&#8221;off&#8221; button_bg_color__hover_enabled=&#8221;off&#8221; button_one_bg_color__hover_enabled=&#8221;off&#8221; button_two_bg_color__hover_enabled=&#8221;off&#8221;][\/et_pb_contact_field][et_pb_contact_field field_id=&#8221;Message&#8221; field_title=&#8221;Message&#8221; field_type=&#8221;text&#8221; fullwidth_field=&#8221;on&#8221; _builder_version=&#8221;4.16&#8243; global_colors_info=&#8221;{}&#8221; button_text_size__hover_enabled=&#8221;off&#8221; button_one_text_size__hover_enabled=&#8221;off&#8221; button_two_text_size__hover_enabled=&#8221;off&#8221; button_text_color__hover_enabled=&#8221;off&#8221; button_one_text_color__hover_enabled=&#8221;off&#8221; button_two_text_color__hover_enabled=&#8221;off&#8221; button_border_width__hover_enabled=&#8221;off&#8221; button_one_border_width__hover_enabled=&#8221;off&#8221; button_two_border_width__hover_enabled=&#8221;off&#8221; button_border_color__hover_enabled=&#8221;off&#8221; button_one_border_color__hover_enabled=&#8221;off&#8221; button_two_border_color__hover_enabled=&#8221;off&#8221; button_border_radius__hover_enabled=&#8221;off&#8221; button_one_border_radius__hover_enabled=&#8221;off&#8221; button_two_border_radius__hover_enabled=&#8221;off&#8221; button_letter_spacing__hover_enabled=&#8221;off&#8221; button_one_letter_spacing__hover_enabled=&#8221;off&#8221; button_two_letter_spacing__hover_enabled=&#8221;off&#8221; button_bg_color__hover_enabled=&#8221;off&#8221; button_one_bg_color__hover_enabled=&#8221;off&#8221; button_two_bg_color__hover_enabled=&#8221;off&#8221;][\/et_pb_contact_field][et_pb_contact_field field_id=&#8221;Accept_the_privacy_policy&#8221; field_title=&#8221;I have read and agreed to the&#8221; field_type=&#8221;checkbox&#8221; checkbox_options=&#8221;%91{%22value%22:%22Privacy policy%22,%22checked%22:0,%22dragID%22:-1}%93&#8243; fullwidth_field=&#8221;on&#8221; _builder_version=&#8221;4.24.0&#8243; _module_preset=&#8221;default&#8221; global_colors_info=&#8221;{}&#8221;][\/et_pb_contact_field][\/et_pb_contact_form][\/et_pb_column][\/et_pb_row][\/et_pb_section]<\/p>","protected":false},"excerpt":{"rendered":"<p>Desarrollo Farmac\u00e9utico, Regulatory Affairs, Servicios de Aseguramiento de Calidad y Farmacovigilancia CMC: Fabricaci\u00f3n y Transferencia de Tecnolog\u00eda. Le ofrecemos apoyo experto en Fabricaci\u00f3n Farmac\u00e9utica y Transferencia de Tecnolog\u00eda. En Pharmaceutical Innovation Service, SL, entendemos que CMC (Qu\u00edmica, Fabricaci\u00f3n y Control) es un componente cr\u00edtico en el proceso de desarrollo farmac\u00e9utico. La tecnolog\u00eda integrada y los conocimientos cient\u00edficos [\u2026]<\/p>","protected":false},"author":1,"featured_media":0,"parent":0,"menu_order":0,"comment_status":"closed","ping_status":"closed","template":"","meta":{"_et_pb_use_builder":"on","_et_pb_old_content":"","_et_gb_content_width":"","footnotes":""},"class_list":["post-1308","page","type-page","status-publish","hentry"],"_links":{"self":[{"href":"https:\/\/pharmaceuticalinnovation.es\/es\/wp-json\/wp\/v2\/pages\/1308","targetHints":{"allow":["GET"]}}],"collection":[{"href":"https:\/\/pharmaceuticalinnovation.es\/es\/wp-json\/wp\/v2\/pages"}],"about":[{"href":"https:\/\/pharmaceuticalinnovation.es\/es\/wp-json\/wp\/v2\/types\/page"}],"author":[{"embeddable":true,"href":"https:\/\/pharmaceuticalinnovation.es\/es\/wp-json\/wp\/v2\/users\/1"}],"replies":[{"embeddable":true,"href":"https:\/\/pharmaceuticalinnovation.es\/es\/wp-json\/wp\/v2\/comments?post=1308"}],"version-history":[{"count":14,"href":"https:\/\/pharmaceuticalinnovation.es\/es\/wp-json\/wp\/v2\/pages\/1308\/revisions"}],"predecessor-version":[{"id":1698,"href":"https:\/\/pharmaceuticalinnovation.es\/es\/wp-json\/wp\/v2\/pages\/1308\/revisions\/1698"}],"wp:attachment":[{"href":"https:\/\/pharmaceuticalinnovation.es\/es\/wp-json\/wp\/v2\/media?parent=1308"}],"curies":[{"name":"Gracias","href":"https:\/\/api.w.org\/{rel}","templated":true}]}}