{"id":1306,"date":"2024-11-28T16:37:27","date_gmt":"2024-11-28T15:37:27","guid":{"rendered":"https:\/?page_id=1306"},"modified":"2025-09-18T07:47:38","modified_gmt":"2025-09-18T06:47:38","slug":"desarrollo-de-nuevos-productos","status":"publish","type":"page","link":"https:\/\/pharmaceuticalinnovation.es\/es\/desarrollo-de-nuevos-productos\/","title":{"rendered":"Desarrollo de productos farmac\u00e9uticos"},"content":{"rendered":"<p>[et_pb_section fb_built=\u201d1\u2033 custom_padding_last_edited=\u201don|tablet\u201d admin_label=\u201dHero\u201d _builder_version=\u201d4.27.4\u2033 background_enable_color=\u201doff\u201d use_background_color_gradient=\u201don\u201d background_color_gradient_type=\u201dcircular\u201d background_color_gradient_direction_radial=\u201dabajo a la izquierda\u201d background_color_gradient_stops=\u201d#8c1d6c 0%|rgba(10,10,10,0) 100%\u201d background_color_gradient_overlays_image=\u201don\u201d background_color_gradient_start=\u201d#af00a1\u2033 background_color_gradient_end=\u201drgba(10,10,10,0)\u201d background_image=\u201d\/\/\/wp-content\/uploads\/2022\/09\/laboratory-gffa24413c_1920-1.jpg\u201d background_enable_video_mp4=\u201doff\u201d height=\u201d430px\u201d custom_padding=\u201d0px|0px|0px|0px|false|false\u201d custom_padding_tablet=\u201d50px||50px||true\u201d custom_padding_phone=\u201d|||\u201d estilo_divisor_inferior=\u201dasymmetric2\u2033 color_divisor_inferior=\u201d#FFFFFF\u201d altura_divisor_inferior=\u201d50px\u201d giro_divisor_inferior=\u201dhorizontal\u201d disposici\u00f3n_divisor_inferior=\u201dabove_content\u201d altura_divisor_inferior_tablet=\u201d90px\u201d altura_divisor_inferior_phone=\u201d80px\u201d bloqueado=\u201ddesactivado\u201d contra\u00eddo=\u201dactivado\u201d informaci\u00f3n_colores_globales=\u201d{}\u201d][et_pb_row _builder_version=\u201d4.16\u2033 relleno_personalizado=\u201d9px|||||\u201d ancho_personalizado_px=\u201d1280px\u201d informaci\u00f3n_colores_globales=\u201d{}\u201d][et_pb_column tipo=\u201d4_4\u2033 _builder_version=\u201d4.16\u2033 direcci\u00f3n_gradiente_color_fondo=\u201d90deg\u201d relleno_personalizado=\u201d|||\u201d global_colors_info=\u201d{}\u201d custom_padding__hover=\u201d|||\u201d][et_pb_text _builder_version=\u201d4.27.4\u2033 text_font=\u201dMontserrat||||||||\u201d text_text_color=\u201drgba(255,255,255,0.7)\u201d text_font_size=\u201d20px\u201d header_font=\u201dMontserrat|700|||||||\u201d header_font_size=\u201d44px\u201d header_line_height=\u201d1.4em\u201d header_6_font=\u201dMontserrat|600||on|||||\u201d Desarrollo Farmac\u00e9utico, Regulatory Affairs, Servicios de Control de Calidad y Farmacovigilancia<\/p>\n<h1 class=\"title cm_can_be_empty cm-templates-heading__title\">Desarrollo de Nuevos Productos Farmac\u00e9uticos<\/h1>\n<p>Le apoyamos en el desarrollo de nuevos productos farmac\u00e9uticos, convirtiendo sus ideas en soluciones listas para el mercado.[\/et_pb_text][\/et_pb_column][\/et_pb_row][\/et_pb_section][et_pb_section fb_built=\u201d1\u2033 admin_label=\u201dServicio #1\u2033 module_id=\u201dnew\u201d _builder_version=\u201d4.19.0\u2033 _module_preset=\u201ddefault\u201d background_color=\u201d#ffffff\u201d locked=\u201doff\u201d collapsed=\u201don\u201d global_colors_info=\u201d{}\u201d][et_pb_row _builder_version=\u201d4.27.0\u2033 _module_preset=\u201ddefault\u201d width_tablet=\u201d\u201d width_phone=\u201d\u201d width_last_edited=\u201don|desktop\u201d max_width=\u201d1200px\u201d max_width_tablet=\u201d1200px\u201d max_width_phone=\u201d1200px\u201d max_width_last_edited=\u201don|desktop\u201d custom_margin=\u201d||||false|false\u201d custom_padding=\u201d||2px||false|false\u201d global_colors_info=\u201d{}\u201d][et_pb_column type=\u201d4_4\u2033 _builder_version=\u201d4.16\u2033 _module_preset=\u201ddefault\u201d custom_padding=\u201d0px|0px|0px|0px|false|false\u201d global_colors_info=\u201d{}\u201d][et_pb_divider color=\u201d#cc00e2\u2033 _builder_version=\u201d4.16\u2033 _module_preset=\u201ddefault\u201d custom_margin=\u201d6px|||||\u201d global_colors_info=\u201d{}\u201d][\/et_pb_divider][et_pb_text quote_border_color=\u201d#8c1d6c\u201d module_id=\u201dnew\u201d _builder_version=\u201d4.19.0\u2033 text_font=\u201dMontserrat||||||||\u201d text_text_color=\u201d#000000\u2033 text_font_size=\u201d16px\u201d text_line_height=\u201d1.8em\u201d quote_font=\u201d||||||||\u201d header_font=\u201d|||||||||\u201d header_2_font=\u201dMontserrat||||||||\u201d color_del_texto_del_encabezado=\u201d#8c1d6c\u201d tama\u00f1o_de_fuente_del_encabezado=\u201d30px\u201d altura_de_l\u00ednea_del_encabezado=\u201d1.4em\u201d fuente_del_encabezado=\u201dMontserrat|600||en|||||\u201d color_texto_encabezado_6=\u201d#088b8c\u201d tama\u00f1o_fuente_encabezado_6=\u201d16px\u201d espaciado_letras_encabezado_6=\u201d2px\u201d altura_l\u00ednea_encabezado_6=\u201d1.5em\u201d dise\u00f1o_fondo=\u201doscuro\u201d ancho_m\u00e1ximo=\u201d1217px\u201d margen_personalizado=\u201d-7px||-30px||falso|falso\u201d relleno_personalizado=\u201d||0px||falso|falso\u201d tama\u00f1o_fuente_encabezado_2_tableta=\u201d\u201d tama\u00f1o_fuente_encabezado_2_tel\u00e9fono=\u201d24px\u201d tama\u00f1o_fuente_encabezado_2_\u00faltima_edici\u00f3n=\u201dactivado|tel\u00e9fono\u201d bloqueado=\u201ddesactivado\u201d informaci\u00f3n_colores_globales=\u201d{}\u201d]<\/p>\n<blockquote>\n<h2><strong>Desarrollo de Nuevos Productos Farmac\u00e9uticos: Servicios Integrales y Personalizadosc<\/strong><\/h2>\n<\/blockquote>\n<p>[\/et_pb_text][et_pb_text _builder_version=\u201d4.27.0\u2033 _module_preset=\u201ddefault\u201d custom_margin=\u201d|||30px|false|false\u201d custom_margin_tablet=\u201d|||30px|false|false\u201d custom_margin_phone=\u201d50px|||0px|false|false\u201d custom_margin_last_edited=\u201don|phone\u201d custom_padding_tablet=\u201d\u201d custom_padding_phone=\u201d\u201d custom_padding_last_edited=\u201don|phone\u201d global_colors_info=\u201d{}\u201d]<\/p>\n<p>En\u00a0<strong>Nuestro equipo en Pharmaceutical Innovation Services, S.L.<\/strong>entendemos que\u00a0<strong>desarrollo de nuevos productos farmac\u00e9uticos<\/strong>\u00a0es esencial para mantener la competitividad en el actual din\u00e1mico mercado farmac\u00e9utico. La innovaci\u00f3n, el dise\u00f1o y el desarrollo de productos no solo son necesarios, sino que tambi\u00e9n son claves para el \u00e9xito a largo plazo en la industria farmac\u00e9utica. Ofrecemos una gama completa de servicios dise\u00f1ados para brindarle apoyo en cada etapa del proceso de desarrollo y fabricaci\u00f3n, garantizando que su producto cumpla con los m\u00e1s altos est\u00e1ndares de estabilidad y caracter\u00edsticas industriales.<\/p>\n<p>[\/et_pb_text][\/et_pb_column][\/et_pb_row][et_pb_row _builder_version=\u201d4.27.0\u2033 _module_preset=\u201dpredeterminado\u201d width_tablet=\u201d\u201d width_phone=\u201d\u201d width_last_edited=\u201den|escritorio\u201d max_width=\u201d1200px\u201d max_width_tablet=\u201d1200px\u201d max_width_phone=\u201d1200px\u201d max_width_last_edited=\u201den|escritorio\u201d global_colors_info=\u201d{}\u201d][et_pb_column type=\u201d4_4\u2033 _builder_version=\u201d4.27.0\u2033 _module_preset=\u201dpredeterminado\u201d global_colors_info=\u201d{}\u201d][et_pb_video src_webm=\u201dhttps:\/\/pharmaceuticalinnovation.es\/wp-content\/uploads\/2022\/09\/NUEVOS-PRODUCTOS-DESARROLLO-AREA-1.mov\u201d _builder_version=\u201d4.27.4\u2033 _module_preset=\u201ddefault\u201d width=\u201d40%\u201d custom_css_free_form=\u201dselector{|| float:right;||}\u201d global_colors_info=\u201d{}\u201d][\/et_pb_video][et_pb_text _builder_version=\u201d4.27.4\u2033 _module_preset=\u201ddefault\u201d width=\u201d100%\u201d custom_padding=\u201d|||31px||\u201d hover_enabled=\u201d0\u2033 global_colors_info=\u201d{}\u201d sticky_enabled=\u201d0\u2033]<\/p>\n<h2><b>Apoyo Integral Durante Todo el Proceso de Desarrollo<\/b><\/h2>\n<p>Nuestro equipo multidisciplinario estar\u00e1 a su lado desde el inicio hasta la fabricaci\u00f3n final, d\u00e1ndole el apoyo necesario en cada fase del desarrollo de nuevos productos farmac\u00e9uticos. Nos centramos en ofrecer soluciones a medida, adaptadas a las especificaciones t\u00e9cnicas y retos comerciales de su proyecto. Esto incluye desde la selecci\u00f3n y cualificaci\u00f3n de proveedores hasta la definici\u00f3n de la mejor estrategia regulatoria para asegurar el \u00e9xito a nivel comercial.<\/p>\n<h2><b>Selecci\u00f3n y Cualificaci\u00f3n de Proveedores<\/b><\/h2>\n<p>Una parte crucial del\u00a0desarrollo de nuevos productos farmac\u00e9uticos es la\u00a0selecci\u00f3n y cualificaci\u00f3n de proveedores clave, como el fabricante de API (ingrediente farmac\u00e9utico activo), CDMO (organizaciones de desarrollo y fabricaci\u00f3n por contrato) y CRO (organizaciones de investigaci\u00f3n por contrato). Contar con los socios adecuados es vital para garantizar la calidad del producto final y en Pharmaceutical Innovation Services, S.L., nos aseguramos de que cada proveedor cumpla con los est\u00e1ndares m\u00e1s altos.<\/p>\n<p><span style=\"font-weight: 400;\"><\/span><\/p>\n<h2><b>Estrategia de Financiaci\u00f3n y Alianzas<\/b><\/h2>\n<p>La obtenci\u00f3n de financiaci\u00f3n y la formaci\u00f3n de alianzas estrat\u00e9gicas son pasos esenciales para el desarrollo exitoso de nuevos productos farmac\u00e9uticos. En\u00a0Pharmaceutical Innovation Services, S.L., le ayudamos a identificar las mejores oportunidades de financiaci\u00f3n y le apoyamos en la creaci\u00f3n de alianzas que puedan impulsar su proyecto. Entendemos que un respaldo financiero s\u00f3lido es tan importante como la innovaci\u00f3n t\u00e9cnica y estamos aqu\u00ed para ayudarle a lograrlo.<\/p>\n<p><span style=\"font-weight: 400;\"><\/span><\/p>\n<h2><b>Estrategia Regulatoria y Soporte en  I+D<\/b><\/h2>\n<p>Una vez que el proyecto est\u00e1 en marcha, es crucial definir una\u00a0estrategia regulatoria\u00a0que le permita a su producto acceder al mercado sin problemas. Nuestro equipo lo guiar\u00e1 en la creaci\u00f3n de una estrategia que cumpla con todas las regulaciones aplicables, asegurando un proceso de aprobaci\u00f3n eficiente y sin complicaciones. Adem\u00e1s, brindamos apoyo en la\u00a0formulaci\u00f3n y desarrollo de m\u00e9todos anal\u00edticos, as\u00ed como en\u00a0investigaci\u00f3n y desarrollo (I+D), realizando an\u00e1lisis de viabilidad t\u00e9cnica y an\u00e1lisis de riesgos para garantizar que su producto no solo sea viable, sino tambi\u00e9n exitoso.<\/p>\n<p><span style=\"font-weight: 400;\"><\/span><\/p>\n<h2><b>Auditor\u00edas y Gesti\u00f3n de Proyectos<\/b><\/h2>\n<p>Estamos comprometidos a ofrecer una gesti\u00f3n integral de proyectos. Nos encargamos de la planificaci\u00f3n de actividades, la gesti\u00f3n de cronogramas, fabricaciones y las auditor\u00edas de proveedores, as\u00ed como de las evaluaciones del DMF (Drug Master File). Esto garantiza que cada fase del\u00a0desarrollo de nuevos productos farmac\u00e9uticos\u00a0se realize bajo estrictos controles de calidad, minimizando riesgos y optimizando resultados.<\/p>\n<p><span style=\"font-weight: 400;\"><\/span><\/p>\n<h2><b>Soporte Gal\u00e9nico y Anal\u00edtico<\/b><\/h2>\n<p class=\"p1 translation-block\">Por \u00faltimo, ofrecemos\u00a0soporte gal\u00e9nico y anal\u00edtico\u00a0durante toda la fase de desarrollo, incluida la revisi\u00f3n de protocolos y la elaboraci\u00f3n de informes. Nuestro objetivo es garantizar que su producto no solo cumpla con los requisitos t\u00e9cnicos, sino que tambi\u00e9n est\u00e9 optimizado para obtener \u00e9xito comercial.<\/p>\n<p><span style=\"font-weight: 400;\"><\/span><\/p>\n<p><span style=\"font-weight: 400;\"><\/span><\/p>\n<h2><strong>\u00bfC\u00f3mo puede Pharmaceutical Innovation Services, S.L. ayudarle a desarrollar con \u00e9xito productos farmac\u00e9uticos innovadores?<\/strong><\/h2>\n<p><span style=\"font-weight: 400;\"><\/span><\/p>\n<p>En\u00a0<strong>Servicios de Innovaci\u00f3n Farmac\u00e9utica<\/strong>En\u00a0Pharmaceutical Innovation Services, S.L., nuestro compromiso es ayudarle a comercializar productos farmac\u00e9uticos innovadores y de alta calidad. Con un enfoque integral y personalizado, lo acompa\u00f1amos en cada paso del proceso del\u00a0desarrollo de su nuevo producto farmac\u00e9utico, garantizando que su proyecto se convierta en un \u00e9xito tangible y duradero.\u00a0<strong>desarrollo de nuevos productos farmac\u00e9uticos<\/strong>, garantizando que su proyecto se convierta en un \u00e9xito tangible y duradero.<\/p>\n<p><span style=\"font-weight: 400;\"><\/span>[\/et_pb_text][\/et_pb_column][\/et_pb_row][\/et_pb_section][et_pb_section fb_built=\u201d1\u2033 admin_label=\u201dContacto\u201d _builder_version=\u201d4.27.3\u2033 background_color=\u201d#f4f4f4\u2033 custom_margin=\u201d-11px||||false|false\u201d locking=\u201doff\u201d collapsed=\u201doff\u201d global_colors_info=\u201d{}\u201d][et_pb_row _builder_version=\u201d4.16\u2033 custom_width_px=\u201d710px\u201d locking=\u201doff\u201d global_colors_info=\u201d{}\u201d][et_pb_column type=\u201d4_4\u2033 _builder_version=\u201d4.16\u2033 background_position=\u201dtop_left\u201d custom_padding=\u201d|||\u201d global_colors_info=\u201d{}\u201d custom_padding__hover=\u201d|||\u201d][et_pb_divider color=\u201d#4e5ed0\u2033 divider_weight=\u201d3px\u201d disabled_on=\u201doff|off|off\u201d _builder_version=\u201d4.27.3\u2033 background_color_gradient_direction=\u201d90deg\u201d max_width=\u201d100px\u201d module_alignment=\u201dcenter\u201d height=\u201d5px\u201d custom_margin=\u201d-21px||20px||false|false\u201d custom_padding=\u201d||20px|\u201d Estilo_animaci\u00f3n=\u201ddiapositiva\u201d Direcci\u00f3n_animaci\u00f3n=\u201dinferior\u201d Pesta\u00f1as_guardadas=\u201dtodas\u201d Bloqueado=\u201ddesactivado\u201d Informaci\u00f3n_global_colores=\u201d{}\u201d][\/et_pb_divider][et_pb_texto Etiqueta_administraci\u00f3n=\u201dT\u00edtulo_secci\u00f3n_contacto\u201d Versi\u00f3n_constructor=\u201d4.27.4\u2033 Fuente_encabezado=\u201dMontserrat||||\u201d Color_texto_encabezado=\u201d#1f1f1f\u201d Tama\u00f1o_fuente_encabezado=\u201d36px\u201d Tama\u00f1o_fuente_encabezado_3=\u201d36px\u201d Orientaci\u00f3n_texto=\u201dcentro\u201d Ancho_m\u00e1ximo=\u201d710px\u201d Alineaci\u00f3n_m\u00f3dulo=\u201dcentro\u201d Estilo_animaci\u00f3n=\u201dplegar\u201d Direcci\u00f3n_animaci\u00f3n=\u201dinferior\u201d Intensidad_animaci\u00f3n_plegar=\u201d20%\u201d Informaci\u00f3n_global_colores=\u201d{}\u201d]<\/p>\n<h3>Contacte con nosotros<\/h3>\n<p>[\/et_pb_text][et_pb_text admin_label=\u201dSubt\u00edtulo de la secci\u00f3n de contacto\u201d _builder_version=\u201d4.16\u2033 text_font_size=\u201d16px\u201d text_line_height=\u201d1.9em\u201d text_orientation=\u201dcenter\u201d max_width=\u201d710px\u201d module_alignment=\u201dcenter\u201d Animation_style=\u201dfold\u201d Animation_direction =\u201dabajo\u201d Animation_intensity_fold =\u201d20%\u201d global_colors_info =\u201d{}\u201d]<\/p>\n<div id=\"form_1554889784645_360178_introtext\">Si est\u00e1 interesado en contactar con nosotros, por favor rellene el siguiente formulario y le responderemos en la mayor brevedad.<\/div>\n<div class=\"clearFloating\"><\/div>\n<div id=\"widgetcontainer_ARSPRO_cm4all_com_widgets_Formular_9274512\" class=\"cm_widget_block      cm_widget cm4all_com_widgets_Formular cm_widget_block_center cm-pixel-large cm-pixel-xlarge\">\n<div class=\"cm_widget_anchor\"><a name=\"ARSPRO_cm4all_com_widgets_Formular_9274512\" id=\"widgetanchor_ARSPRO_cm4all_com_widgets_Formular_9274512\"><\/a><\/div>\n<\/div>\n<p>[\/et_pb_text][\/et_pb_column][\/et_pb_row][et_pb_row _builder_version=&#8221;4.27.3&#8243; max_width=&#8221;900px&#8221; use_custom_width=&#8221;on&#8221; custom_width_px=&#8221;900px&#8221; collapsed=&#8221;off&#8221; global_colors_info=&#8221;{}&#8221;][et_pb_column type=&#8221;4_4&#8243; _builder_version=&#8221;4.16&#8243; custom_padding=&#8221;|||&#8221; global_colors_info=&#8221;{}&#8221; custom_padding__hover=&#8221;|||&#8221;][et_pb_contact_form use_spam_service=&#8221;on&#8221; recaptcha_list=&#8221;wwwpharmaceuticalinnovationes-0&#8243; email=&#8221;info@&#8221; submit_button_text=&#8221;Send&#8221; _builder_version=&#8221;4.27.4&#8243; _module_preset=&#8221;default&#8221; _unique_id=&#8221;a56346f4-3903-49bf-aed7-9bb9b716ccb3&#8243; custom_button=&#8221;on&#8221; button_text_color=&#8221;#8300E9&#8243; global_colors_info=&#8221;{}&#8221;][et_pb_contact_field field_id=&#8221;Name&#8221; field_title=&#8221;Name&#8221; _builder_version=&#8221;4.24.0&#8243; global_colors_info=&#8221;{}&#8221; button_text_size__hover_enabled=&#8221;off&#8221; button_one_text_size__hover_enabled=&#8221;off&#8221; button_two_text_size__hover_enabled=&#8221;off&#8221; button_text_color__hover_enabled=&#8221;off&#8221; button_one_text_color__hover_enabled=&#8221;off&#8221; button_two_text_color__hover_enabled=&#8221;off&#8221; button_border_width__hover_enabled=&#8221;off&#8221; button_one_border_width__hover_enabled=&#8221;off&#8221; button_two_border_width__hover_enabled=&#8221;off&#8221; button_border_color__hover_enabled=&#8221;off&#8221; button_one_border_color__hover_enabled=&#8221;off&#8221; button_two_border_color__hover_enabled=&#8221;off&#8221; button_border_radius__hover_enabled=&#8221;off&#8221; button_one_border_radius__hover_enabled=&#8221;off&#8221; button_two_border_radius__hover_enabled=&#8221;off&#8221; button_letter_spacing__hover_enabled=&#8221;off&#8221; button_one_letter_spacing__hover_enabled=&#8221;off&#8221; button_two_letter_spacing__hover_enabled=&#8221;off&#8221; button_bg_color__hover_enabled=&#8221;off&#8221; button_one_bg_color__hover_enabled=&#8221;off&#8221; button_two_bg_color__hover_enabled=&#8221;off&#8221;][\/et_pb_contact_field][et_pb_contact_field field_id=&#8221;Phone&#8221; field_title=&#8221;Phone&#8221; _builder_version=&#8221;4.24.0&#8243; global_colors_info=&#8221;{}&#8221; button_text_size__hover_enabled=&#8221;off&#8221; button_one_text_size__hover_enabled=&#8221;off&#8221; button_two_text_size__hover_enabled=&#8221;off&#8221; button_text_color__hover_enabled=&#8221;off&#8221; button_one_text_color__hover_enabled=&#8221;off&#8221; button_two_text_color__hover_enabled=&#8221;off&#8221; button_border_width__hover_enabled=&#8221;off&#8221; button_one_border_width__hover_enabled=&#8221;off&#8221; button_two_border_width__hover_enabled=&#8221;off&#8221; button_border_color__hover_enabled=&#8221;off&#8221; button_one_border_color__hover_enabled=&#8221;off&#8221; button_two_border_color__hover_enabled=&#8221;off&#8221; button_border_radius__hover_enabled=&#8221;off&#8221; button_one_border_radius__hover_enabled=&#8221;off&#8221; button_two_border_radius__hover_enabled=&#8221;off&#8221; button_letter_spacing__hover_enabled=&#8221;off&#8221; button_one_letter_spacing__hover_enabled=&#8221;off&#8221; button_two_letter_spacing__hover_enabled=&#8221;off&#8221; button_bg_color__hover_enabled=&#8221;off&#8221; button_one_bg_color__hover_enabled=&#8221;off&#8221; button_two_bg_color__hover_enabled=&#8221;off&#8221;][\/et_pb_contact_field][et_pb_contact_field field_id=&#8221;Email&#8221; field_title=&#8221;Email Address&#8221; field_type=&#8221;email&#8221; fullwidth_field=&#8221;on&#8221; _builder_version=&#8221;4.24.0&#8243; global_colors_info=&#8221;{}&#8221; button_text_size__hover_enabled=&#8221;off&#8221; button_one_text_size__hover_enabled=&#8221;off&#8221; button_two_text_size__hover_enabled=&#8221;off&#8221; button_text_color__hover_enabled=&#8221;off&#8221; button_one_text_color__hover_enabled=&#8221;off&#8221; button_two_text_color__hover_enabled=&#8221;off&#8221; button_border_width__hover_enabled=&#8221;off&#8221; button_one_border_width__hover_enabled=&#8221;off&#8221; button_two_border_width__hover_enabled=&#8221;off&#8221; button_border_color__hover_enabled=&#8221;off&#8221; button_one_border_color__hover_enabled=&#8221;off&#8221; button_two_border_color__hover_enabled=&#8221;off&#8221; button_border_radius__hover_enabled=&#8221;off&#8221; button_one_border_radius__hover_enabled=&#8221;off&#8221; button_two_border_radius__hover_enabled=&#8221;off&#8221; button_letter_spacing__hover_enabled=&#8221;off&#8221; button_one_letter_spacing__hover_enabled=&#8221;off&#8221; button_two_letter_spacing__hover_enabled=&#8221;off&#8221; button_bg_color__hover_enabled=&#8221;off&#8221; button_one_bg_color__hover_enabled=&#8221;off&#8221; button_two_bg_color__hover_enabled=&#8221;off&#8221;][\/et_pb_contact_field][et_pb_contact_field field_id=&#8221;Message&#8221; field_title=&#8221;Message&#8221; field_type=&#8221;text&#8221; fullwidth_field=&#8221;on&#8221; _builder_version=&#8221;4.16&#8243; global_colors_info=&#8221;{}&#8221; button_text_size__hover_enabled=&#8221;off&#8221; button_one_text_size__hover_enabled=&#8221;off&#8221; button_two_text_size__hover_enabled=&#8221;off&#8221; button_text_color__hover_enabled=&#8221;off&#8221; button_one_text_color__hover_enabled=&#8221;off&#8221; button_two_text_color__hover_enabled=&#8221;off&#8221; button_border_width__hover_enabled=&#8221;off&#8221; button_one_border_width__hover_enabled=&#8221;off&#8221; button_two_border_width__hover_enabled=&#8221;off&#8221; button_border_color__hover_enabled=&#8221;off&#8221; button_one_border_color__hover_enabled=&#8221;off&#8221; button_two_border_color__hover_enabled=&#8221;off&#8221; button_border_radius__hover_enabled=&#8221;off&#8221; button_one_border_radius__hover_enabled=&#8221;off&#8221; button_two_border_radius__hover_enabled=&#8221;off&#8221; button_letter_spacing__hover_enabled=&#8221;off&#8221; button_one_letter_spacing__hover_enabled=&#8221;off&#8221; button_two_letter_spacing__hover_enabled=&#8221;off&#8221; button_bg_color__hover_enabled=&#8221;off&#8221; button_one_bg_color__hover_enabled=&#8221;off&#8221; button_two_bg_color__hover_enabled=&#8221;off&#8221;][\/et_pb_contact_field][et_pb_contact_field field_id=&#8221;Accept_the_privacy_policy&#8221; field_title=&#8221;I have read and agreed to the&#8221; field_type=&#8221;checkbox&#8221; checkbox_options=&#8221;%91{%22value%22:%22Privacy policy%22,%22checked%22:0,%22dragID%22:-1}%93&#8243; fullwidth_field=&#8221;on&#8221; _builder_version=&#8221;4.24.0&#8243; _module_preset=&#8221;default&#8221; global_colors_info=&#8221;{}&#8221;][\/et_pb_contact_field][\/et_pb_contact_form][\/et_pb_column][\/et_pb_row][\/et_pb_section]<\/p>","protected":false},"excerpt":{"rendered":"<p>Desarrollo Farmac\u00e9utico, Regulatory Affairs, Servicios de Aseguramiento de Calidad y Farmacovigilancia. Desarrollo de Nuevos Productos Farmac\u00e9uticos. Le apoyamos en el desarrollo de nuevos productos farmac\u00e9uticos, convirtiendo sus ideas en soluciones listas para el mercado. Desarrollo de Nuevos Productos Farmac\u00e9uticos: Servicios Integrales y Personalizados. En Pharmaceutical Innovation Services, SL, entendemos que el desarrollo de nuevos productos farmac\u00e9uticos es esencial para mantener la competitividad en el din\u00e1mico mercado farmac\u00e9utico actual. [\u2026]<\/p>","protected":false},"author":1,"featured_media":0,"parent":0,"menu_order":0,"comment_status":"closed","ping_status":"closed","template":"","meta":{"_et_pb_use_builder":"on","_et_pb_old_content":"","_et_gb_content_width":"","footnotes":""},"class_list":["post-1306","page","type-page","status-publish","hentry"],"_links":{"self":[{"href":"https:\/\/pharmaceuticalinnovation.es\/es\/wp-json\/wp\/v2\/pages\/1306","targetHints":{"allow":["GET"]}}],"collection":[{"href":"https:\/\/pharmaceuticalinnovation.es\/es\/wp-json\/wp\/v2\/pages"}],"about":[{"href":"https:\/\/pharmaceuticalinnovation.es\/es\/wp-json\/wp\/v2\/types\/page"}],"author":[{"embeddable":true,"href":"https:\/\/pharmaceuticalinnovation.es\/es\/wp-json\/wp\/v2\/users\/1"}],"replies":[{"embeddable":true,"href":"https:\/\/pharmaceuticalinnovation.es\/es\/wp-json\/wp\/v2\/comments?post=1306"}],"version-history":[{"count":21,"href":"https:\/\/pharmaceuticalinnovation.es\/es\/wp-json\/wp\/v2\/pages\/1306\/revisions"}],"predecessor-version":[{"id":1751,"href":"https:\/\/pharmaceuticalinnovation.es\/es\/wp-json\/wp\/v2\/pages\/1306\/revisions\/1751"}],"wp:attachment":[{"href":"https:\/\/pharmaceuticalinnovation.es\/es\/wp-json\/wp\/v2\/media?parent=1306"}],"curies":[{"name":"Gracias","href":"https:\/\/api.w.org\/{rel}","templated":true}]}}