{"id":1249,"date":"2024-08-16T07:00:32","date_gmt":"2024-08-16T06:00:32","guid":{"rendered":"https:\/?page_id=1249"},"modified":"2025-08-13T12:49:50","modified_gmt":"2025-08-13T11:49:50","slug":"innovacion-en-el-desarrollo-de-farmacos","status":"publish","type":"page","link":"https:\/\/pharmaceuticalinnovation.es\/es\/innovacion-en-el-desarrollo-de-farmacos\/","title":{"rendered":"Innovaci\u00f3n"},"content":{"rendered":"[et_pb_section fb_built=\u201d1\u2033 custom_padding_last_edited=\u201don|tablet\u201d admin_label=\u201dHero\u201d _builder_version=\u201d4.27.4\u2033 background_enable_color=\u201doff\u201d use_background_color_gradient=\u201don\u201d background_color_gradient_type=\u201dcircular\u201d background_color_gradient_direction_radial=\u201dabajo a la izquierda\u201d background_color_gradient_stops=\u201d#8c1d6c 0%|rgba(10,10,10,0) 100%\u201d background_color_gradient_overlays_image=\u201don\u201d background_color_gradient_start=\u201d#af00a1\u2033 background_color_gradient_end=\u201drgba(10,10,10,0)\u201d background_image=\u201d\/\/\/wp-content\/uploads\/2022\/04\/woman-scientist-preparing-samples-with-blood-scaled.jpg\u201d background_enable_video_mp4=\u201doff\u201d height=\u201d430px\u201d custom_padding=\u201d0px|0px|0px|0px|false|false\u201d custom_padding_tablet=\u201d50px||50px||true\u201d custom_padding_phone=\u201d|||\u201d estilo_divisor_inferior=\u201dasim\u00e9trico2\u2033 color_divisor_inferior=\u201d#FFFFFF\u201d altura_divisor_inferior=\u201d50px\u201d volteo_divisor_inferior=\u201dhorizontal\u201d disposici\u00f3n_divisor_inferior=\u201dpor_encima_del_contenido\u201d altura_divisor_inferior_tableta=\u201d90px\u201d altura_divisor_inferior_tel\u00e9fono=\u201d80px\u201d contra\u00eddo=\u201dactivado\u201d informaci\u00f3n_global_colores=\u201d{}\u201d][et_pb_row estructura_columna=\u201d2_3,1_3\u2033 _builder_version=\u201d4.27.0\u2033 margen_personalizado=\u201d||10px||falso|falso\u201d relleno_personalizado=\u201d100px||10px||falso|falso\u201d ancho_personalizado_px=\u201d1280px\u201d informaci\u00f3n_global_colores=\u201d{}\u201d][et_pb_column tipo=\u201d2_3\u2033 _builder_version=\u201d4.16\u2033 custom_padding=\u201d|||\u201d global_colors_info=\u201d{}\u201d custom_padding__hover=\u201d|||\u201d][et_pb_text _builder_version=\u201d4.27.0\u2033 text_font=\u201dMontserrat||||||||\u201d text_text_color=\u201drgba(255,255,255,0.7)\u201d text_font_size=\u201d20px\u201d text_line_height=\u201d1.4em\u201d header_font=\u201dMontserrat|700|||||||\u201d header_font_size=\u201d44px\u201d header_line_height=\u201d1.4em\u201d header_6_font=\u201dMontserrat|600||on|||||\u201d color_texto_encabezado_6=\u201drgba(255,255,255,0.7)\u201d tama\u00f1o_fuente_encabezado_6=\u201d16px\u201d espaciado_letras_encabezado_6=\u201d2px\u201d altura_l\u00ednea_encabezado_6=\u201d1.5em\u201d dise\u00f1o_fondo=\u201doscuro\u201d ancho_m\u00e1ximo=\u201d780px\u201d margen_personalizado=\u201d|-52px|||falso|falso\u201d relleno_personalizado=\u201d||||falso|falso\u201d tama\u00f1o_fuente_texto_tableta=\u201d tama\u00f1o_fuente_texto_tel\u00e9fono=\u201d15px\u201d tama\u00f1o_fuente_texto_\u00faltima_edici\u00f3n=\u201don|phone\u201d tama\u00f1o_fuente_encabezado_tableta=\u201d tama\u00f1o_fuente_texto_tel\u00e9fono=\u201d28px\u201d tama\u00f1o_fuente_encabezado_\u00faltima_edici\u00f3n=\u201don|phone\u201d informaci\u00f3n_colores_globales=\u201d{}\u201d]<h1>Innovaci\u00f3n en el desarrollo de f\u00e1rmacos<\/h1>[\/et_pb_text][\/et_pb_column][et_pb_column tipo=\u201d1_3\u2033 _builder_version=\u201d4.16\u2033 relleno_personalizado=\u201d|||\u201d Informaci\u00f3n de colores globales = &quot;{}&quot; relleno_personalizado__hover = &quot;|||&quot;][\/et_pb_column][\/et_pb_row][et_pb_row _builder_version = &quot;4.27.4&quot; _module_preset = &quot;predeterminado&quot;][et_pb_column _builder_version = &quot;4.27.4&quot; _module_preset = &quot;predeterminado&quot; type = &quot;4_4&quot;][et_pb_text _builder_version = &quot;4.27.4&quot; _module_preset = &quot;predeterminado&quot; text_text_color = &quot;#FFFFFF&quot; text_font_size = &quot;20px&quot; hover_enabled = &quot;0&quot; sticky_enabled = &quot;0&quot; custom_margin = &quot;|280px||||&quot;]<p>En Pharmaceutical Innovation, somos l\u00edderes en innovaci\u00f3n en el desarrollo de medicamentos, creando soluciones personalizadas que aceleran el tiempo de comercializaci\u00f3n y garantizan el \u00e9xito regulatorio.<\/p>[\/et_pb_text][\/et_pb_column][\/et_pb_row][\/et_pb_section][et_pb_section fb_built=\u201d1\u2033 admin_label=\u201dAcerca de\u201d _builder_version=\u201d4.19.0\u2033 collapsed=\u201don\u201d global_colors_info=\u201d{}\u201d][et_pb_row estructura_columna=\u201d1_2,1_2\u2033 _builder_version=\u201d4.16\u2033 margen_personalizado=\u201d||0px||false|false\u201d relleno_personalizado=\u201d||0px||false|false\u201d global_colors_info=\u201d{}\u201d][et_pb_column tipo=\u201d1_2\u2033 _builder_version=\u201d4.16\u2033 relleno_personalizado=\u201d|||\u201d global_colors_info=\u201d{}\u201d custom_padding__hover=\u201d|||\u201d][et_pb_text quote_border_color=\u201d#8c1d6c\u201d _builder_version=\u201d4.27.4\u2033 text_font=\u201dMontserrat||||||||\u201d text_font_size=\u201d16px\u201d text_line_height=\u201d1.8em\u201d link_font=\u201dMontserrat|700|||||||\u201d link_text_color=\u201d#fa546d\u201d link_font_size=\u201d22px\u201d link_line_height=\u201d1.5em\u201d header_font=\u201d||||||||\u00bb header_2_font=\u201dMontserrat|700|||||||\u201d tama\u00f1o de fuente del encabezado 2 = 40 px; altura de l\u00ednea del encabezado 2 = 1.4 em; fuente del encabezado 6 = Montserrat | 600 | activado | color del texto del encabezado 6 = #088b8c; tama\u00f1o de fuente del encabezado 6 = 16 px; espaciado entre letras del encabezado 6 = 2 px; altura de l\u00ednea del encabezado 6 = 1.5 em; ancho m\u00e1ximo = 100%; \u00faltimo ancho m\u00e1ximo de edici\u00f3n = apagado | escritorio; alineaci\u00f3n del m\u00f3dulo = izquierda; margen personalizado = | relleno personalizado = 0 px | 0 px | tama\u00f1o de fuente del encabezado 2 para tableta = 24 px; \u00faltimo tama\u00f1o de fuente del encabezado 2 para tel\u00e9fono = activado | informaci\u00f3n de colores globales = {}]<blockquote>\n<div style=\"text-align: left;\">Participamos en la exploraci\u00f3n de nuevas indicaciones para mol\u00e9culas con el objetivo de desarrollar terapias innovadoras que mejoren la atenci\u00f3n m\u00e9dica de los pacientes y aborden necesidades m\u00e9dicas no cubiertas. Nuestro compromiso con la innovaci\u00f3n en el desarrollo de f\u00e1rmacos nos impulsa a identificar enfoques novedosos y a acelerar la creaci\u00f3n de tratamientos avanzados. Actualmente, Pharmaceutical Innovation Services, SL patrocina dos proyectos pioneros centrados en la investigaci\u00f3n de nuevas mol\u00e9culas para el tratamiento de afecciones sin terapias efectivas, como la lesi\u00f3n medular, la fatiga post-COVID y ciertos s\u00edntomas de la enfermedad de Parkinson.\u00a0<\/div>\n<\/blockquote>[\/et_pb_text][\/et_pb_column][et_pb_column tipo=\u201d1_2\u2033 _builder_version=\u201d4.16\u2033 relleno_personalizado=\u201d|||\u201d global_colors_info=\u201d{}\u201d custom_padding__hover=\u201d|||\u201d][et_pb_video src_webm=\u201dhttps:\/\/pharmaceuticalinnovation.es\/wp-content\/uploads\/2022\/09\/technology-transfer-1.mov\u201d _builder_version=\u201d4.27.4\u2033 _module_preset=\u201ddefault\u201d global_colors_info=\u201d{}\u201d][\/et_pb_video][\/et_pb_column][\/et_pb_row][et_pb_row _builder_version=\u201d4.27.4\u2033 _module_preset=\u201ddefault\u201d min_height=\u201d154px\u201d custom_margin=\u201d|auto|-41px|auto||\u201d hover_enabled=\u201d0\u2033 sticky_enabled=\u201d0\u2033][et_pb_column _builder_version=\u201d4.27.4\u2033 _module_preset=\u201ddefault\u201d type=\u201d4_4\u2033][et_pb_text _builder_version=\u201d4.27.4\u2033 _module_preset=\u201ddefault\u201d quote_border_color=\u201d#8c1d6c\u201d text_font=\u201dMontserrat||||||||\u201d text_font_size=\u201d16px\u201d text_line_height=\u201d1.8em\u201d link_font=\u201dMontserrat|700|||||||\u201d link_text_color=\u201d#fa546d\u201d link_font_size=\u201d22px\u201d link_line_height=\u201d1.5em\u201d header_font=\u201d||||||||\u201d header_2_font=\u201dMontserrat|700|||||||\u201d header_2_font_size=\u201d40px\u201d header_2_font_size_phone=\u201d24px\u201d header_2_font_size_last_edited=\u201don|phone\u201d header_2_line_height=\u201d1.4em\u201d header_6_font=\u201dMontserrat|600||on|||||\u201d header_6_text_color=\u201d#088b8c\u201d header_6_font_size=\u201d16px\u201d header_6_letter_spacing=\u201d2px\u201d header_6_line_height=\u201d1.5em\u201d max_width=\u201d100%\u201d module_alignment=\u201dleft\u201d custom_margin=\u201d|||\u201d custom_padding=\u201d|0px||||\u201d hover_enabled=\u201d0\u2033 sticky_enabled=\u201d0\u2033 header_2_font_size_tablet=\u201d40px\u201d]<div class=\"et_pb_text_inner\">\n<div data-shortcode-id=\"1.0.0.0-1755085617340\" data-quickaccess-editable=\"yes\" class=\"et-fb-popover-tinymce\">\n<div class=\"mce-content-body\" contenteditable=\"true\" style=\"position: relative;\">\n<blockquote>\n<div style=\"text-align: left;\">Estas iniciativas reflejan nuestra convicci\u00f3n de que la innovaci\u00f3n en el desarrollo de f\u00e1rmacos es esencial para brindar soluciones que transformen la vida de pacientes de todo el mundo. Colaboramos con empresas como Sinfatin y Golden Gait Biotech para llevar a cabo estos proyectos, combinando experiencia multidisciplinaria, excelencia cient\u00edfica y alianzas estrat\u00e9gicas para garantizar resultados exitosos. Al impulsar la innovaci\u00f3n en el desarrollo de f\u00e1rmacos, buscamos reducir el tiempo de comercializaci\u00f3n, cumplir con rigurosos est\u00e1ndares regulatorios y, en definitiva, transformar la atenci\u00f3n al paciente a escala global.<\/div>\n<\/blockquote>\n<\/div>\n<\/div>\n<\/div>\n<div class=\"et-fb-mousetrap et-fb-mousetrap--module et-fb-mousetrap-pointer\" style=\"background: rgba(76, 88, 102, 0.1); pointer-events: auto;\"><\/div>[\/et_pb_text][\/et_pb_column][\/et_pb_row][\/et_pb_section]","protected":false},"excerpt":{"rendered":"<p>Innovaci\u00f3n en el Desarrollo de F\u00e1rmacos. En Pharmaceutical Innovation, lideramos la innovaci\u00f3n en el desarrollo de f\u00e1rmacos, creando soluciones a medida que aceleran el tiempo de comercializaci\u00f3n y garantizan el \u00e9xito regulatorio. Participamos en la exploraci\u00f3n de nuevas indicaciones para mol\u00e9culas con el objetivo de desarrollar terapias innovadoras que mejoren la atenci\u00f3n m\u00e9dica del paciente y aborden necesidades m\u00e9dicas no cubiertas. Nuestro compromiso con la innovaci\u00f3n en [\u2026]<\/p>","protected":false},"author":1,"featured_media":0,"parent":0,"menu_order":0,"comment_status":"closed","ping_status":"closed","template":"","meta":{"_et_pb_use_builder":"on","_et_pb_old_content":"","_et_gb_content_width":"","footnotes":""},"class_list":["post-1249","page","type-page","status-publish","hentry"],"_links":{"self":[{"href":"https:\/\/pharmaceuticalinnovation.es\/es\/wp-json\/wp\/v2\/pages\/1249","targetHints":{"allow":["GET"]}}],"collection":[{"href":"https:\/\/pharmaceuticalinnovation.es\/es\/wp-json\/wp\/v2\/pages"}],"about":[{"href":"https:\/\/pharmaceuticalinnovation.es\/es\/wp-json\/wp\/v2\/types\/page"}],"author":[{"embeddable":true,"href":"https:\/\/pharmaceuticalinnovation.es\/es\/wp-json\/wp\/v2\/users\/1"}],"replies":[{"embeddable":true,"href":"https:\/\/pharmaceuticalinnovation.es\/es\/wp-json\/wp\/v2\/comments?post=1249"}],"version-history":[{"count":11,"href":"https:\/\/pharmaceuticalinnovation.es\/es\/wp-json\/wp\/v2\/pages\/1249\/revisions"}],"predecessor-version":[{"id":1682,"href":"https:\/\/pharmaceuticalinnovation.es\/es\/wp-json\/wp\/v2\/pages\/1249\/revisions\/1682"}],"wp:attachment":[{"href":"https:\/\/pharmaceuticalinnovation.es\/es\/wp-json\/wp\/v2\/media?parent=1249"}],"curies":[{"name":"Gracias","href":"https:\/\/api.w.org\/{rel}","templated":true}]}}